{"id":2973,"date":"2025-11-14T08:50:07","date_gmt":"2025-11-14T13:50:07","guid":{"rendered":"https:\/\/sites.bc.edu\/latin-commentary\/?page_id=2973"},"modified":"2025-12-12T20:42:23","modified_gmt":"2025-12-13T01:42:23","slug":"6-8","status":"publish","type":"page","link":"https:\/\/sites.bc.edu\/latin-commentary\/6-8\/","title":{"rendered":"6.8"},"content":{"rendered":"\n<figure class=\"wp-block-image alignfull size-large\"><img loading=\"lazy\" decoding=\"async\" width=\"1280\" height=\"85\" src=\"http:\/\/sites.bc.edu\/latin-commentary\/wp-content\/uploads\/sites\/201\/2023\/05\/academic-dept-default.jpeg\" alt=\"\" class=\"wp-image-2384\" srcset=\"https:\/\/sites.bc.edu\/latin-commentary\/wp-content\/uploads\/sites\/201\/2023\/05\/academic-dept-default.jpeg 1280w, https:\/\/sites.bc.edu\/latin-commentary\/wp-content\/uploads\/sites\/201\/2023\/05\/academic-dept-default-300x20.jpeg 300w, https:\/\/sites.bc.edu\/latin-commentary\/wp-content\/uploads\/sites\/201\/2023\/05\/academic-dept-default-1024x68.jpeg 1024w, https:\/\/sites.bc.edu\/latin-commentary\/wp-content\/uploads\/sites\/201\/2023\/05\/academic-dept-default-768x51.jpeg 768w\" sizes=\"auto, (max-width: 1280px) 100vw, 1280px\" \/><\/figure>\n\n\n\n<div style=\"height:63px\" aria-hidden=\"true\" class=\"wp-block-spacer mt-0\"><\/div>\n\n\n\n<h2 class=\"wp-block-heading has-text-align-left\">6.8<\/h2>\n\n\n\n<div class=\"wp-block-buttons is-content-justification-space-between is-nowrap is-layout-flex wp-container-core-buttons-is-layout-5924e470 wp-block-buttons-is-layout-flex\">\n<div class=\"wp-block-button is-style-outline is-style-outline--1\"><a class=\"wp-block-button__link has-ast-global-color-6-background-color has-background has-small-font-size has-custom-font-size wp-element-button\" href=\"https:\/\/sites.bc.edu\/latin-commentary\/6-7\/\" style=\"border-style:none;border-width:0px\">Previous<\/a><\/div>\n\n\n\n<div class=\"wp-block-button is-style-outline is-style-outline--2\"><a class=\"wp-block-button__link has-ast-global-color-6-background-color has-background has-small-font-size has-custom-font-size wp-element-button\" href=\"https:\/\/sites.bc.edu\/latin-commentary\/6-9\/\" style=\"border-style:none;border-width:0px\">Next<\/a><\/div>\n<\/div>\n\n\n\n<div style=\"height:34px\" aria-hidden=\"true\" class=\"wp-block-spacer\"><\/div>\n\n\n<style>.kb-row-layout-id2973_d4799b-12 > .kt-row-column-wrap{align-content:start;}:where(.kb-row-layout-id2973_d4799b-12 > .kt-row-column-wrap) > .wp-block-kadence-column{justify-content:start;}.kb-row-layout-id2973_d4799b-12 > .kt-row-column-wrap{column-gap:var(--global-kb-gap-md, 2rem);row-gap:var(--global-kb-gap-md, 2rem);padding-top:var(--global-kb-spacing-sm, 1.5rem);padding-bottom:var(--global-kb-spacing-sm, 1.5rem);grid-template-columns:minmax(0, calc(50% - ((var(--global-kb-gap-md, 2rem) * 1 )\/2)))minmax(0, calc(50% - ((var(--global-kb-gap-md, 2rem) * 1 )\/2)));}.kb-row-layout-id2973_d4799b-12 > .kt-row-layout-overlay{opacity:0.30;}@media all and (max-width: 1024px){.kb-row-layout-id2973_d4799b-12 > .kt-row-column-wrap{grid-template-columns:repeat(2, minmax(0, 1fr));}}@media all and (max-width: 767px){.kb-row-layout-id2973_d4799b-12 > .kt-row-column-wrap{grid-template-columns:minmax(0, 1fr);}}<\/style><div class=\"kb-row-layout-wrap kb-row-layout-id2973_d4799b-12 alignnone wp-block-kadence-rowlayout\"><div class=\"kt-row-column-wrap kt-has-2-columns kt-row-layout-equal kt-tab-layout-inherit kt-mobile-layout-row kt-row-valign-top\">\n<style>.kadence-column2973_48a539-a6 > .kt-inside-inner-col,.kadence-column2973_48a539-a6 > .kt-inside-inner-col:before{border-top-left-radius:0px;border-top-right-radius:0px;border-bottom-right-radius:0px;border-bottom-left-radius:0px;}.kadence-column2973_48a539-a6 > .kt-inside-inner-col{column-gap:var(--global-kb-gap-sm, 1rem);}.kadence-column2973_48a539-a6 > .kt-inside-inner-col{flex-direction:column;}.kadence-column2973_48a539-a6 > .kt-inside-inner-col > .aligncenter{width:100%;}.kadence-column2973_48a539-a6 > .kt-inside-inner-col:before{opacity:0.3;}.kadence-column2973_48a539-a6{position:relative;}@media all and (max-width: 1024px){.kadence-column2973_48a539-a6 > .kt-inside-inner-col{flex-direction:column;justify-content:center;}}@media all and (max-width: 767px){.kadence-column2973_48a539-a6 > .kt-inside-inner-col{flex-direction:column;justify-content:center;}}<\/style>\n<div class=\"wp-block-kadence-column kadence-column2973_48a539-a6\"><div class=\"kt-inside-inner-col\">\n<p class=\"has-medium-font-size\" style=\"margin-top:var(--wp--preset--spacing--60)\">[1] Nec Mercurius om\u012bsit obsequium. Nam per omnium \u014dra popul\u014drum passim discurr\u0113ns s\u012bc mand\u0101tae praedic\u0101ti\u014dnis m\u016bnus exsequ\u0113b\u0101tur: [2] \u201cS\u012b quis \u0101 fug\u0101 retrahere vel occultam d\u0113m\u014dnstr\u0101re poterit fugit\u012bvam r\u0113gis f\u012bliam, Veneris ancillam, n\u014dmine Ps\u0233ch\u0113n, conveniat retr\u014d m\u0113t\u0101s Murti\u0101s Mercurium praedic\u0101t\u014drem, [3] accept\u016brus indic\u012bvae n\u014dmine ab ips\u0101 Venere septem s\u0101via su\u0101via et \u016bnum blandientis adpuls\u016b linguae long\u0113 mell\u012btum.\u201d [4] Ad hunc modum pr\u014dn\u016bntiante Mercuri\u014d tant\u012b praemi\u012b cup\u012bd\u014d cert\u0101tim omnium mort\u0101lium studium adr\u0113xerat. Quae r\u0113s nunc vel maxim\u0113 sustulit Ps\u0233ch\u0113s omnem c\u016bnct\u0101ti\u014dnem. [5] Iamque for\u0113s e\u012b dominae proximant\u012b occurrit \u016bna d\u0113 famuliti\u014dne Veneris n\u014dmine C\u014dnsu\u0113t\u016bd\u014d statimque quantum maxim\u0113 potuit excl\u0101mat: [6] \u201cTandem, ancilla n\u0113quissima, dominam hab\u0113re t\u0113 sc\u012bre coepist\u012b? An pr\u014d c\u0113ter\u0101 m\u014drum tu\u014drum temerit\u0101te istud quoque nesc\u012bre t\u0113 fingis quant\u014ds lab\u014dr\u0113s circ\u0101 tu\u0101s inqu\u012bs\u012bti\u014dn\u0113s sustinuer\u012bmus? (7) Sed bene, quod me\u0101s potissimum man\u016bs incidist\u012b et inter Orc\u012b cancr\u014ds iam ips\u014ds haesist\u012b dat\u016bra sc\u012blicet \u0101ct\u016btum tantae contum\u0101ciae poen\u0101s,\u201d<\/p>\n<\/div><\/div>\n\n\n<style>.kadence-column2973_ef3cab-bd > .kt-inside-inner-col,.kadence-column2973_ef3cab-bd > .kt-inside-inner-col:before{border-top-left-radius:0px;border-top-right-radius:0px;border-bottom-right-radius:0px;border-bottom-left-radius:0px;}.kadence-column2973_ef3cab-bd > .kt-inside-inner-col{column-gap:var(--global-kb-gap-sm, 1rem);}.kadence-column2973_ef3cab-bd > .kt-inside-inner-col{flex-direction:column;}.kadence-column2973_ef3cab-bd > .kt-inside-inner-col > .aligncenter{width:100%;}.kadence-column2973_ef3cab-bd > .kt-inside-inner-col:before{opacity:0.3;}.kadence-column2973_ef3cab-bd{position:relative;}@media all and (max-width: 1024px){.kadence-column2973_ef3cab-bd > .kt-inside-inner-col{flex-direction:column;justify-content:center;}}@media all and (max-width: 767px){.kadence-column2973_ef3cab-bd > .kt-inside-inner-col{flex-direction:column;justify-content:center;}}<\/style>\n<div class=\"wp-block-kadence-column kadence-column2973_ef3cab-bd\"><div class=\"kt-inside-inner-col\"><div class=\"wp-block-ub-tabbed-content wp-block-ub-tabbed-content-holder wp-block-ub-tabbed-content-horizontal-holder-mobile wp-block-ub-tabbed-content-horizontal-holder-tablet\" id=\"ub-tabbed-content-f1691dd4-1510-4900-aec5-d4aec1843a1b\" style=\"\">\n\t\t\t<div class=\"wp-block-ub-tabbed-content-tab-holder horizontal-tab-width-mobile horizontal-tab-width-tablet\">\n\t\t\t\t<div role=\"tablist\" class=\"wp-block-ub-tabbed-content-tabs-title wp-block-ub-tabbed-content-tabs-title-mobile-horizontal-tab wp-block-ub-tabbed-content-tabs-title-tablet-horizontal-tab\" style=\"justify-content: flex-start; \"><div role=\"tab\" id=\"ub-tabbed-content-f1691dd4-1510-4900-aec5-d4aec1843a1b-tab-0\" aria-controls=\"ub-tabbed-content-f1691dd4-1510-4900-aec5-d4aec1843a1b-panel-0\" aria-selected=\"false\" class=\"wp-block-ub-tabbed-content-tab-title-wrap\" style=\"--ub-tabbed-active-title-color: inherit; --ub-tabbed-active-title-background-color: #eeeeee; text-align: left; \" tabindex=\"-1\">\n\t\t\t\t<div class=\"wp-block-ub-tabbed-content-tab-title\">Notes<\/div>\n\t\t\t<\/div><div role=\"tab\" id=\"ub-tabbed-content-f1691dd4-1510-4900-aec5-d4aec1843a1b-tab-1\" aria-controls=\"ub-tabbed-content-f1691dd4-1510-4900-aec5-d4aec1843a1b-panel-1\" aria-selected=\"false\" class=\"wp-block-ub-tabbed-content-tab-title-wrap\" style=\"--ub-tabbed-active-title-color: inherit; --ub-tabbed-active-title-background-color: #eeeeee; text-align: left; \" tabindex=\"-1\">\n\t\t\t\t<div class=\"wp-block-ub-tabbed-content-tab-title\">Vocabulary<\/div>\n\t\t\t<\/div><div role=\"tab\" id=\"ub-tabbed-content-f1691dd4-1510-4900-aec5-d4aec1843a1b-tab-2\" aria-controls=\"ub-tabbed-content-f1691dd4-1510-4900-aec5-d4aec1843a1b-panel-2\" aria-selected=\"true\" class=\"wp-block-ub-tabbed-content-tab-title-wrap active\" style=\"--ub-tabbed-title-background-color: #eeeeee; --ub-tabbed-active-title-color: inherit; --ub-tabbed-active-title-background-color: #eeeeee; text-align: left; \" tabindex=\"-1\">\n\t\t\t\t<div class=\"wp-block-ub-tabbed-content-tab-title\">Media<\/div>\n\t\t\t<\/div><\/div>\n\t\t\t<\/div>\n\t\t\t<div class=\"wp-block-ub-tabbed-content-tabs-content\" style=\"\"><div role=\"tabpanel\" class=\"wp-block-ub-tabbed-content-tab-content-wrap ub-hide\" id=\"ub-tabbed-content-f1691dd4-1510-4900-aec5-d4aec1843a1b-panel-0\" aria-labelledby=\"ub-tabbed-content-f1691dd4-1510-4900-aec5-d4aec1843a1b-tab-0\" tabindex=\"0\">\n\n<blockquote class=\"wp-block-quote is-layout-flow wp-block-quote-is-layout-flow\">\n<p><em><em><em><em><em><em><em><em><em>Mercury\u2019s search notice leads Venus\u2019 servant to capture Psyche, who is dragged back to face Venus\u2019 anger and impending punishment.<\/em><\/em><\/em><\/em><\/em><\/em><\/em><\/em><\/em><\/p>\n<\/blockquote>\n\n\n\n<p><strong>S\u012b quis: <\/strong><em>quis<\/em> = <em>aliquis.<\/em><\/p>\n\n\n\n<p><strong>m\u0113t\u0101s Murti\u0101s: <\/strong>\u201cthe Murtian turning posts.\u201d\u00a0The shrine of the goddess Murcia was incorporated in the Circus Maximus. There was also a tradition connecting Murcia to Venus (Kenney). Mercury is telling anyone with information to meet him at the Circus Maximus.\u00a0<\/p>\n\n\n\n<p><strong>accept\u016brus:<\/strong> \u201c(in which case) he will receive,\u201d i.e. the reward is conditional on turning Psyche in.<\/p>\n\n\n\n<p><strong>indic\u012bvae nomine:<\/strong> \u201cby way of reward\u201d (Kenney)<\/p>\n\n\n\n<p><strong>\u016bnum blandient\u012bs adpuls\u016b linguae long\u0113 mell\u012btum: <\/strong>\u201ca very honey-sweet one with the thrusting of (her) soothing tongue\u201d<\/p>\n\n\n\n<p><strong>Quae<\/strong>: a connecting relative referring to everything that just happened.<\/p>\n\n\n\n<p><strong>vel maxime: <\/strong>see <a href=\"https:\/\/sites.bc.edu\/latin-commentary\/5-28\/\">5.28.9<\/a><\/p>\n\n\n\n<p><strong>e\u012b\u2026proximant\u012b<\/strong>: <em>e\u012b<\/em> refers to Psyche; <em>occurrit <\/em>takes a dative object.<\/p>\n\n\n\n<p><strong>quantum maxim\u0113 potuit:<\/strong> see <a href=\"https:\/\/sites.bc.edu\/latin-commentary\/5-25\/\">5.25.1<\/a><\/p>\n\n\n\n<p><strong>pr\u014d<\/strong>: \u201cas one might expect from\u201d (Kenney)<\/p>\n\n\n\n<p><strong>fingis<\/strong>: here \u201cto pretend\u201d rather than \u201cto form.\u201d Governs the indirect question <em>quant\u014ds \u2026sustinuer\u012bmus<\/em>.<\/p>\n\n\n\n<p><strong>istud &amp; quant\u014ds:<\/strong> direct objects of <em>nesc\u012bre<\/em>. <em>quant\u014ds<\/em> also introduces an indirect question<\/p>\n\n\n\n<p><strong>circ\u0101: <\/strong>here \u201cconcerning\u201d rather than \u201caround\u201d<\/p>\n\n\n\n<p><strong>Orc\u012b: <\/strong>Orcus, god of the Underworld. Here, an embodiment of death itself.<\/p>\n\n\n\n<p><strong>inter Orc\u012b cancr\u014ds iam ips\u014ds haesist\u012b:<\/strong> \u201cYou already are stuck among the crablike hands of Orcus.\u201d This unique meaning of <em>cancr\u014ds <\/em>is justified by the parallel with<em> me\u0101s potissimum man\u016bs incidist\u012b<\/em> (Kenney). Habit is threatening Psyche, essentially telling her that she is already dead.<\/p>\n\n\n\n<p><strong>dat\u016bra \u2026 poen\u0101s:<\/strong> see <a href=\"https:\/\/sites.bc.edu\/latin-commentary\/5-24\/\">5.24.5<\/a>.<\/p>\n\n\n\n<p><\/p>\n\n\n\n<p><a href=\"tel:617-552-4219.html\"><\/a><\/p>\n\n\n\n<p><\/p>\n\n<\/div><div role=\"tabpanel\" class=\"wp-block-ub-tabbed-content-tab-content-wrap ub-hide\" id=\"ub-tabbed-content-f1691dd4-1510-4900-aec5-d4aec1843a1b-panel-1\" aria-labelledby=\"ub-tabbed-content-f1691dd4-1510-4900-aec5-d4aec1843a1b-tab-1\" tabindex=\"0\">\n\n<p><strong>praedic\u0101t\u012bo, -\u014dnis f: <\/strong>proclamation<\/p>\n\n\n\n<p><strong>retr\u014d<\/strong> (prep. + acc.): behind<\/p>\n\n\n\n<p><strong>s(u)\u0101vium, -i\u012b, n:<\/strong> see <a href=\"https:\/\/sites.bc.edu\/latin-commentary\/5-23\/\">5.23.3<\/a><\/p>\n\n\n\n<p><strong>blandior, -iri, -itus:<\/strong> see <a href=\"http:\/\/sites.bc.edu\/latin-commentary\/5-31\/\">5.31.7<\/a><\/p>\n\n\n\n<p><strong>cert\u0101tim:<\/strong> (adv<strong>.)<\/strong> in rivalry, competitively<\/p>\n\n\n\n<p><strong>adrigo, -rigere, -r\u0113xi, -r\u0113ctum:<\/strong> to raise, arouse<\/p>\n\n\n\n<p><strong>c\u016bnct\u0101ti\u014d, -\u014dnis, f: <\/strong>delay, hesitation, doubt<\/p>\n\n\n\n<p><strong>proximo, -\u0101re:<\/strong> to come near, approach<\/p>\n\n\n\n<p><strong>famuliti\u014d, -\u014dnis f: <\/strong>servant household<\/p>\n\n\n\n<p><strong>inqu\u012bs\u012bti\u014d, -\u014dnis, f: <\/strong>a seeking, searching<\/p>\n\n\n\n<p><strong>potissimum<\/strong> (adv.): especially<\/p>\n\n\n\n<p><strong>\u0101ct\u016btum <\/strong>(adv.): see <a href=\"https:\/\/sites.bc.edu\/latin-commentary\/5-24\/\">5.24.5<\/a><\/p>\n\n\n\n<p><strong>contum\u0101cia, -ae, f: <\/strong>stubbornness<\/p>\n\n<\/div><\/div>\n\t\t<\/div>\n\n\n<p>The\u00a0<em>m\u0113t\u0101s Murti\u0101s\u00a0<\/em>refer to the right set of turning posts in this 16th-cen. print of the Circus Maximus. There, a shrine dedicated to the goddess Murcia, associated with Venus, sat.\u00a0This shrine is seen to the right of the turning posts in this print, marked as AED MVRCIAE.\u00a0<\/p>\n\n\n\n<p>Giovanni Ambrogio Brambilla, Circus Maximus, 1581, Print, The Metropolitan Museum of Art, Public Domain via The Metropolitan Museum of Art. Photo Credit:\u00a0<a href=\"https:\/\/www.metmuseum.org\/art\/collection\/search\/403405\" target=\"_blank\" rel=\"noreferrer noopener\">The Metropolitan Museum of Art<\/a><\/p>\n\n\n<figure class=\"wp-block-ub-image size-large\" id=\"ub-image-\"><img decoding=\"async\" src=\"https:\/\/sites.bc.edu\/latin-commentary\/wp-content\/uploads\/sites\/201\/2025\/12\/unnamed.jpg\" alt=\"\" class=\"wp-image-1\" style=\"\"><\/figure><\/div><\/div>\n\n<\/div><\/div>\n\n\n<div style=\"height:34px\" aria-hidden=\"true\" class=\"wp-block-spacer\"><\/div>\n\n\n\n<div class=\"wp-block-buttons has-custom-font-size has-small-font-size is-content-justification-space-between is-nowrap is-layout-flex wp-container-core-buttons-is-layout-5924e470 wp-block-buttons-is-layout-flex\">\n<div class=\"wp-block-button is-style-outline is-style-outline--3\"><a class=\"wp-block-button__link has-ast-global-color-6-background-color has-background wp-element-button\" style=\"border-style:none;border-width:0px\">Previous<\/a><\/div>\n\n\n\n<div class=\"wp-block-button is-style-outline is-style-outline--4\"><a class=\"wp-block-button__link has-ast-global-color-6-background-color has-background wp-element-button\" style=\"border-style:none;border-width:0px\">Next<\/a><\/div>\n<\/div>\n\n\n\n<div style=\"height:34px\" aria-hidden=\"true\" class=\"wp-block-spacer\"><\/div>\n","protected":false},"excerpt":{"rendered":"<p>6.8 [1] Nec Mercurius om\u012bsit obsequium. Nam per omnium \u014dra popul\u014drum passim discurr\u0113ns s\u012bc mand\u0101tae praedic\u0101ti\u014dnis m\u016bnus exsequ\u0113b\u0101tur: [2] \u201cS\u012b quis \u0101 fug\u0101 retrahere vel occultam d\u0113m\u014dnstr\u0101re poterit fugit\u012bvam r\u0113gis f\u012bliam, Veneris ancillam, n\u014dmine Ps\u0233ch\u0113n, conveniat retr\u014d m\u0113t\u0101s Murti\u0101s Mercurium praedic\u0101t\u014drem, [3] accept\u016brus indic\u012bvae n\u014dmine ab ips\u0101 Venere septem s\u0101via su\u0101via et \u016bnum blandientis adpuls\u016b [&hellip;]<\/p>\n","protected":false},"author":1,"featured_media":0,"parent":0,"menu_order":0,"comment_status":"closed","ping_status":"closed","template":"","meta":{"_coblocks_attr":"","_coblocks_dimensions":"","_coblocks_responsive_height":"","_coblocks_accordion_ie_support":"","site-sidebar-layout":"default","site-content-layout":"","ast-site-content-layout":"default","site-content-style":"default","site-sidebar-style":"default","ast-global-header-display":"","ast-banner-title-visibility":"","ast-main-header-display":"","ast-hfb-above-header-display":"","ast-hfb-below-header-display":"","ast-hfb-mobile-header-display":"","site-post-title":"","ast-breadcrumbs-content":"","ast-featured-img":"","footer-sml-layout":"","ast-disable-related-posts":"","theme-transparent-header-meta":"","adv-header-id-meta":"","stick-header-meta":"","header-above-stick-meta":"","header-main-stick-meta":"","header-below-stick-meta":"","astra-migrate-meta-layouts":"set","ast-page-background-enabled":"default","ast-page-background-meta":{"desktop":{"background-color":"var(--ast-global-color-4)","background-image":"","background-repeat":"repeat","background-position":"center center","background-size":"auto","background-attachment":"scroll","background-type":"","background-media":"","overlay-type":"","overlay-color":"","overlay-opacity":"","overlay-gradient":""},"tablet":{"background-color":"","background-image":"","background-repeat":"repeat","background-position":"center center","background-size":"auto","background-attachment":"scroll","background-type":"","background-media":"","overlay-type":"","overlay-color":"","overlay-opacity":"","overlay-gradient":""},"mobile":{"background-color":"","background-image":"","background-repeat":"repeat","background-position":"center center","background-size":"auto","background-attachment":"scroll","background-type":"","background-media":"","overlay-type":"","overlay-color":"","overlay-opacity":"","overlay-gradient":""}},"ast-content-background-meta":{"desktop":{"background-color":"var(--ast-global-color-5)","background-image":"","background-repeat":"repeat","background-position":"center center","background-size":"auto","background-attachment":"scroll","background-type":"","background-media":"","overlay-type":"","overlay-color":"","overlay-opacity":"","overlay-gradient":""},"tablet":{"background-color":"var(--ast-global-color-5)","background-image":"","background-repeat":"repeat","background-position":"center center","background-size":"auto","background-attachment":"scroll","background-type":"","background-media":"","overlay-type":"","overlay-color":"","overlay-opacity":"","overlay-gradient":""},"mobile":{"background-color":"var(--ast-global-color-5)","background-image":"","background-repeat":"repeat","background-position":"center center","background-size":"auto","background-attachment":"scroll","background-type":"","background-media":"","overlay-type":"","overlay-color":"","overlay-opacity":"","overlay-gradient":""}},"footnotes":""},"class_list":["post-2973","page","type-page","status-publish","hentry"],"featured_image_src":null,"_links":{"self":[{"href":"https:\/\/sites.bc.edu\/latin-commentary\/wp-json\/wp\/v2\/pages\/2973","targetHints":{"allow":["GET"]}}],"collection":[{"href":"https:\/\/sites.bc.edu\/latin-commentary\/wp-json\/wp\/v2\/pages"}],"about":[{"href":"https:\/\/sites.bc.edu\/latin-commentary\/wp-json\/wp\/v2\/types\/page"}],"author":[{"embeddable":true,"href":"https:\/\/sites.bc.edu\/latin-commentary\/wp-json\/wp\/v2\/users\/1"}],"replies":[{"embeddable":true,"href":"https:\/\/sites.bc.edu\/latin-commentary\/wp-json\/wp\/v2\/comments?post=2973"}],"version-history":[{"count":6,"href":"https:\/\/sites.bc.edu\/latin-commentary\/wp-json\/wp\/v2\/pages\/2973\/revisions"}],"predecessor-version":[{"id":3089,"href":"https:\/\/sites.bc.edu\/latin-commentary\/wp-json\/wp\/v2\/pages\/2973\/revisions\/3089"}],"wp:attachment":[{"href":"https:\/\/sites.bc.edu\/latin-commentary\/wp-json\/wp\/v2\/media?parent=2973"}],"curies":[{"name":"wp","href":"https:\/\/api.w.org\/{rel}","templated":true}]}}