{"id":2949,"date":"2025-11-13T20:15:41","date_gmt":"2025-11-14T01:15:41","guid":{"rendered":"https:\/\/sites.bc.edu\/latin-commentary\/?page_id=2949"},"modified":"2025-12-14T13:22:09","modified_gmt":"2025-12-14T18:22:09","slug":"5-26","status":"publish","type":"page","link":"https:\/\/sites.bc.edu\/latin-commentary\/5-26\/","title":{"rendered":"5.26"},"content":{"rendered":"\n<figure class=\"wp-block-image alignfull size-large\"><img loading=\"lazy\" decoding=\"async\" width=\"1280\" height=\"85\" src=\"http:\/\/sites.bc.edu\/latin-commentary\/wp-content\/uploads\/sites\/201\/2023\/05\/academic-dept-default.jpeg\" alt=\"\" class=\"wp-image-2384\" srcset=\"https:\/\/sites.bc.edu\/latin-commentary\/wp-content\/uploads\/sites\/201\/2023\/05\/academic-dept-default.jpeg 1280w, https:\/\/sites.bc.edu\/latin-commentary\/wp-content\/uploads\/sites\/201\/2023\/05\/academic-dept-default-300x20.jpeg 300w, https:\/\/sites.bc.edu\/latin-commentary\/wp-content\/uploads\/sites\/201\/2023\/05\/academic-dept-default-1024x68.jpeg 1024w, https:\/\/sites.bc.edu\/latin-commentary\/wp-content\/uploads\/sites\/201\/2023\/05\/academic-dept-default-768x51.jpeg 768w\" sizes=\"auto, (max-width: 1280px) 100vw, 1280px\" \/><\/figure>\n\n\n\n<div style=\"height:63px\" aria-hidden=\"true\" class=\"wp-block-spacer mt-0\"><\/div>\n\n\n\n<h2 class=\"wp-block-heading has-text-align-left\">5.26<\/h2>\n\n\n\n<div class=\"wp-block-buttons is-content-justification-space-between is-nowrap is-layout-flex wp-container-core-buttons-is-layout-5924e470 wp-block-buttons-is-layout-flex\">\n<div class=\"wp-block-button is-style-outline is-style-outline--1\"><a class=\"wp-block-button__link has-ast-global-color-6-background-color has-background has-small-font-size has-custom-font-size wp-element-button\" href=\"https:\/\/sites.bc.edu\/latin-commentary\/5-25\/\" style=\"border-style:none;border-width:0px\">Previous<\/a><\/div>\n\n\n\n<div class=\"wp-block-button is-style-outline is-style-outline--2\"><a class=\"wp-block-button__link has-ast-global-color-6-background-color has-background has-small-font-size has-custom-font-size wp-element-button\" href=\"https:\/\/sites.bc.edu\/latin-commentary\/5-27\/\" style=\"border-style:none;border-width:0px\">Next<\/a><\/div>\n<\/div>\n\n\n\n<div style=\"height:34px\" aria-hidden=\"true\" class=\"wp-block-spacer\"><\/div>\n\n\n<style>.kb-row-layout-id2949_313aa6-7a > .kt-row-column-wrap{align-content:start;}:where(.kb-row-layout-id2949_313aa6-7a > .kt-row-column-wrap) > .wp-block-kadence-column{justify-content:start;}.kb-row-layout-id2949_313aa6-7a > .kt-row-column-wrap{column-gap:var(--global-kb-gap-md, 2rem);row-gap:var(--global-kb-gap-md, 2rem);padding-top:var(--global-kb-spacing-sm, 1.5rem);padding-bottom:var(--global-kb-spacing-sm, 1.5rem);grid-template-columns:minmax(0, calc(50% - ((var(--global-kb-gap-md, 2rem) * 1 )\/2)))minmax(0, calc(50% - ((var(--global-kb-gap-md, 2rem) * 1 )\/2)));}.kb-row-layout-id2949_313aa6-7a > .kt-row-layout-overlay{opacity:0.30;}@media all and (max-width: 1024px){.kb-row-layout-id2949_313aa6-7a > .kt-row-column-wrap{grid-template-columns:repeat(2, minmax(0, 1fr));}}@media all and (max-width: 767px){.kb-row-layout-id2949_313aa6-7a > .kt-row-column-wrap{grid-template-columns:minmax(0, 1fr);}}<\/style><div class=\"kb-row-layout-wrap kb-row-layout-id2949_313aa6-7a alignnone wp-block-kadence-rowlayout\"><div class=\"kt-row-column-wrap kt-has-2-columns kt-row-layout-equal kt-tab-layout-inherit kt-mobile-layout-row kt-row-valign-top\">\n<style>.kadence-column2949_bba02c-bd > .kt-inside-inner-col,.kadence-column2949_bba02c-bd > .kt-inside-inner-col:before{border-top-left-radius:0px;border-top-right-radius:0px;border-bottom-right-radius:0px;border-bottom-left-radius:0px;}.kadence-column2949_bba02c-bd > .kt-inside-inner-col{column-gap:var(--global-kb-gap-sm, 1rem);}.kadence-column2949_bba02c-bd > .kt-inside-inner-col{flex-direction:column;}.kadence-column2949_bba02c-bd > .kt-inside-inner-col > .aligncenter{width:100%;}.kadence-column2949_bba02c-bd > .kt-inside-inner-col:before{opacity:0.3;}.kadence-column2949_bba02c-bd{position:relative;}@media all and (max-width: 1024px){.kadence-column2949_bba02c-bd > .kt-inside-inner-col{flex-direction:column;justify-content:center;}}@media all and (max-width: 767px){.kadence-column2949_bba02c-bd > .kt-inside-inner-col{flex-direction:column;justify-content:center;}}<\/style>\n<div class=\"wp-block-kadence-column kadence-column2949_bba02c-bd\"><div class=\"kt-inside-inner-col\">\n<p class=\"has-medium-font-size\" style=\"margin-top:var(--wp--preset--spacing--60)\">[1] S\u012bc loc\u016bt\u014d de\u014d p\u0101st\u014dre n\u016bll\u014dque serm\u014dne reddit\u014d sed ad\u014dr\u0101t\u014d tantum n\u016bmine sal\u016bt\u0101r\u012b Ps\u0233ch\u0113 pergit \u012bre. Sed cum aliquam multum viae lab\u014drant\u012b vest\u012bgi\u014d pererr\u0101sset, \u012bnscia qu\u014ddam tr\u0101mite iam di\u0113 l\u0101bente acc\u0113dit quandam c\u012bvit\u0101tem, in qu\u0101 r\u0113gnum mar\u012btus \u016bn\u012bus sor\u014dris eius optin\u0113bat. [2] Qu\u0101 r\u0113 cognit\u0101 Ps\u0233ch\u0113 n\u016bnti\u0101r\u012b praesentiam suam sor\u014dr\u012b d\u0113s\u012bderat; mox inducta m\u016btu\u012bs amplexibus alternae sal\u016bt\u0101ti\u014dnis expl\u0113t\u012bs percontant\u012b caus\u0101s advent\u016bs su\u012b s\u012bc incipit: [3] \u201cMeminist\u012b c\u014dnsilium vestrum, sc\u012blicet qu\u014d mihi su\u0101sistis ut b\u0113stiam, quae mar\u012bt\u012b ment\u012bt\u014d n\u014dmine m\u0113cum qui\u0113sc\u0113bat, prius quam ingluvi\u0113 vor\u0101c\u012b m\u0113 misellam haur\u012bret, ancipit\u012b nov\u0101cul\u0101 peremerem. [4] Set cum pr\u012bmum, ut aequ\u0113 placuerat, c\u014dnsci\u014d l\u016bmine vult\u016bs eius aspex\u012b, vide\u014d m\u012brum d\u012bv\u012bnumque pr\u014drsus spect\u0101culum, ipsum illum deae Veneris f\u012blium, ipsum inquam Cup\u012bdinem, l\u0113n\u012b qui\u0113te s\u014dp\u012btum. [5] Ac dum tant\u012b bon\u012b spect\u0101cul\u014d percita et nimi\u0101 volupt\u0101tis c\u014dpi\u0101 turb\u0101ta fruend\u012b lab\u014dr\u0101rem inopi\u0101, c\u0101s\u016b sc\u012blicet pessum\u014d lucerna ferv\u0113ns oleum rebull\u012bvit in eius umerum. [6] Qu\u014d dol\u014dre statim somn\u014d recussus, ubi m\u0113 ferr\u014d et ign\u012b c\u014dnspexit arm\u0101tam, \u2018T\u016b quidem\u2019 inquit \u2018ob istud tam d\u012brum facinus c\u014dnfestim tor\u014d me\u014d divorte tibique r\u0113s tu\u0101s hab\u0113t\u014d, ego v\u0113r\u014d sor\u014drem tuam\u2019 [7]\u2014et n\u014dmen qu\u014d t\u016b c\u0113ns\u0113ris ai\u0113bat\u2014\u2018iam mihi confarre\u0101t\u012bs n\u016bpti\u012bs coniug\u0101b\u014d,\u2019 et statim Zephyr\u014d praecipit ultr\u0101 termin\u014ds m\u0113 dom\u016bs eius effl\u0101ret.\u201d<\/p>\n<\/div><\/div>\n\n\n<style>.kadence-column2949_3a63f0-79 > .kt-inside-inner-col,.kadence-column2949_3a63f0-79 > .kt-inside-inner-col:before{border-top-left-radius:0px;border-top-right-radius:0px;border-bottom-right-radius:0px;border-bottom-left-radius:0px;}.kadence-column2949_3a63f0-79 > .kt-inside-inner-col{column-gap:var(--global-kb-gap-sm, 1rem);}.kadence-column2949_3a63f0-79 > .kt-inside-inner-col{flex-direction:column;}.kadence-column2949_3a63f0-79 > .kt-inside-inner-col > .aligncenter{width:100%;}.kadence-column2949_3a63f0-79 > .kt-inside-inner-col:before{opacity:0.3;}.kadence-column2949_3a63f0-79{position:relative;}@media all and (max-width: 1024px){.kadence-column2949_3a63f0-79 > .kt-inside-inner-col{flex-direction:column;justify-content:center;}}@media all and (max-width: 767px){.kadence-column2949_3a63f0-79 > .kt-inside-inner-col{flex-direction:column;justify-content:center;}}<\/style>\n<div class=\"wp-block-kadence-column kadence-column2949_3a63f0-79\"><div class=\"kt-inside-inner-col\"><div class=\"wp-block-ub-tabbed-content wp-block-ub-tabbed-content-holder wp-block-ub-tabbed-content-horizontal-holder-mobile wp-block-ub-tabbed-content-horizontal-holder-tablet\" id=\"ub-tabbed-content-206e8460-d7cc-41b3-a998-d1730a6e5f4f\" style=\"\">\n\t\t\t<div class=\"wp-block-ub-tabbed-content-tab-holder horizontal-tab-width-mobile horizontal-tab-width-tablet\">\n\t\t\t\t<div role=\"tablist\" class=\"wp-block-ub-tabbed-content-tabs-title wp-block-ub-tabbed-content-tabs-title-mobile-horizontal-tab wp-block-ub-tabbed-content-tabs-title-tablet-horizontal-tab\" style=\"justify-content: flex-start; \"><div role=\"tab\" id=\"ub-tabbed-content-206e8460-d7cc-41b3-a998-d1730a6e5f4f-tab-0\" aria-controls=\"ub-tabbed-content-206e8460-d7cc-41b3-a998-d1730a6e5f4f-panel-0\" aria-selected=\"true\" class=\"wp-block-ub-tabbed-content-tab-title-wrap active\" style=\"--ub-tabbed-title-background-color: #eeeeee; --ub-tabbed-active-title-color: inherit; --ub-tabbed-active-title-background-color: #eeeeee; text-align: left; \" tabindex=\"-1\">\n\t\t\t\t<div class=\"wp-block-ub-tabbed-content-tab-title\">Notes<\/div>\n\t\t\t<\/div><div role=\"tab\" id=\"ub-tabbed-content-206e8460-d7cc-41b3-a998-d1730a6e5f4f-tab-1\" aria-controls=\"ub-tabbed-content-206e8460-d7cc-41b3-a998-d1730a6e5f4f-panel-1\" aria-selected=\"false\" class=\"wp-block-ub-tabbed-content-tab-title-wrap\" style=\"--ub-tabbed-active-title-color: inherit; --ub-tabbed-active-title-background-color: #eeeeee; text-align: left; \" tabindex=\"-1\">\n\t\t\t\t<div class=\"wp-block-ub-tabbed-content-tab-title\">Vocabulary<\/div>\n\t\t\t<\/div><div role=\"tab\" id=\"ub-tabbed-content-206e8460-d7cc-41b3-a998-d1730a6e5f4f-tab-2\" aria-controls=\"ub-tabbed-content-206e8460-d7cc-41b3-a998-d1730a6e5f4f-panel-2\" aria-selected=\"false\" class=\"wp-block-ub-tabbed-content-tab-title-wrap\" style=\"--ub-tabbed-active-title-color: inherit; --ub-tabbed-active-title-background-color: #eeeeee; text-align: left; \" tabindex=\"-1\">\n\t\t\t\t<div class=\"wp-block-ub-tabbed-content-tab-title\">Media<\/div>\n\t\t\t<\/div><\/div>\n\t\t\t<\/div>\n\t\t\t<div class=\"wp-block-ub-tabbed-content-tabs-content\" style=\"\"><div role=\"tabpanel\" class=\"wp-block-ub-tabbed-content-tab-content-wrap active\" id=\"ub-tabbed-content-206e8460-d7cc-41b3-a998-d1730a6e5f4f-panel-0\" aria-labelledby=\"ub-tabbed-content-206e8460-d7cc-41b3-a998-d1730a6e5f4f-tab-0\" tabindex=\"0\">\n\n<blockquote class=\"wp-block-quote is-layout-flow wp-block-quote-is-layout-flow\">\n<p><em><em><em><em><em><em>Upon leaving Pan, Psyche encounters one of her sisters and tells her about her attempted plan to kill her husband, and how he left her.<\/em><\/em><\/em><\/em><\/em><\/em><\/p>\n<\/blockquote>\n\n\n\n<p><strong>aliquam multum: <\/strong>\u201ca goodish amount\u201d (Kenney)<\/p>\n\n\n\n<p><strong>m\u016btu\u012bs amplexibus \u2026 expl\u0113t\u012bs<\/strong>: ablative absolute. This elaborate way of saying they hugged each other is typical of Apuleian style.<\/p>\n\n\n\n<p><strong>percontant\u012b: <\/strong>supply <em>sor\u014dr\u012b<\/em>: <strong>\u201c<\/strong>to her (the sister) inquiring \u2026 she thus began.\u201d<\/p>\n\n\n\n<p><strong>mar\u012bt\u012b ment\u012bt\u014d n\u014dmine: <\/strong>\u201cunder the feigned name of husband.\u201d \u00a0<\/p>\n\n\n\n<p><strong>vide\u014d: <\/strong>historical present (A&amp;G <a href=\"http:\/\/dcc.dickinson.edu\/grammar\/latin\/present-tense\">\u00a7 469<\/a>) <\/p>\n\n\n\n<p><strong>c\u014dpi\u0101\u2026inopi\u0101: <\/strong>This paradox is frustrating for Psyche to process.\u00a0 <\/p>\n\n\n\n<p><strong>tor\u014d\u2026hab\u0113t\u014d: <\/strong>Psyche, in order to carry out her plan, claims Cupid divorced her by invoking this ancient formula first attested in the Twelve Tables (c. 450 BCE), where the couple would physically separate and claim their individual property (Osgood). <\/p>\n\n\n\n<p><strong>praecipit\u2026efflaret: <\/strong><em>efflaret<\/em> is imp. subj. in an indirect command; it is imperfect rather than present since the main verb is being treated as past tense instead of (historical) present: \u201che ordered\u2026to blow.\u201d<\/p>\n\n\n\n<p><\/p>\n\n\n\n<p><a href=\"tel:617-552-4219.html\"><\/a><\/p>\n\n\n\n<p><\/p>\n\n<\/div><div role=\"tabpanel\" class=\"wp-block-ub-tabbed-content-tab-content-wrap ub-hide\" id=\"ub-tabbed-content-206e8460-d7cc-41b3-a998-d1730a6e5f4f-panel-1\" aria-labelledby=\"ub-tabbed-content-206e8460-d7cc-41b3-a998-d1730a6e5f4f-tab-1\" tabindex=\"0\">\n\n<p><strong>sal\u016bt\u0101ris, -e: <\/strong>health-giving, beneficial, saving\/salvific <\/p>\n\n\n\n<p><strong>trames, &#8211; itis, m.: <\/strong>a path, by-way\u00a0 \u00a0 <\/p>\n\n\n\n<p><strong>ingluvi\u0113s, -e\u012b, f.: <\/strong>see <a href=\"https:\/\/sites.bc.edu\/latin-commentary\/5-17\/\">5.17.4 <\/a>\u00a0\u00a0\u00a0\u00a0\u00a0\u00a0\u00a0\u00a0\u00a0\u00a0\u00a0<\/p>\n\n\n\n<p><strong>v\u014drax, -acis:<\/strong> ravenous \u00a0 \u00a0 <\/p>\n\n\n\n<p><strong>rebullio, -\u012bre, -\u012bvi\/ -\u012bi: <\/strong>to bubble up <\/p>\n\n\n\n<p><strong>recuti\u014d, -ere, -cuss\u012b, -us: <\/strong>to stir, shake, rouse <\/p>\n\n\n\n<p><strong>c\u0113nseo, \u0113re, -ui, -um: <\/strong>to assess, judge. In the passive, it technically refers to being assessed in the census.\u00a0 <\/p>\n\n\n\n<p><strong>confarre\u0101tio, -\u014dnis, f.: <\/strong>an archaic and very formal Roman marriage rite, involving sacrifice of a cake of emmer wheat (<em>far<\/em>) to Jupiter Farreus \u00a0 \u00a0 \u00a0 \u00a0 \u00a0 \u00a0 \u00a0 \u00a0 \u00a0 <\/p>\n\n\n\n<p><strong>effl\u014d, -\u0101re: <\/strong>to blow or breathe<strong> <\/strong>out<\/p>\n\n<\/div><div role=\"tabpanel\" class=\"wp-block-ub-tabbed-content-tab-content-wrap ub-hide\" id=\"ub-tabbed-content-206e8460-d7cc-41b3-a998-d1730a6e5f4f-panel-2\" aria-labelledby=\"ub-tabbed-content-206e8460-d7cc-41b3-a998-d1730a6e5f4f-tab-2\" tabindex=\"0\">\n<style>.kb-row-layout-id2949_d4bf6d-f9 > .kt-row-column-wrap{align-content:start;}:where(.kb-row-layout-id2949_d4bf6d-f9 > .kt-row-column-wrap) > .wp-block-kadence-column{justify-content:start;}.kb-row-layout-id2949_d4bf6d-f9 > .kt-row-column-wrap{column-gap:var(--global-kb-gap-md, 2rem);row-gap:var(--global-kb-gap-md, 2rem);padding-top:var(--global-kb-spacing-sm, 1.5rem);padding-bottom:var(--global-kb-spacing-sm, 1.5rem);grid-template-columns:repeat(2, minmax(0, 1fr));}.kb-row-layout-id2949_d4bf6d-f9 > .kt-row-layout-overlay{opacity:0.30;}@media all and (max-width: 1024px){.kb-row-layout-id2949_d4bf6d-f9 > .kt-row-column-wrap{grid-template-columns:repeat(2, minmax(0, 1fr));}}@media all and (max-width: 767px){.kb-row-layout-id2949_d4bf6d-f9 > .kt-row-column-wrap{grid-template-columns:minmax(0, 1fr);}}<\/style><div class=\"kb-row-layout-wrap kb-row-layout-id2949_d4bf6d-f9 alignnone wp-block-kadence-rowlayout\"><div class=\"kt-row-column-wrap kt-has-2-columns kt-row-layout-equal kt-tab-layout-inherit kt-mobile-layout-row kt-row-valign-top\">\n<style>.kadence-column2949_fb29ca-46 > .kt-inside-inner-col,.kadence-column2949_fb29ca-46 > .kt-inside-inner-col:before{border-top-left-radius:0px;border-top-right-radius:0px;border-bottom-right-radius:0px;border-bottom-left-radius:0px;}.kadence-column2949_fb29ca-46 > .kt-inside-inner-col{column-gap:var(--global-kb-gap-sm, 1rem);}.kadence-column2949_fb29ca-46 > .kt-inside-inner-col{flex-direction:column;}.kadence-column2949_fb29ca-46 > .kt-inside-inner-col > .aligncenter{width:100%;}.kadence-column2949_fb29ca-46 > .kt-inside-inner-col:before{opacity:0.3;}.kadence-column2949_fb29ca-46{position:relative;}@media all and (max-width: 1024px){.kadence-column2949_fb29ca-46 > .kt-inside-inner-col{flex-direction:column;justify-content:center;}}@media all and (max-width: 767px){.kadence-column2949_fb29ca-46 > .kt-inside-inner-col{flex-direction:column;justify-content:center;}}<\/style>\n<div class=\"wp-block-kadence-column kadence-column2949_fb29ca-46\"><div class=\"kt-inside-inner-col\"><\/div><\/div>\n\n\n<style>.kadence-column2949_93e32b-7b > .kt-inside-inner-col,.kadence-column2949_93e32b-7b > .kt-inside-inner-col:before{border-top-left-radius:0px;border-top-right-radius:0px;border-bottom-right-radius:0px;border-bottom-left-radius:0px;}.kadence-column2949_93e32b-7b > .kt-inside-inner-col{column-gap:var(--global-kb-gap-sm, 1rem);}.kadence-column2949_93e32b-7b > .kt-inside-inner-col{flex-direction:column;}.kadence-column2949_93e32b-7b > .kt-inside-inner-col > .aligncenter{width:100%;}.kadence-column2949_93e32b-7b > .kt-inside-inner-col:before{opacity:0.3;}.kadence-column2949_93e32b-7b{position:relative;}@media all and (max-width: 1024px){.kadence-column2949_93e32b-7b > .kt-inside-inner-col{flex-direction:column;justify-content:center;}}@media all and (max-width: 767px){.kadence-column2949_93e32b-7b > .kt-inside-inner-col{flex-direction:column;justify-content:center;}}<\/style>\n<div class=\"wp-block-kadence-column kadence-column2949_93e32b-7b\"><div class=\"kt-inside-inner-col\"><\/div><\/div>\n\n<\/div><\/div>\n<\/div><\/div>\n\t\t<\/div><\/div><\/div>\n\n<\/div><\/div>\n\n\n<div style=\"height:34px\" aria-hidden=\"true\" class=\"wp-block-spacer\"><\/div>\n\n\n\n<div class=\"wp-block-buttons has-custom-font-size has-small-font-size is-content-justification-space-between is-nowrap is-layout-flex wp-container-core-buttons-is-layout-5924e470 wp-block-buttons-is-layout-flex\">\n<div class=\"wp-block-button is-style-outline is-style-outline--3\"><a class=\"wp-block-button__link has-ast-global-color-6-background-color has-background wp-element-button\" style=\"border-style:none;border-width:0px\">Previous<\/a><\/div>\n\n\n\n<div class=\"wp-block-button is-style-outline is-style-outline--4\"><a class=\"wp-block-button__link has-ast-global-color-6-background-color has-background wp-element-button\" style=\"border-style:none;border-width:0px\">Next<\/a><\/div>\n<\/div>\n\n\n\n<div style=\"height:34px\" aria-hidden=\"true\" class=\"wp-block-spacer\"><\/div>\n","protected":false},"excerpt":{"rendered":"<p>5.26 [1] S\u012bc loc\u016bt\u014d de\u014d p\u0101st\u014dre n\u016bll\u014dque serm\u014dne reddit\u014d sed ad\u014dr\u0101t\u014d tantum n\u016bmine sal\u016bt\u0101r\u012b Ps\u0233ch\u0113 pergit \u012bre. Sed cum aliquam multum viae lab\u014drant\u012b vest\u012bgi\u014d pererr\u0101sset, \u012bnscia qu\u014ddam tr\u0101mite iam di\u0113 l\u0101bente acc\u0113dit quandam c\u012bvit\u0101tem, in qu\u0101 r\u0113gnum mar\u012btus \u016bn\u012bus sor\u014dris eius optin\u0113bat. [2] Qu\u0101 r\u0113 cognit\u0101 Ps\u0233ch\u0113 n\u016bnti\u0101r\u012b praesentiam suam sor\u014dr\u012b d\u0113s\u012bderat; mox inducta m\u016btu\u012bs [&hellip;]<\/p>\n","protected":false},"author":1,"featured_media":0,"parent":0,"menu_order":0,"comment_status":"closed","ping_status":"closed","template":"","meta":{"_coblocks_attr":"","_coblocks_dimensions":"","_coblocks_responsive_height":"","_coblocks_accordion_ie_support":"","site-sidebar-layout":"default","site-content-layout":"","ast-site-content-layout":"default","site-content-style":"default","site-sidebar-style":"default","ast-global-header-display":"","ast-banner-title-visibility":"","ast-main-header-display":"","ast-hfb-above-header-display":"","ast-hfb-below-header-display":"","ast-hfb-mobile-header-display":"","site-post-title":"","ast-breadcrumbs-content":"","ast-featured-img":"","footer-sml-layout":"","ast-disable-related-posts":"","theme-transparent-header-meta":"","adv-header-id-meta":"","stick-header-meta":"","header-above-stick-meta":"","header-main-stick-meta":"","header-below-stick-meta":"","astra-migrate-meta-layouts":"set","ast-page-background-enabled":"default","ast-page-background-meta":{"desktop":{"background-color":"var(--ast-global-color-4)","background-image":"","background-repeat":"repeat","background-position":"center center","background-size":"auto","background-attachment":"scroll","background-type":"","background-media":"","overlay-type":"","overlay-color":"","overlay-opacity":"","overlay-gradient":""},"tablet":{"background-color":"","background-image":"","background-repeat":"repeat","background-position":"center center","background-size":"auto","background-attachment":"scroll","background-type":"","background-media":"","overlay-type":"","overlay-color":"","overlay-opacity":"","overlay-gradient":""},"mobile":{"background-color":"","background-image":"","background-repeat":"repeat","background-position":"center center","background-size":"auto","background-attachment":"scroll","background-type":"","background-media":"","overlay-type":"","overlay-color":"","overlay-opacity":"","overlay-gradient":""}},"ast-content-background-meta":{"desktop":{"background-color":"var(--ast-global-color-5)","background-image":"","background-repeat":"repeat","background-position":"center center","background-size":"auto","background-attachment":"scroll","background-type":"","background-media":"","overlay-type":"","overlay-color":"","overlay-opacity":"","overlay-gradient":""},"tablet":{"background-color":"var(--ast-global-color-5)","background-image":"","background-repeat":"repeat","background-position":"center center","background-size":"auto","background-attachment":"scroll","background-type":"","background-media":"","overlay-type":"","overlay-color":"","overlay-opacity":"","overlay-gradient":""},"mobile":{"background-color":"var(--ast-global-color-5)","background-image":"","background-repeat":"repeat","background-position":"center center","background-size":"auto","background-attachment":"scroll","background-type":"","background-media":"","overlay-type":"","overlay-color":"","overlay-opacity":"","overlay-gradient":""}},"footnotes":""},"class_list":["post-2949","page","type-page","status-publish","hentry"],"featured_image_src":null,"_links":{"self":[{"href":"https:\/\/sites.bc.edu\/latin-commentary\/wp-json\/wp\/v2\/pages\/2949","targetHints":{"allow":["GET"]}}],"collection":[{"href":"https:\/\/sites.bc.edu\/latin-commentary\/wp-json\/wp\/v2\/pages"}],"about":[{"href":"https:\/\/sites.bc.edu\/latin-commentary\/wp-json\/wp\/v2\/types\/page"}],"author":[{"embeddable":true,"href":"https:\/\/sites.bc.edu\/latin-commentary\/wp-json\/wp\/v2\/users\/1"}],"replies":[{"embeddable":true,"href":"https:\/\/sites.bc.edu\/latin-commentary\/wp-json\/wp\/v2\/comments?post=2949"}],"version-history":[{"count":8,"href":"https:\/\/sites.bc.edu\/latin-commentary\/wp-json\/wp\/v2\/pages\/2949\/revisions"}],"predecessor-version":[{"id":3156,"href":"https:\/\/sites.bc.edu\/latin-commentary\/wp-json\/wp\/v2\/pages\/2949\/revisions\/3156"}],"wp:attachment":[{"href":"https:\/\/sites.bc.edu\/latin-commentary\/wp-json\/wp\/v2\/media?parent=2949"}],"curies":[{"name":"wp","href":"https:\/\/api.w.org\/{rel}","templated":true}]}}