{"id":2941,"date":"2025-11-13T20:07:30","date_gmt":"2025-11-14T01:07:30","guid":{"rendered":"https:\/\/sites.bc.edu\/latin-commentary\/?page_id=2941"},"modified":"2025-12-14T14:30:11","modified_gmt":"2025-12-14T19:30:11","slug":"5-24","status":"publish","type":"page","link":"https:\/\/sites.bc.edu\/latin-commentary\/5-24\/","title":{"rendered":"5.24"},"content":{"rendered":"\n<figure class=\"wp-block-image alignfull size-large\"><img loading=\"lazy\" decoding=\"async\" width=\"1280\" height=\"85\" src=\"http:\/\/sites.bc.edu\/latin-commentary\/wp-content\/uploads\/sites\/201\/2023\/05\/academic-dept-default.jpeg\" alt=\"\" class=\"wp-image-2384\" srcset=\"https:\/\/sites.bc.edu\/latin-commentary\/wp-content\/uploads\/sites\/201\/2023\/05\/academic-dept-default.jpeg 1280w, https:\/\/sites.bc.edu\/latin-commentary\/wp-content\/uploads\/sites\/201\/2023\/05\/academic-dept-default-300x20.jpeg 300w, https:\/\/sites.bc.edu\/latin-commentary\/wp-content\/uploads\/sites\/201\/2023\/05\/academic-dept-default-1024x68.jpeg 1024w, https:\/\/sites.bc.edu\/latin-commentary\/wp-content\/uploads\/sites\/201\/2023\/05\/academic-dept-default-768x51.jpeg 768w\" sizes=\"auto, (max-width: 1280px) 100vw, 1280px\" \/><\/figure>\n\n\n\n<div style=\"height:63px\" aria-hidden=\"true\" class=\"wp-block-spacer mt-0\"><\/div>\n\n\n\n<h2 class=\"wp-block-heading has-text-align-left\">5.24<\/h2>\n\n\n\n<div class=\"wp-block-buttons is-content-justification-space-between is-nowrap is-layout-flex wp-container-core-buttons-is-layout-5924e470 wp-block-buttons-is-layout-flex\">\n<div class=\"wp-block-button is-style-outline is-style-outline--1\"><a class=\"wp-block-button__link has-ast-global-color-6-background-color has-background has-small-font-size has-custom-font-size wp-element-button\" href=\"https:\/\/sites.bc.edu\/latin-commentary\/5-23\/\" style=\"border-style:none;border-width:0px\">Previous<\/a><\/div>\n\n\n\n<div class=\"wp-block-button is-style-outline is-style-outline--2\"><a class=\"wp-block-button__link has-ast-global-color-6-background-color has-background has-small-font-size has-custom-font-size wp-element-button\" href=\"https:\/\/sites.bc.edu\/latin-commentary\/5-25\/\" style=\"border-style:none;border-width:0px\">Next<\/a><\/div>\n<\/div>\n\n\n\n<div style=\"height:34px\" aria-hidden=\"true\" class=\"wp-block-spacer\"><\/div>\n\n\n<style>.kb-row-layout-id2941_b43509-b3 > .kt-row-column-wrap{align-content:start;}:where(.kb-row-layout-id2941_b43509-b3 > .kt-row-column-wrap) > .wp-block-kadence-column{justify-content:start;}.kb-row-layout-id2941_b43509-b3 > .kt-row-column-wrap{column-gap:var(--global-kb-gap-md, 2rem);row-gap:var(--global-kb-gap-md, 2rem);padding-top:var(--global-kb-spacing-sm, 1.5rem);padding-bottom:var(--global-kb-spacing-sm, 1.5rem);grid-template-columns:minmax(0, calc(50% - ((var(--global-kb-gap-md, 2rem) * 1 )\/2)))minmax(0, calc(50% - ((var(--global-kb-gap-md, 2rem) * 1 )\/2)));}.kb-row-layout-id2941_b43509-b3 > .kt-row-layout-overlay{opacity:0.30;}@media all and (max-width: 1024px){.kb-row-layout-id2941_b43509-b3 > .kt-row-column-wrap{grid-template-columns:repeat(2, minmax(0, 1fr));}}@media all and (max-width: 767px){.kb-row-layout-id2941_b43509-b3 > .kt-row-column-wrap{grid-template-columns:minmax(0, 1fr);}}<\/style><div class=\"kb-row-layout-wrap kb-row-layout-id2941_b43509-b3 alignnone wp-block-kadence-rowlayout\"><div class=\"kt-row-column-wrap kt-has-2-columns kt-row-layout-equal kt-tab-layout-inherit kt-mobile-layout-row kt-row-valign-top\">\n<style>.kadence-column2941_2d3e2a-b7 > .kt-inside-inner-col,.kadence-column2941_2d3e2a-b7 > .kt-inside-inner-col:before{border-top-left-radius:0px;border-top-right-radius:0px;border-bottom-right-radius:0px;border-bottom-left-radius:0px;}.kadence-column2941_2d3e2a-b7 > .kt-inside-inner-col{column-gap:var(--global-kb-gap-sm, 1rem);}.kadence-column2941_2d3e2a-b7 > .kt-inside-inner-col{flex-direction:column;}.kadence-column2941_2d3e2a-b7 > .kt-inside-inner-col > .aligncenter{width:100%;}.kadence-column2941_2d3e2a-b7 > .kt-inside-inner-col:before{opacity:0.3;}.kadence-column2941_2d3e2a-b7{position:relative;}@media all and (max-width: 1024px){.kadence-column2941_2d3e2a-b7 > .kt-inside-inner-col{flex-direction:column;justify-content:center;}}@media all and (max-width: 767px){.kadence-column2941_2d3e2a-b7 > .kt-inside-inner-col{flex-direction:column;justify-content:center;}}<\/style>\n<div class=\"wp-block-kadence-column kadence-column2941_2d3e2a-b7\"><div class=\"kt-inside-inner-col\">\n<p class=\"has-medium-font-size\" style=\"margin-top:var(--wp--preset--spacing--60)\">[1] At Ps\u0233ch\u0113 statim resurgentis eius cr\u016bre dexter\u014d manibus amb\u0101bus adr\u0113pt\u014d subl\u012bmis \u0113vecti\u014dnis appendix miseranda et per n\u016bbil\u0101s plag\u0101s pendul\u012b comit\u0101t\u016bs extr\u0113ma c\u014dnsequia tandem fessa d\u0113l\u0101bitur sol\u014d. [2] Nec deus am\u0101tor hum\u012b iacentem d\u0113ser\u0113ns invol\u0101vit proximam cupressum d\u0113que eius alt\u014d cac\u016bmine s\u012bc eam graviter comm\u014dtus adf\u0101tur: [3] \u201cEgo quidem, simplicissima Ps\u0233ch\u0113, parentis meae Veneris praecept\u014drum immemor, quae t\u0113 miser\u012b extr\u0113m\u012bque hominis d\u0113v\u012bnctam cup\u012bdine \u012bnfim\u014d m\u0101trim\u014dni\u014d add\u012bc\u012b iusserat, ipse potius am\u0101tor advol\u0101v\u012b tibi. [4] Sed hoc f\u0113c\u012b leviter, sci\u014d, et praecl\u0101rus ille sagitt\u0101rius ipse m\u0113 t\u0113l\u014d me\u014d percuss\u012b t\u0113que coniugem meam f\u0113c\u012b, ut b\u0113stia sc\u012blicet tibi vid\u0113rer et ferr\u014d caput excider\u0113s meum quod ist\u014ds am\u0101t\u014dr\u0113s tu\u014ds ocul\u014ds gerit. [5] Haec tibi identidem semper cavenda c\u0113ns\u0113bam, haec benivol\u0113 remon\u0113bam. Sed illae quidem c\u014dnsili\u0101tr\u012bc\u0113s \u0113gregiae tuae tam pernici\u014ds\u012b magisteri\u012b dabunt \u0101ct\u016btum mihi poen\u0101s, t\u0113 v\u0113r\u014d tantum fug\u0101 me\u0101 p\u016bn\u012bver\u014d.\u201d Et cum termin\u014d serm\u014dnis pinn\u012bs in altum s\u0113 pr\u014dripuit.<\/p>\n<\/div><\/div>\n\n\n<style>.kadence-column2941_62a296-f8 > .kt-inside-inner-col,.kadence-column2941_62a296-f8 > .kt-inside-inner-col:before{border-top-left-radius:0px;border-top-right-radius:0px;border-bottom-right-radius:0px;border-bottom-left-radius:0px;}.kadence-column2941_62a296-f8 > .kt-inside-inner-col{column-gap:var(--global-kb-gap-sm, 1rem);}.kadence-column2941_62a296-f8 > .kt-inside-inner-col{flex-direction:column;}.kadence-column2941_62a296-f8 > .kt-inside-inner-col > .aligncenter{width:100%;}.kadence-column2941_62a296-f8 > .kt-inside-inner-col:before{opacity:0.3;}.kadence-column2941_62a296-f8{position:relative;}@media all and (max-width: 1024px){.kadence-column2941_62a296-f8 > .kt-inside-inner-col{flex-direction:column;justify-content:center;}}@media all and (max-width: 767px){.kadence-column2941_62a296-f8 > .kt-inside-inner-col{flex-direction:column;justify-content:center;}}<\/style>\n<div class=\"wp-block-kadence-column kadence-column2941_62a296-f8\"><div class=\"kt-inside-inner-col\"><div class=\"wp-block-ub-tabbed-content wp-block-ub-tabbed-content-holder wp-block-ub-tabbed-content-horizontal-holder-mobile wp-block-ub-tabbed-content-horizontal-holder-tablet\" id=\"ub-tabbed-content-86a95e7a-5a3d-43af-be6f-593fd04528cb\" style=\"\">\n\t\t\t<div class=\"wp-block-ub-tabbed-content-tab-holder horizontal-tab-width-mobile horizontal-tab-width-tablet\">\n\t\t\t\t<div role=\"tablist\" class=\"wp-block-ub-tabbed-content-tabs-title wp-block-ub-tabbed-content-tabs-title-mobile-horizontal-tab wp-block-ub-tabbed-content-tabs-title-tablet-horizontal-tab\" style=\"justify-content: flex-start; \"><div role=\"tab\" id=\"ub-tabbed-content-86a95e7a-5a3d-43af-be6f-593fd04528cb-tab-0\" aria-controls=\"ub-tabbed-content-86a95e7a-5a3d-43af-be6f-593fd04528cb-panel-0\" aria-selected=\"false\" class=\"wp-block-ub-tabbed-content-tab-title-wrap\" style=\"--ub-tabbed-active-title-color: inherit; --ub-tabbed-active-title-background-color: #eeeeee; text-align: left; \" tabindex=\"-1\">\n\t\t\t\t<div class=\"wp-block-ub-tabbed-content-tab-title\">Notes<\/div>\n\t\t\t<\/div><div role=\"tab\" id=\"ub-tabbed-content-86a95e7a-5a3d-43af-be6f-593fd04528cb-tab-1\" aria-controls=\"ub-tabbed-content-86a95e7a-5a3d-43af-be6f-593fd04528cb-panel-1\" aria-selected=\"true\" class=\"wp-block-ub-tabbed-content-tab-title-wrap active\" style=\"--ub-tabbed-title-background-color: #eeeeee; --ub-tabbed-active-title-color: inherit; --ub-tabbed-active-title-background-color: #eeeeee; text-align: left; \" tabindex=\"-1\">\n\t\t\t\t<div class=\"wp-block-ub-tabbed-content-tab-title\">Vocabulary<\/div>\n\t\t\t<\/div><div role=\"tab\" id=\"ub-tabbed-content-86a95e7a-5a3d-43af-be6f-593fd04528cb-tab-2\" aria-controls=\"ub-tabbed-content-86a95e7a-5a3d-43af-be6f-593fd04528cb-panel-2\" aria-selected=\"false\" class=\"wp-block-ub-tabbed-content-tab-title-wrap\" style=\"--ub-tabbed-active-title-color: inherit; --ub-tabbed-active-title-background-color: #eeeeee; text-align: left; \" tabindex=\"-1\">\n\t\t\t\t<div class=\"wp-block-ub-tabbed-content-tab-title\">Media<\/div>\n\t\t\t<\/div><\/div>\n\t\t\t<\/div>\n\t\t\t<div class=\"wp-block-ub-tabbed-content-tabs-content\" style=\"\"><div role=\"tabpanel\" class=\"wp-block-ub-tabbed-content-tab-content-wrap ub-hide\" id=\"ub-tabbed-content-86a95e7a-5a3d-43af-be6f-593fd04528cb-panel-0\" aria-labelledby=\"ub-tabbed-content-86a95e7a-5a3d-43af-be6f-593fd04528cb-tab-0\" tabindex=\"0\">\n\n<blockquote class=\"wp-block-quote is-layout-flow wp-block-quote-is-layout-flow\">\n<p><em><em><em><em><em>Psyche hangs onto Cupid\u2019s leg as he flies away. He explains the difficulty of their situation.<\/em><\/em><\/em><\/em><\/em><\/p>\n<\/blockquote>\n\n\n\n<p><strong>appendix miseranda: <\/strong>\u201cpitiful addition\u201d<strong> (<\/strong>in apposition to Psyche)<\/p>\n\n\n\n<p><strong>pendul\u012b comit\u0101t\u016bs <\/strong><strong>extr\u0113ma c\u014dnsequia: <\/strong>\u201cthe trailing accompaniment of a dangling follower;\u201d (\u201ca very artificial expression even for [Apuleius]\u201d (Kenney)).<\/p>\n\n\n\n<p><strong>tandem fessa d\u0113l\u0101bitur sol\u014d: <\/strong>Allusion to Plato, <em>Phaedrus <\/em>248c: \u201cWhenever [the soul], lacking the strength to follow [God], does not see [truth], and becomes heavy, experiencing some misfortune and being filled with forgetfulness and wickedness, it loses its feathers and falls to earth.\u201d\u00a0<\/p>\n\n\n\n<p><strong>t\u0113\u2026add\u012bc\u012b: <\/strong>indirect command whose subject is <em>t\u0113<\/em>; here, <em>add\u012bc\u012b <\/em>means \u201cbe awarded\u201d in a negative sense.<strong>\u00a0<\/strong><\/p>\n\n\n\n<p><strong>leviter: <\/strong>translate as \u201cunthinkingly\u201d<\/p>\n\n\n\n<p><strong>praecl\u0101rus: <\/strong>translate as \u201cillustrious\u201d\u00a0<\/p>\n\n\n\n<p><strong>ist\u014ds am\u0101t\u014dr\u0113s tu\u014ds ocul\u014ds: <\/strong>\u201cthose eyes, your lovers\u201d<\/p>\n\n\n\n<p><strong>haec\u2026cavenda c\u0113ns\u0113bam: <\/strong><em>cavenda <\/em>is a passive periphrastic (supply <em>esse<\/em>) in an indirect statement governed by <em>c\u0113ns\u0113bam<\/em>.\u00a0<\/p>\n\n\n\n<p><strong>\u0113gregiae: <\/strong>This is sarcasm.<strong>\u00a0<\/strong><\/p>\n\n\n\n<p><strong>dabunt\u2026poen\u0101s: <\/strong>\u201csuffer punishment for\u201d (+ gen.) (<a href=\"https:\/\/dcc.dickinson.edu\/grammar\/latin\/category-search?field_gl_section_number_value=352\">A&amp;G 352<\/a>)<\/p>\n\n\n\n<p><\/p>\n\n\n\n<p><a href=\"tel:617-552-4219.html\"><\/a><\/p>\n\n\n\n<p><\/p>\n\n<\/div><div role=\"tabpanel\" class=\"wp-block-ub-tabbed-content-tab-content-wrap active\" id=\"ub-tabbed-content-86a95e7a-5a3d-43af-be6f-593fd04528cb-panel-1\" aria-labelledby=\"ub-tabbed-content-86a95e7a-5a3d-43af-be6f-593fd04528cb-tab-1\" tabindex=\"0\">\n\n<p><strong>\u0113vectio, -\u014dnis f.: <\/strong>flight<\/p>\n\n\n\n<p><strong>n\u016bbilus, -a, -um: <\/strong>cloudy\u00a0<\/p>\n\n\n\n<p><strong>invol\u014d, -\u0101re: <\/strong>fly into<\/p>\n\n\n\n<p><strong>cupressus, -\u012b f.: <\/strong>cypress<\/p>\n\n\n\n<p><strong>sagitt\u0101rius, -i\u012b m.: <\/strong>archer<\/p>\n\n\n\n<p><strong>identidem: <\/strong>(adv.) again and again, repeatedly\u00a0<\/p>\n\n\n\n<p><strong>benivol\u0113: <\/strong>(adv.) kindly\u00a0<\/p>\n\n\n\n<p><strong>remone\u014d, -\u0113re, -u\u012b, -itum: <\/strong>warn again\u00a0<\/p>\n\n\n\n<p><strong>c\u014dnsili\u0101trix, -\u012bcis f.: (<\/strong>female) counselor<\/p>\n\n\n\n<p><strong>magisterium, -i\u012b n.: <\/strong>guidance<\/p>\n\n\n\n<p><strong>\u0101ct\u016btum: <\/strong>(adv.) immediately, forthwith<strong>\u00a0<\/strong><\/p>\n\n\n\n<p><strong>tantum<\/strong>: see <a href=\"https:\/\/sites.bc.edu\/latin-commentary\/5-3\/\">5.3.3<\/a><\/p>\n\n\n\n<p><strong>p\u016bni\u014d, -\u012bre, -\u012bv\u012b, -\u012btum: <\/strong>punish, take revenge\u00a0<\/p>\n\n\n\n<p><strong>pr\u014dripi\u014d, -ere, -u\u012b, -itum: <\/strong>See <a href=\"https:\/\/sites.bc.edu\/latin-commentary\/5-21\/\">5.21.2<\/a><\/p>\n\n<\/div><div role=\"tabpanel\" class=\"wp-block-ub-tabbed-content-tab-content-wrap ub-hide\" id=\"ub-tabbed-content-86a95e7a-5a3d-43af-be6f-593fd04528cb-panel-2\" aria-labelledby=\"ub-tabbed-content-86a95e7a-5a3d-43af-be6f-593fd04528cb-tab-2\" tabindex=\"0\">\n<style>.kb-row-layout-id2941_aebbfc-49 > .kt-row-column-wrap{align-content:start;}:where(.kb-row-layout-id2941_aebbfc-49 > .kt-row-column-wrap) > .wp-block-kadence-column{justify-content:start;}.kb-row-layout-id2941_aebbfc-49 > .kt-row-column-wrap{column-gap:var(--global-kb-gap-md, 2rem);row-gap:var(--global-kb-gap-md, 2rem);padding-top:var(--global-kb-spacing-sm, 1.5rem);padding-bottom:var(--global-kb-spacing-sm, 1.5rem);grid-template-columns:repeat(2, minmax(0, 1fr));}.kb-row-layout-id2941_aebbfc-49 > .kt-row-layout-overlay{opacity:0.30;}@media all and (max-width: 1024px){.kb-row-layout-id2941_aebbfc-49 > .kt-row-column-wrap{grid-template-columns:repeat(2, minmax(0, 1fr));}}@media all and (max-width: 767px){.kb-row-layout-id2941_aebbfc-49 > .kt-row-column-wrap{grid-template-columns:minmax(0, 1fr);}}<\/style><div class=\"kb-row-layout-wrap kb-row-layout-id2941_aebbfc-49 alignnone wp-block-kadence-rowlayout\"><div class=\"kt-row-column-wrap kt-has-2-columns kt-row-layout-equal kt-tab-layout-inherit kt-mobile-layout-row kt-row-valign-top\">\n<style>.kadence-column2941_e1c09b-88 > .kt-inside-inner-col,.kadence-column2941_e1c09b-88 > .kt-inside-inner-col:before{border-top-left-radius:0px;border-top-right-radius:0px;border-bottom-right-radius:0px;border-bottom-left-radius:0px;}.kadence-column2941_e1c09b-88 > .kt-inside-inner-col{column-gap:var(--global-kb-gap-sm, 1rem);}.kadence-column2941_e1c09b-88 > .kt-inside-inner-col{flex-direction:column;}.kadence-column2941_e1c09b-88 > .kt-inside-inner-col > .aligncenter{width:100%;}.kadence-column2941_e1c09b-88 > .kt-inside-inner-col:before{opacity:0.3;}.kadence-column2941_e1c09b-88{position:relative;}@media all and (max-width: 1024px){.kadence-column2941_e1c09b-88 > .kt-inside-inner-col{flex-direction:column;justify-content:center;}}@media all and (max-width: 767px){.kadence-column2941_e1c09b-88 > .kt-inside-inner-col{flex-direction:column;justify-content:center;}}<\/style>\n<div class=\"wp-block-kadence-column kadence-column2941_e1c09b-88\"><div class=\"kt-inside-inner-col\"><\/div><\/div>\n\n\n<style>.kadence-column2941_a979de-eb > .kt-inside-inner-col,.kadence-column2941_a979de-eb > .kt-inside-inner-col:before{border-top-left-radius:0px;border-top-right-radius:0px;border-bottom-right-radius:0px;border-bottom-left-radius:0px;}.kadence-column2941_a979de-eb > .kt-inside-inner-col{column-gap:var(--global-kb-gap-sm, 1rem);}.kadence-column2941_a979de-eb > .kt-inside-inner-col{flex-direction:column;}.kadence-column2941_a979de-eb > .kt-inside-inner-col > .aligncenter{width:100%;}.kadence-column2941_a979de-eb > .kt-inside-inner-col:before{opacity:0.3;}.kadence-column2941_a979de-eb{position:relative;}@media all and (max-width: 1024px){.kadence-column2941_a979de-eb > .kt-inside-inner-col{flex-direction:column;justify-content:center;}}@media all and (max-width: 767px){.kadence-column2941_a979de-eb > .kt-inside-inner-col{flex-direction:column;justify-content:center;}}<\/style>\n<div class=\"wp-block-kadence-column kadence-column2941_a979de-eb\"><div class=\"kt-inside-inner-col\"><\/div><\/div>\n\n<\/div><\/div>\n<\/div><\/div>\n\t\t<\/div><\/div><\/div>\n\n<\/div><\/div>\n\n\n<div style=\"height:34px\" aria-hidden=\"true\" class=\"wp-block-spacer\"><\/div>\n\n\n\n<div class=\"wp-block-buttons has-custom-font-size has-small-font-size is-content-justification-space-between is-nowrap is-layout-flex wp-container-core-buttons-is-layout-5924e470 wp-block-buttons-is-layout-flex\">\n<div class=\"wp-block-button is-style-outline is-style-outline--3\"><a class=\"wp-block-button__link has-ast-global-color-6-background-color has-background wp-element-button\" style=\"border-style:none;border-width:0px\">Previous<\/a><\/div>\n\n\n\n<div class=\"wp-block-button is-style-outline is-style-outline--4\"><a class=\"wp-block-button__link has-ast-global-color-6-background-color has-background wp-element-button\" style=\"border-style:none;border-width:0px\">Next<\/a><\/div>\n<\/div>\n\n\n\n<div style=\"height:34px\" aria-hidden=\"true\" class=\"wp-block-spacer\"><\/div>\n","protected":false},"excerpt":{"rendered":"<p>5.24 [1] At Ps\u0233ch\u0113 statim resurgentis eius cr\u016bre dexter\u014d manibus amb\u0101bus adr\u0113pt\u014d subl\u012bmis \u0113vecti\u014dnis appendix miseranda et per n\u016bbil\u0101s plag\u0101s pendul\u012b comit\u0101t\u016bs extr\u0113ma c\u014dnsequia tandem fessa d\u0113l\u0101bitur sol\u014d. [2] Nec deus am\u0101tor hum\u012b iacentem d\u0113ser\u0113ns invol\u0101vit proximam cupressum d\u0113que eius alt\u014d cac\u016bmine s\u012bc eam graviter comm\u014dtus adf\u0101tur: [3] \u201cEgo quidem, simplicissima Ps\u0233ch\u0113, parentis meae Veneris [&hellip;]<\/p>\n","protected":false},"author":1,"featured_media":0,"parent":0,"menu_order":0,"comment_status":"closed","ping_status":"closed","template":"","meta":{"_coblocks_attr":"","_coblocks_dimensions":"","_coblocks_responsive_height":"","_coblocks_accordion_ie_support":"","site-sidebar-layout":"default","site-content-layout":"","ast-site-content-layout":"default","site-content-style":"default","site-sidebar-style":"default","ast-global-header-display":"","ast-banner-title-visibility":"","ast-main-header-display":"","ast-hfb-above-header-display":"","ast-hfb-below-header-display":"","ast-hfb-mobile-header-display":"","site-post-title":"","ast-breadcrumbs-content":"","ast-featured-img":"","footer-sml-layout":"","ast-disable-related-posts":"","theme-transparent-header-meta":"","adv-header-id-meta":"","stick-header-meta":"","header-above-stick-meta":"","header-main-stick-meta":"","header-below-stick-meta":"","astra-migrate-meta-layouts":"set","ast-page-background-enabled":"default","ast-page-background-meta":{"desktop":{"background-color":"var(--ast-global-color-4)","background-image":"","background-repeat":"repeat","background-position":"center center","background-size":"auto","background-attachment":"scroll","background-type":"","background-media":"","overlay-type":"","overlay-color":"","overlay-opacity":"","overlay-gradient":""},"tablet":{"background-color":"","background-image":"","background-repeat":"repeat","background-position":"center center","background-size":"auto","background-attachment":"scroll","background-type":"","background-media":"","overlay-type":"","overlay-color":"","overlay-opacity":"","overlay-gradient":""},"mobile":{"background-color":"","background-image":"","background-repeat":"repeat","background-position":"center center","background-size":"auto","background-attachment":"scroll","background-type":"","background-media":"","overlay-type":"","overlay-color":"","overlay-opacity":"","overlay-gradient":""}},"ast-content-background-meta":{"desktop":{"background-color":"var(--ast-global-color-5)","background-image":"","background-repeat":"repeat","background-position":"center center","background-size":"auto","background-attachment":"scroll","background-type":"","background-media":"","overlay-type":"","overlay-color":"","overlay-opacity":"","overlay-gradient":""},"tablet":{"background-color":"var(--ast-global-color-5)","background-image":"","background-repeat":"repeat","background-position":"center center","background-size":"auto","background-attachment":"scroll","background-type":"","background-media":"","overlay-type":"","overlay-color":"","overlay-opacity":"","overlay-gradient":""},"mobile":{"background-color":"var(--ast-global-color-5)","background-image":"","background-repeat":"repeat","background-position":"center center","background-size":"auto","background-attachment":"scroll","background-type":"","background-media":"","overlay-type":"","overlay-color":"","overlay-opacity":"","overlay-gradient":""}},"footnotes":""},"class_list":["post-2941","page","type-page","status-publish","hentry"],"featured_image_src":null,"_links":{"self":[{"href":"https:\/\/sites.bc.edu\/latin-commentary\/wp-json\/wp\/v2\/pages\/2941","targetHints":{"allow":["GET"]}}],"collection":[{"href":"https:\/\/sites.bc.edu\/latin-commentary\/wp-json\/wp\/v2\/pages"}],"about":[{"href":"https:\/\/sites.bc.edu\/latin-commentary\/wp-json\/wp\/v2\/types\/page"}],"author":[{"embeddable":true,"href":"https:\/\/sites.bc.edu\/latin-commentary\/wp-json\/wp\/v2\/users\/1"}],"replies":[{"embeddable":true,"href":"https:\/\/sites.bc.edu\/latin-commentary\/wp-json\/wp\/v2\/comments?post=2941"}],"version-history":[{"count":7,"href":"https:\/\/sites.bc.edu\/latin-commentary\/wp-json\/wp\/v2\/pages\/2941\/revisions"}],"predecessor-version":[{"id":3164,"href":"https:\/\/sites.bc.edu\/latin-commentary\/wp-json\/wp\/v2\/pages\/2941\/revisions\/3164"}],"wp:attachment":[{"href":"https:\/\/sites.bc.edu\/latin-commentary\/wp-json\/wp\/v2\/media?parent=2941"}],"curies":[{"name":"wp","href":"https:\/\/api.w.org\/{rel}","templated":true}]}}