{"id":2909,"date":"2025-11-12T16:47:41","date_gmt":"2025-11-12T21:47:41","guid":{"rendered":"https:\/\/sites.bc.edu\/latin-commentary\/?page_id=2909"},"modified":"2025-12-14T09:48:45","modified_gmt":"2025-12-14T14:48:45","slug":"5-18","status":"publish","type":"page","link":"https:\/\/sites.bc.edu\/latin-commentary\/5-18\/","title":{"rendered":"5.18"},"content":{"rendered":"\n<figure class=\"wp-block-image alignfull size-large\"><img loading=\"lazy\" decoding=\"async\" width=\"1280\" height=\"85\" src=\"http:\/\/sites.bc.edu\/latin-commentary\/wp-content\/uploads\/sites\/201\/2023\/05\/academic-dept-default.jpeg\" alt=\"\" class=\"wp-image-2384\" srcset=\"https:\/\/sites.bc.edu\/latin-commentary\/wp-content\/uploads\/sites\/201\/2023\/05\/academic-dept-default.jpeg 1280w, https:\/\/sites.bc.edu\/latin-commentary\/wp-content\/uploads\/sites\/201\/2023\/05\/academic-dept-default-300x20.jpeg 300w, https:\/\/sites.bc.edu\/latin-commentary\/wp-content\/uploads\/sites\/201\/2023\/05\/academic-dept-default-1024x68.jpeg 1024w, https:\/\/sites.bc.edu\/latin-commentary\/wp-content\/uploads\/sites\/201\/2023\/05\/academic-dept-default-768x51.jpeg 768w\" sizes=\"auto, (max-width: 1280px) 100vw, 1280px\" \/><\/figure>\n\n\n\n<div style=\"height:63px\" aria-hidden=\"true\" class=\"wp-block-spacer mt-0\"><\/div>\n\n\n\n<h2 class=\"wp-block-heading has-text-align-left\">5.18<\/h2>\n\n\n\n<div class=\"wp-block-buttons is-content-justification-space-between is-nowrap is-layout-flex wp-container-core-buttons-is-layout-5924e470 wp-block-buttons-is-layout-flex\">\n<div class=\"wp-block-button is-style-outline is-style-outline--1\"><a class=\"wp-block-button__link has-ast-global-color-6-background-color has-background has-small-font-size has-custom-font-size wp-element-button\" href=\"https:\/\/sites.bc.edu\/latin-commentary\/5-17\/\" style=\"border-style:none;border-width:0px\">Previous<\/a><\/div>\n\n\n\n<div class=\"wp-block-button is-style-outline is-style-outline--2\"><a class=\"wp-block-button__link has-ast-global-color-6-background-color has-background has-small-font-size has-custom-font-size wp-element-button\" href=\"https:\/\/sites.bc.edu\/latin-commentary\/5-19\/\" style=\"border-style:none;border-width:0px\">Next<\/a><\/div>\n<\/div>\n\n\n\n<div style=\"height:34px\" aria-hidden=\"true\" class=\"wp-block-spacer\"><\/div>\n\n\n<style>.kb-row-layout-id2909_a33d35-6f > .kt-row-column-wrap{align-content:start;}:where(.kb-row-layout-id2909_a33d35-6f > .kt-row-column-wrap) > .wp-block-kadence-column{justify-content:start;}.kb-row-layout-id2909_a33d35-6f > .kt-row-column-wrap{column-gap:var(--global-kb-gap-md, 2rem);row-gap:var(--global-kb-gap-md, 2rem);padding-top:var(--global-kb-spacing-sm, 1.5rem);padding-bottom:var(--global-kb-spacing-sm, 1.5rem);grid-template-columns:minmax(0, calc(50% - ((var(--global-kb-gap-md, 2rem) * 1 )\/2)))minmax(0, calc(50% - ((var(--global-kb-gap-md, 2rem) * 1 )\/2)));}.kb-row-layout-id2909_a33d35-6f > .kt-row-layout-overlay{opacity:0.30;}@media all and (max-width: 1024px){.kb-row-layout-id2909_a33d35-6f > .kt-row-column-wrap{grid-template-columns:repeat(2, minmax(0, 1fr));}}@media all and (max-width: 767px){.kb-row-layout-id2909_a33d35-6f > .kt-row-column-wrap{grid-template-columns:minmax(0, 1fr);}}<\/style><div class=\"kb-row-layout-wrap kb-row-layout-id2909_a33d35-6f alignnone wp-block-kadence-rowlayout\"><div class=\"kt-row-column-wrap kt-has-2-columns kt-row-layout-equal kt-tab-layout-inherit kt-mobile-layout-row kt-row-valign-top\">\n<style>.kadence-column2909_725c2d-1f > .kt-inside-inner-col,.kadence-column2909_725c2d-1f > .kt-inside-inner-col:before{border-top-left-radius:0px;border-top-right-radius:0px;border-bottom-right-radius:0px;border-bottom-left-radius:0px;}.kadence-column2909_725c2d-1f > .kt-inside-inner-col{column-gap:var(--global-kb-gap-sm, 1rem);}.kadence-column2909_725c2d-1f > .kt-inside-inner-col{flex-direction:column;}.kadence-column2909_725c2d-1f > .kt-inside-inner-col > .aligncenter{width:100%;}.kadence-column2909_725c2d-1f > .kt-inside-inner-col:before{opacity:0.3;}.kadence-column2909_725c2d-1f{position:relative;}@media all and (max-width: 1024px){.kadence-column2909_725c2d-1f > .kt-inside-inner-col{flex-direction:column;justify-content:center;}}@media all and (max-width: 767px){.kadence-column2909_725c2d-1f > .kt-inside-inner-col{flex-direction:column;justify-content:center;}}<\/style>\n<div class=\"wp-block-kadence-column kadence-column2909_725c2d-1f\"><div class=\"kt-inside-inner-col\">\n<p class=\"has-medium-font-size\" style=\"margin-top:var(--wp--preset--spacing--60)\">[1] Nec di\u016b bland\u012bs alim\u014dni\u0101rum obsequi\u012bs t\u0113 sag\u012bn\u0101t\u016brum omn\u0113s adfirmant, sed cum pr\u012bmum praegn\u0101ti\u014dnem tuam pl\u0113nus m\u0101t\u016br\u0101verit uterus, op\u012bmi\u014dre fr\u016bct\u016b praeditam d\u0113vor\u0101t\u016brum. [2] Ad haec iam tua est ex\u012bstim\u0101ti\u014d, utrum sor\u014dribus pr\u014d tu\u0101 c\u0101r\u0101 sal\u016bte sollicit\u012bs adsent\u012br\u012b v\u0113l\u012bs et d\u0113cl\u012bn\u0101t\u0101 morte n\u014db\u012bscum s\u0113c\u016bra per\u012bcul\u012b v\u012bvere an saevissimae b\u0113stiae sepel\u012br\u012b v\u012bsceribus. [3] Quods\u012b t\u0113 r\u016bris huius v\u014dc\u0101lis s\u014dlit\u016bd\u014d vel clandest\u012bnae v\u0113neris faetid\u012b per\u012bcul\u014ds\u012bque concubit\u016bs et ven\u0113n\u0101t\u012b serpentis amplex\u016bs d\u0113lectant, cert\u0113 piae sor\u014dr\u0113s nostrum f\u0113cer\u012bmus.\u201d<br>[4] Tunc Ps\u0233ch\u0113 misella utpote simplex et anim\u012b tenella, rapitur verb\u014drum tam tr\u012bstium form\u012bdine: extr\u0101 terminum mentis suae posita pr\u014drsus omnium mar\u012bt\u012b moniti\u014dnum su\u0101rumque pr\u014dmissi\u014dnum memoriam eff\u016bdit et in profundum calamit\u0101tis s\u0113s\u0113 praecipit\u0101vit trem\u0113nsque et exsangu\u012b col\u014dre l\u016brida terti\u0101ta verba s\u0113mihiant\u012b v\u014dce substr\u0113p\u0113ns s\u012bc ad ill\u0101s ait:<\/p>\n<\/div><\/div>\n\n\n<style>.kadence-column2909_4ec823-62 > .kt-inside-inner-col,.kadence-column2909_4ec823-62 > .kt-inside-inner-col:before{border-top-left-radius:0px;border-top-right-radius:0px;border-bottom-right-radius:0px;border-bottom-left-radius:0px;}.kadence-column2909_4ec823-62 > .kt-inside-inner-col{column-gap:var(--global-kb-gap-sm, 1rem);}.kadence-column2909_4ec823-62 > .kt-inside-inner-col{flex-direction:column;}.kadence-column2909_4ec823-62 > .kt-inside-inner-col > .aligncenter{width:100%;}.kadence-column2909_4ec823-62 > .kt-inside-inner-col:before{opacity:0.3;}.kadence-column2909_4ec823-62{position:relative;}@media all and (max-width: 1024px){.kadence-column2909_4ec823-62 > .kt-inside-inner-col{flex-direction:column;justify-content:center;}}@media all and (max-width: 767px){.kadence-column2909_4ec823-62 > .kt-inside-inner-col{flex-direction:column;justify-content:center;}}<\/style>\n<div class=\"wp-block-kadence-column kadence-column2909_4ec823-62\"><div class=\"kt-inside-inner-col\"><div class=\"wp-block-ub-tabbed-content wp-block-ub-tabbed-content-holder wp-block-ub-tabbed-content-horizontal-holder-mobile wp-block-ub-tabbed-content-horizontal-holder-tablet\" id=\"ub-tabbed-content-c08b8fff-c267-4518-9d3a-6139c2b48df5\" style=\"\">\n\t\t\t<div class=\"wp-block-ub-tabbed-content-tab-holder horizontal-tab-width-mobile horizontal-tab-width-tablet\">\n\t\t\t\t<div role=\"tablist\" class=\"wp-block-ub-tabbed-content-tabs-title wp-block-ub-tabbed-content-tabs-title-mobile-horizontal-tab wp-block-ub-tabbed-content-tabs-title-tablet-horizontal-tab\" style=\"justify-content: flex-start; \"><div role=\"tab\" id=\"ub-tabbed-content-c08b8fff-c267-4518-9d3a-6139c2b48df5-tab-0\" aria-controls=\"ub-tabbed-content-c08b8fff-c267-4518-9d3a-6139c2b48df5-panel-0\" aria-selected=\"true\" class=\"wp-block-ub-tabbed-content-tab-title-wrap active\" style=\"--ub-tabbed-title-background-color: #eeeeee; --ub-tabbed-active-title-color: inherit; --ub-tabbed-active-title-background-color: #eeeeee; text-align: left; \" tabindex=\"-1\">\n\t\t\t\t<div class=\"wp-block-ub-tabbed-content-tab-title\">Notes<\/div>\n\t\t\t<\/div><div role=\"tab\" id=\"ub-tabbed-content-c08b8fff-c267-4518-9d3a-6139c2b48df5-tab-1\" aria-controls=\"ub-tabbed-content-c08b8fff-c267-4518-9d3a-6139c2b48df5-panel-1\" aria-selected=\"false\" class=\"wp-block-ub-tabbed-content-tab-title-wrap\" style=\"--ub-tabbed-active-title-color: inherit; --ub-tabbed-active-title-background-color: #eeeeee; text-align: left; \" tabindex=\"-1\">\n\t\t\t\t<div class=\"wp-block-ub-tabbed-content-tab-title\">Vocabulary<\/div>\n\t\t\t<\/div><div role=\"tab\" id=\"ub-tabbed-content-c08b8fff-c267-4518-9d3a-6139c2b48df5-tab-2\" aria-controls=\"ub-tabbed-content-c08b8fff-c267-4518-9d3a-6139c2b48df5-panel-2\" aria-selected=\"false\" class=\"wp-block-ub-tabbed-content-tab-title-wrap\" style=\"--ub-tabbed-active-title-color: inherit; --ub-tabbed-active-title-background-color: #eeeeee; text-align: left; \" tabindex=\"-1\">\n\t\t\t\t<div class=\"wp-block-ub-tabbed-content-tab-title\">Media<\/div>\n\t\t\t<\/div><\/div>\n\t\t\t<\/div>\n\t\t\t<div class=\"wp-block-ub-tabbed-content-tabs-content\" style=\"\"><div role=\"tabpanel\" class=\"wp-block-ub-tabbed-content-tab-content-wrap active\" id=\"ub-tabbed-content-c08b8fff-c267-4518-9d3a-6139c2b48df5-panel-0\" aria-labelledby=\"ub-tabbed-content-c08b8fff-c267-4518-9d3a-6139c2b48df5-tab-0\" tabindex=\"0\">\n\n<blockquote class=\"wp-block-quote is-layout-flow wp-block-quote-is-layout-flow\">\n<p><em><em>Psyche\u2019s sisters continue to terrify her by fashioning a monstrous description of Cupid<\/em><\/em>.<\/p>\n<\/blockquote>\n\n\n\n<p><strong>cum pr\u012bmum praegn\u0101ti\u014dnem tuam pl\u0113nus m\u0101t\u016br\u0101verit uterus<\/strong>: \u201cAs soon as your swelling womb has brought your pregnancy to full term.\u201d (lit: \u201cwhen first your full womb will have brought your pregnancy to maturity\u201d).\u00a0<\/p>\n\n\n\n<p><strong>utrum\u2026visceribus<\/strong>: Very long indirect question introduced by the thinking of <em>existimatio<\/em>. The main verb of the indirect question is <em>velis<\/em>, + complementary infinitives <em>adsent\u012br\u012b<\/em>, <em>v\u012bvere<\/em>, and <em>sepel\u012br\u012b<\/em>.\u00a0<\/p>\n\n\n\n<p><strong>sor\u014dribus\u2026 sollicit\u012bs<\/strong>: Dative object of <em>adsent\u012br\u012b.<\/em><\/p>\n\n\n\n<p><strong>faetid\u012b per\u012bcul\u014ds\u012bque<\/strong>: Nom. pl. modifying <em>concubit\u016bs<\/em>.<\/p>\n\n\n\n<p><strong>nostrum f\u0113cer\u012bmus<\/strong>: \u201cWe will have done our (part).\u201d Note the irony of <em>piae,<\/em> here, between their actions and intent.<\/p>\n\n\n\n<p><strong>misella\u2026 tenella<\/strong>: The use of diminutive adjectives amplify the immature and <em>simplex<\/em> nature of Psyche.<\/p>\n\n\n\n<p><strong>extr\u0101 terminum mentis suae:<\/strong> Cf. <em>Met<\/em>. 3.22.2 <em>exterminatus animi<\/em>. Psyche\u2019s position closely resembles Lucius\u2019 <em>curiositas<\/em> about magic. This foreshadows the consequences of her own <em>curiositas <\/em>later.\u00a0<\/p>\n\n\n\n<p><strong>terti\u0101ta verba semihiant\u012b v\u014dce substr\u0113p\u0113ns s\u012bc ad ill\u0101s ait<\/strong>: Even in the Latin, Psyche scrambles to find her words three different times: <em>terti\u0101ta verba<\/em>, <em>semihiant\u012b v\u014dce substr\u0113p\u0113ns, s\u012bc\u2026 ait<\/em>.<\/p>\n\n\n\n<p><\/p>\n\n\n\n<p><a href=\"tel:617-552-4219.html\"><\/a><\/p>\n\n\n\n<p><\/p>\n\n<\/div><div role=\"tabpanel\" class=\"wp-block-ub-tabbed-content-tab-content-wrap ub-hide\" id=\"ub-tabbed-content-c08b8fff-c267-4518-9d3a-6139c2b48df5-panel-1\" aria-labelledby=\"ub-tabbed-content-c08b8fff-c267-4518-9d3a-6139c2b48df5-tab-1\" tabindex=\"0\">\n\n<p><strong>alim\u014dnia, -ae f.:<\/strong> nourishment\u00a0<\/p>\n\n\n\n<p><strong>obsequium, -\u012b:<\/strong> indulgence<\/p>\n\n\n\n<p><strong>sag\u012bn\u014d, -\u0101re:<\/strong> to fatten, stuff<\/p>\n\n\n\n<p><strong>praeditus<\/strong>, <strong>-a, -um<\/strong>: endowed, burdened<\/p>\n\n\n\n<p><strong>s\u0113c\u016brus, -a, -um:<\/strong> free from care, unconcerned (with) (+ gen.)<\/p>\n\n\n\n<p><strong>v\u014dc\u0101lis, -e:<\/strong> speaking, talking<\/p>\n\n\n\n<p><strong>f(a)etidus, -a, -um:<\/strong> stinking, foul, disgusting<\/p>\n\n\n\n<p><strong>concubitus, -\u016bs m.:<\/strong> sexual embrace, a lying together<\/p>\n\n\n\n<p><strong>amplexus, -\u016bs, m.:<\/strong> embrace<\/p>\n\n\n\n<p><strong>misellus, -a, -um:<\/strong> poor, wretched<\/p>\n\n\n\n<p><strong>utpote:<\/strong> (adv.) as is natural<\/p>\n\n\n\n<p><strong>simplex, simplicis:<\/strong> naive<\/p>\n\n\n\n<p><strong>tenellus, -a, -um:<\/strong> delicate\u00a0<\/p>\n\n\n\n<p><strong>exsanguis, -e:<\/strong> bloodless, lifeless<\/p>\n\n\n\n<p><strong>l\u016bridus, -a, -um:<\/strong> pale, ghastly\u00a0<\/p>\n\n\n\n<p><strong>terti\u014d, -\u0101re:<\/strong> to try for a third time<\/p>\n\n\n\n<p><strong>s\u0113mihians, -antis:<\/strong> half-open<\/p>\n\n\n\n<p><strong>substr\u0113p\u0113ns, -entis:<\/strong> gasping, just uttering<\/p>\n\n\n\n<p><\/p>\n\n<\/div><div role=\"tabpanel\" class=\"wp-block-ub-tabbed-content-tab-content-wrap ub-hide\" id=\"ub-tabbed-content-c08b8fff-c267-4518-9d3a-6139c2b48df5-panel-2\" aria-labelledby=\"ub-tabbed-content-c08b8fff-c267-4518-9d3a-6139c2b48df5-tab-2\" tabindex=\"0\">\n<style>.kb-row-layout-id2909_e9f591-51 > .kt-row-column-wrap{align-content:start;}:where(.kb-row-layout-id2909_e9f591-51 > .kt-row-column-wrap) > .wp-block-kadence-column{justify-content:start;}.kb-row-layout-id2909_e9f591-51 > .kt-row-column-wrap{column-gap:var(--global-kb-gap-md, 2rem);row-gap:var(--global-kb-gap-md, 2rem);padding-top:var(--global-kb-spacing-sm, 1.5rem);padding-bottom:var(--global-kb-spacing-sm, 1.5rem);grid-template-columns:repeat(2, minmax(0, 1fr));}.kb-row-layout-id2909_e9f591-51 > .kt-row-layout-overlay{opacity:0.30;}@media all and (max-width: 1024px){.kb-row-layout-id2909_e9f591-51 > .kt-row-column-wrap{grid-template-columns:repeat(2, minmax(0, 1fr));}}@media all and (max-width: 767px){.kb-row-layout-id2909_e9f591-51 > .kt-row-column-wrap{grid-template-columns:minmax(0, 1fr);}}<\/style><div class=\"kb-row-layout-wrap kb-row-layout-id2909_e9f591-51 alignnone wp-block-kadence-rowlayout\"><div class=\"kt-row-column-wrap kt-has-2-columns kt-row-layout-equal kt-tab-layout-inherit kt-mobile-layout-row kt-row-valign-top\">\n<style>.kadence-column2909_c49398-28 > .kt-inside-inner-col,.kadence-column2909_c49398-28 > .kt-inside-inner-col:before{border-top-left-radius:0px;border-top-right-radius:0px;border-bottom-right-radius:0px;border-bottom-left-radius:0px;}.kadence-column2909_c49398-28 > .kt-inside-inner-col{column-gap:var(--global-kb-gap-sm, 1rem);}.kadence-column2909_c49398-28 > .kt-inside-inner-col{flex-direction:column;}.kadence-column2909_c49398-28 > .kt-inside-inner-col > .aligncenter{width:100%;}.kadence-column2909_c49398-28 > .kt-inside-inner-col:before{opacity:0.3;}.kadence-column2909_c49398-28{position:relative;}@media all and (max-width: 1024px){.kadence-column2909_c49398-28 > .kt-inside-inner-col{flex-direction:column;justify-content:center;}}@media all and (max-width: 767px){.kadence-column2909_c49398-28 > .kt-inside-inner-col{flex-direction:column;justify-content:center;}}<\/style>\n<div class=\"wp-block-kadence-column kadence-column2909_c49398-28\"><div class=\"kt-inside-inner-col\">\n<p class=\"has-text-align-center\"><\/p>\n<\/div><\/div>\n\n\n<style>.kadence-column2909_bc3721-de > .kt-inside-inner-col,.kadence-column2909_bc3721-de > .kt-inside-inner-col:before{border-top-left-radius:0px;border-top-right-radius:0px;border-bottom-right-radius:0px;border-bottom-left-radius:0px;}.kadence-column2909_bc3721-de > .kt-inside-inner-col{column-gap:var(--global-kb-gap-sm, 1rem);}.kadence-column2909_bc3721-de > .kt-inside-inner-col{flex-direction:column;}.kadence-column2909_bc3721-de > .kt-inside-inner-col > .aligncenter{width:100%;}.kadence-column2909_bc3721-de > .kt-inside-inner-col:before{opacity:0.3;}.kadence-column2909_bc3721-de{position:relative;}@media all and (max-width: 1024px){.kadence-column2909_bc3721-de > .kt-inside-inner-col{flex-direction:column;justify-content:center;}}@media all and (max-width: 767px){.kadence-column2909_bc3721-de > .kt-inside-inner-col{flex-direction:column;justify-content:center;}}<\/style>\n<div class=\"wp-block-kadence-column kadence-column2909_bc3721-de\"><div class=\"kt-inside-inner-col\">\n<p><\/p>\n<\/div><\/div>\n\n<\/div><\/div>\n<\/div><\/div>\n\t\t<\/div><\/div><\/div>\n\n<\/div><\/div>\n\n\n<div style=\"height:34px\" aria-hidden=\"true\" class=\"wp-block-spacer\"><\/div>\n\n\n\n<div class=\"wp-block-buttons has-custom-font-size has-small-font-size is-content-justification-space-between is-nowrap is-layout-flex wp-container-core-buttons-is-layout-5924e470 wp-block-buttons-is-layout-flex\">\n<div class=\"wp-block-button is-style-outline is-style-outline--3\"><a class=\"wp-block-button__link has-ast-global-color-6-background-color has-background wp-element-button\" style=\"border-style:none;border-width:0px\">Previous<\/a><\/div>\n\n\n\n<div class=\"wp-block-button is-style-outline is-style-outline--4\"><a class=\"wp-block-button__link has-ast-global-color-6-background-color has-background wp-element-button\" style=\"border-style:none;border-width:0px\">Next<\/a><\/div>\n<\/div>\n\n\n\n<div style=\"height:34px\" aria-hidden=\"true\" class=\"wp-block-spacer\"><\/div>\n","protected":false},"excerpt":{"rendered":"<p>5.18 [1] Nec di\u016b bland\u012bs alim\u014dni\u0101rum obsequi\u012bs t\u0113 sag\u012bn\u0101t\u016brum omn\u0113s adfirmant, sed cum pr\u012bmum praegn\u0101ti\u014dnem tuam pl\u0113nus m\u0101t\u016br\u0101verit uterus, op\u012bmi\u014dre fr\u016bct\u016b praeditam d\u0113vor\u0101t\u016brum. [2] Ad haec iam tua est ex\u012bstim\u0101ti\u014d, utrum sor\u014dribus pr\u014d tu\u0101 c\u0101r\u0101 sal\u016bte sollicit\u012bs adsent\u012br\u012b v\u0113l\u012bs et d\u0113cl\u012bn\u0101t\u0101 morte n\u014db\u012bscum s\u0113c\u016bra per\u012bcul\u012b v\u012bvere an saevissimae b\u0113stiae sepel\u012br\u012b v\u012bsceribus. [3] Quods\u012b t\u0113 r\u016bris [&hellip;]<\/p>\n","protected":false},"author":1,"featured_media":0,"parent":0,"menu_order":0,"comment_status":"closed","ping_status":"closed","template":"","meta":{"_coblocks_attr":"","_coblocks_dimensions":"","_coblocks_responsive_height":"","_coblocks_accordion_ie_support":"","site-sidebar-layout":"default","site-content-layout":"","ast-site-content-layout":"default","site-content-style":"default","site-sidebar-style":"default","ast-global-header-display":"","ast-banner-title-visibility":"","ast-main-header-display":"","ast-hfb-above-header-display":"","ast-hfb-below-header-display":"","ast-hfb-mobile-header-display":"","site-post-title":"","ast-breadcrumbs-content":"","ast-featured-img":"","footer-sml-layout":"","ast-disable-related-posts":"","theme-transparent-header-meta":"","adv-header-id-meta":"","stick-header-meta":"","header-above-stick-meta":"","header-main-stick-meta":"","header-below-stick-meta":"","astra-migrate-meta-layouts":"set","ast-page-background-enabled":"default","ast-page-background-meta":{"desktop":{"background-color":"var(--ast-global-color-4)","background-image":"","background-repeat":"repeat","background-position":"center center","background-size":"auto","background-attachment":"scroll","background-type":"","background-media":"","overlay-type":"","overlay-color":"","overlay-opacity":"","overlay-gradient":""},"tablet":{"background-color":"","background-image":"","background-repeat":"repeat","background-position":"center center","background-size":"auto","background-attachment":"scroll","background-type":"","background-media":"","overlay-type":"","overlay-color":"","overlay-opacity":"","overlay-gradient":""},"mobile":{"background-color":"","background-image":"","background-repeat":"repeat","background-position":"center center","background-size":"auto","background-attachment":"scroll","background-type":"","background-media":"","overlay-type":"","overlay-color":"","overlay-opacity":"","overlay-gradient":""}},"ast-content-background-meta":{"desktop":{"background-color":"var(--ast-global-color-5)","background-image":"","background-repeat":"repeat","background-position":"center center","background-size":"auto","background-attachment":"scroll","background-type":"","background-media":"","overlay-type":"","overlay-color":"","overlay-opacity":"","overlay-gradient":""},"tablet":{"background-color":"var(--ast-global-color-5)","background-image":"","background-repeat":"repeat","background-position":"center center","background-size":"auto","background-attachment":"scroll","background-type":"","background-media":"","overlay-type":"","overlay-color":"","overlay-opacity":"","overlay-gradient":""},"mobile":{"background-color":"var(--ast-global-color-5)","background-image":"","background-repeat":"repeat","background-position":"center center","background-size":"auto","background-attachment":"scroll","background-type":"","background-media":"","overlay-type":"","overlay-color":"","overlay-opacity":"","overlay-gradient":""}},"footnotes":""},"class_list":["post-2909","page","type-page","status-publish","hentry"],"featured_image_src":null,"_links":{"self":[{"href":"https:\/\/sites.bc.edu\/latin-commentary\/wp-json\/wp\/v2\/pages\/2909","targetHints":{"allow":["GET"]}}],"collection":[{"href":"https:\/\/sites.bc.edu\/latin-commentary\/wp-json\/wp\/v2\/pages"}],"about":[{"href":"https:\/\/sites.bc.edu\/latin-commentary\/wp-json\/wp\/v2\/types\/page"}],"author":[{"embeddable":true,"href":"https:\/\/sites.bc.edu\/latin-commentary\/wp-json\/wp\/v2\/users\/1"}],"replies":[{"embeddable":true,"href":"https:\/\/sites.bc.edu\/latin-commentary\/wp-json\/wp\/v2\/comments?post=2909"}],"version-history":[{"count":7,"href":"https:\/\/sites.bc.edu\/latin-commentary\/wp-json\/wp\/v2\/pages\/2909\/revisions"}],"predecessor-version":[{"id":3145,"href":"https:\/\/sites.bc.edu\/latin-commentary\/wp-json\/wp\/v2\/pages\/2909\/revisions\/3145"}],"wp:attachment":[{"href":"https:\/\/sites.bc.edu\/latin-commentary\/wp-json\/wp\/v2\/media?parent=2909"}],"curies":[{"name":"wp","href":"https:\/\/api.w.org\/{rel}","templated":true}]}}