{"id":2517,"date":"2023-10-31T16:13:46","date_gmt":"2023-10-31T20:13:46","guid":{"rendered":"https:\/\/sites.bc.edu\/latin-commentary\/?page_id=2517"},"modified":"2025-10-20T15:21:30","modified_gmt":"2025-10-20T19:21:30","slug":"5-8","status":"publish","type":"page","link":"https:\/\/sites.bc.edu\/latin-commentary\/5-8\/","title":{"rendered":"5.8"},"content":{"rendered":"\n<figure class=\"wp-block-image alignfull size-large\"><img loading=\"lazy\" decoding=\"async\" width=\"1280\" height=\"85\" src=\"http:\/\/sites.bc.edu\/latin-commentary\/wp-content\/uploads\/sites\/201\/2023\/05\/academic-dept-default.jpeg\" alt=\"\" class=\"wp-image-2384\" srcset=\"https:\/\/sites.bc.edu\/latin-commentary\/wp-content\/uploads\/sites\/201\/2023\/05\/academic-dept-default.jpeg 1280w, https:\/\/sites.bc.edu\/latin-commentary\/wp-content\/uploads\/sites\/201\/2023\/05\/academic-dept-default-300x20.jpeg 300w, https:\/\/sites.bc.edu\/latin-commentary\/wp-content\/uploads\/sites\/201\/2023\/05\/academic-dept-default-1024x68.jpeg 1024w, https:\/\/sites.bc.edu\/latin-commentary\/wp-content\/uploads\/sites\/201\/2023\/05\/academic-dept-default-768x51.jpeg 768w\" sizes=\"auto, (max-width: 1280px) 100vw, 1280px\" \/><\/figure>\n\n\n\n<div style=\"height:63px\" aria-hidden=\"true\" class=\"wp-block-spacer mt-0\"><\/div>\n\n\n\n<h2 class=\"wp-block-heading has-text-align-left\">5.8<\/h2>\n\n\n\n<div class=\"wp-block-buttons is-content-justification-space-between is-nowrap is-layout-flex wp-container-core-buttons-is-layout-5924e470 wp-block-buttons-is-layout-flex\">\n<div class=\"wp-block-button is-style-outline is-style-outline--1\"><a class=\"wp-block-button__link has-ast-global-color-6-background-color has-background has-small-font-size has-custom-font-size wp-element-button\" href=\"https:\/\/sites.bc.edu\/latin-commentary\/5-7\/\" style=\"border-style:none;border-width:0px\">Previous<\/a><\/div>\n\n\n\n<div class=\"wp-block-button is-style-outline is-style-outline--2\"><a class=\"wp-block-button__link has-ast-global-color-6-background-color has-background has-small-font-size has-custom-font-size wp-element-button\" href=\"https:\/\/sites.bc.edu\/latin-commentary\/5-9\/\" style=\"border-style:none;border-width:0px\">Next<\/a><\/div>\n<\/div>\n\n\n\n<div style=\"height:34px\" aria-hidden=\"true\" class=\"wp-block-spacer\"><\/div>\n\n\n<style>.kb-row-layout-id2517_a3cc77-b2 > .kt-row-column-wrap{align-content:start;}:where(.kb-row-layout-id2517_a3cc77-b2 > .kt-row-column-wrap) > .wp-block-kadence-column{justify-content:start;}.kb-row-layout-id2517_a3cc77-b2 > .kt-row-column-wrap{column-gap:var(--global-kb-gap-md, 2rem);row-gap:var(--global-kb-gap-md, 2rem);padding-top:var(--global-kb-spacing-sm, 1.5rem);padding-bottom:var(--global-kb-spacing-sm, 1.5rem);grid-template-columns:minmax(0, calc(50% - ((var(--global-kb-gap-md, 2rem) * 1 )\/2)))minmax(0, calc(50% - ((var(--global-kb-gap-md, 2rem) * 1 )\/2)));}.kb-row-layout-id2517_a3cc77-b2 > .kt-row-layout-overlay{opacity:0.30;}@media all and (max-width: 1024px){.kb-row-layout-id2517_a3cc77-b2 > .kt-row-column-wrap{grid-template-columns:repeat(2, minmax(0, 1fr));}}@media all and (max-width: 767px){.kb-row-layout-id2517_a3cc77-b2 > .kt-row-column-wrap{grid-template-columns:minmax(0, 1fr);}}<\/style><div class=\"kb-row-layout-wrap kb-row-layout-id2517_a3cc77-b2 alignnone wp-block-kadence-rowlayout\"><div class=\"kt-row-column-wrap kt-has-2-columns kt-row-layout-equal kt-tab-layout-inherit kt-mobile-layout-row kt-row-valign-top\">\n<style>.kadence-column2517_b24577-c0 > .kt-inside-inner-col,.kadence-column2517_b24577-c0 > .kt-inside-inner-col:before{border-top-left-radius:0px;border-top-right-radius:0px;border-bottom-right-radius:0px;border-bottom-left-radius:0px;}.kadence-column2517_b24577-c0 > .kt-inside-inner-col{column-gap:var(--global-kb-gap-sm, 1rem);}.kadence-column2517_b24577-c0 > .kt-inside-inner-col{flex-direction:column;}.kadence-column2517_b24577-c0 > .kt-inside-inner-col > .aligncenter{width:100%;}.kadence-column2517_b24577-c0 > .kt-inside-inner-col:before{opacity:0.3;}.kadence-column2517_b24577-c0{position:relative;}@media all and (max-width: 1024px){.kadence-column2517_b24577-c0 > .kt-inside-inner-col{flex-direction:column;justify-content:center;}}@media all and (max-width: 767px){.kadence-column2517_b24577-c0 > .kt-inside-inner-col{flex-direction:column;justify-content:center;}}<\/style>\n<div class=\"wp-block-kadence-column kadence-column2517_b24577-c0\"><div class=\"kt-inside-inner-col\">\n<p class=\"has-medium-font-size\" style=\"margin-top:var(--wp--preset--spacing--60)\">[1] S\u012bc alloc\u016bta summ\u0101s op\u0113s dom\u016bs aureae v\u014dcumque servientium popul\u014dsam familiam d\u0113m\u014dnstrat ocul\u012bs et auribus e\u0101rum lav\u0101cr\u014dque pulcherrim\u014d et inh\u016bm\u0101nae m\u0113nsae lautiti\u012bs e\u0101s opipar\u0113 reficit, [2] ut ill\u0101rum pr\u014drsus caelestium d\u012bviti\u0101rum c\u014dpi\u012bs affluentibus sati\u0101tae iam praecordi\u012bs penitus n\u016btr\u012brent invidiam. [3] D\u0113nique altera e\u0101rum satis scr\u016bpul\u014ds\u0113 c\u016bri\u014ds\u0113que percont\u0101r\u012b n\u014dn d\u0113sinit, quis ill\u0101rum caelestium r\u0113rum dominus, quisve vel qu\u0101lis ips\u012bus sit mar\u012btus. [4] Nec tamen Ps\u0233ch\u0113 coniug\u0101le illud praeceptum \u016bll\u014d pact\u014d temerat vel pectoris arc\u0101n\u012bs exigit, sed \u0113 r\u0113 n\u0101t\u0101 c\u014dnfingit esse iuvenem quendam et speci\u014dsum, commodum l\u0101n\u014ds\u014d barbiti\u014d gen\u0101s inumbrantem, pl\u0113rumque r\u016brestribus ac mont\u0101n\u012bs v\u0113n\u0101tibus occup\u0101tum, [5] et n\u0113 qu\u0101 serm\u014dnis pr\u014dc\u0113dentis l\u0101be c\u014dnsilium tacitum pr\u014dder\u0113tur, aur\u014d fact\u014d gemm\u014ds\u012bsque mon\u012blibus onust\u0101s e\u0101s statim voc\u0101t\u014d Zephyr\u014d tr\u0101dit reportand\u0101s.<\/p>\n<\/div><\/div>\n\n\n<style>.kadence-column2517_b3c4bf-08 > .kt-inside-inner-col,.kadence-column2517_b3c4bf-08 > .kt-inside-inner-col:before{border-top-left-radius:0px;border-top-right-radius:0px;border-bottom-right-radius:0px;border-bottom-left-radius:0px;}.kadence-column2517_b3c4bf-08 > .kt-inside-inner-col{column-gap:var(--global-kb-gap-sm, 1rem);}.kadence-column2517_b3c4bf-08 > .kt-inside-inner-col{flex-direction:column;}.kadence-column2517_b3c4bf-08 > .kt-inside-inner-col > .aligncenter{width:100%;}.kadence-column2517_b3c4bf-08 > .kt-inside-inner-col:before{opacity:0.3;}.kadence-column2517_b3c4bf-08{position:relative;}@media all and (max-width: 1024px){.kadence-column2517_b3c4bf-08 > .kt-inside-inner-col{flex-direction:column;justify-content:center;}}@media all and (max-width: 767px){.kadence-column2517_b3c4bf-08 > .kt-inside-inner-col{flex-direction:column;justify-content:center;}}<\/style>\n<div class=\"wp-block-kadence-column kadence-column2517_b3c4bf-08\"><div class=\"kt-inside-inner-col\"><div class=\"wp-block-ub-tabbed-content wp-block-ub-tabbed-content-holder wp-block-ub-tabbed-content-horizontal-holder-mobile wp-block-ub-tabbed-content-horizontal-holder-tablet\" id=\"ub-tabbed-content-7f78fe87-3687-466e-9bfa-8b2d006dc3a6\" style=\"\">\n\t\t\t<div class=\"wp-block-ub-tabbed-content-tab-holder horizontal-tab-width-mobile horizontal-tab-width-tablet\">\n\t\t\t\t<div role=\"tablist\" class=\"wp-block-ub-tabbed-content-tabs-title wp-block-ub-tabbed-content-tabs-title-mobile-horizontal-tab wp-block-ub-tabbed-content-tabs-title-tablet-horizontal-tab\" style=\"justify-content: flex-start; \"><div role=\"tab\" id=\"ub-tabbed-content-7f78fe87-3687-466e-9bfa-8b2d006dc3a6-tab-0\" aria-controls=\"ub-tabbed-content-7f78fe87-3687-466e-9bfa-8b2d006dc3a6-panel-0\" aria-selected=\"true\" class=\"wp-block-ub-tabbed-content-tab-title-wrap active\" style=\"--ub-tabbed-title-background-color: #eeeeee; --ub-tabbed-active-title-color: inherit; --ub-tabbed-active-title-background-color: #eeeeee; text-align: left; \" tabindex=\"-1\">\n\t\t\t\t<div class=\"wp-block-ub-tabbed-content-tab-title\">Notes<\/div>\n\t\t\t<\/div><div role=\"tab\" id=\"ub-tabbed-content-7f78fe87-3687-466e-9bfa-8b2d006dc3a6-tab-1\" aria-controls=\"ub-tabbed-content-7f78fe87-3687-466e-9bfa-8b2d006dc3a6-panel-1\" aria-selected=\"false\" class=\"wp-block-ub-tabbed-content-tab-title-wrap\" style=\"--ub-tabbed-active-title-color: inherit; --ub-tabbed-active-title-background-color: #eeeeee; text-align: left; \" tabindex=\"-1\">\n\t\t\t\t<div class=\"wp-block-ub-tabbed-content-tab-title\">Vocabulary<\/div>\n\t\t\t<\/div><div role=\"tab\" id=\"ub-tabbed-content-7f78fe87-3687-466e-9bfa-8b2d006dc3a6-tab-2\" aria-controls=\"ub-tabbed-content-7f78fe87-3687-466e-9bfa-8b2d006dc3a6-panel-2\" aria-selected=\"false\" class=\"wp-block-ub-tabbed-content-tab-title-wrap\" style=\"--ub-tabbed-active-title-color: inherit; --ub-tabbed-active-title-background-color: #eeeeee; text-align: left; \" tabindex=\"-1\">\n\t\t\t\t<div class=\"wp-block-ub-tabbed-content-tab-title\">Media<\/div>\n\t\t\t<\/div><\/div>\n\t\t\t<\/div>\n\t\t\t<div class=\"wp-block-ub-tabbed-content-tabs-content\" style=\"\"><div role=\"tabpanel\" class=\"wp-block-ub-tabbed-content-tab-content-wrap active\" id=\"ub-tabbed-content-7f78fe87-3687-466e-9bfa-8b2d006dc3a6-panel-0\" aria-labelledby=\"ub-tabbed-content-7f78fe87-3687-466e-9bfa-8b2d006dc3a6-tab-0\" tabindex=\"0\">\n\n<blockquote class=\"wp-block-quote is-layout-flow wp-block-quote-is-layout-flow\">\n<p><em>Psyche treats her sisters to all the palace\u2019s delights (see Media for a Romantic rendering), and they ask her many questions about her husband. She answers that he is a young hunter. Psyche sends them away, heaped with gifts.<\/em><\/p>\n<\/blockquote>\n\n\n\n<p><strong>v\u014dcumque servientium: <\/strong>\u201c(of) the serving voices;&#8221; since the slaves are invisible, they appear only as voices.<\/p>\n\n\n\n<p><strong>praecordi\u012bs penitus: <\/strong>abl. of place, \u201cdeep in their hearts.&#8221;<\/p>\n\n\n\n<p><strong>quis\u2026sit maritus:<\/strong> indirect question, dependent on <em>percont\u0101r\u012b.<\/em><\/p>\n\n\n\n<p><strong>\u016bll\u014d pact\u014d:<\/strong> \u201cin any manner.\u201d<\/p>\n\n\n\n<p><strong>\u0113 r\u0113 n\u0101t\u0101: <\/strong>literally \u201cfrom the thing produced at once,\u201d but more idiomatically \u201cin the spur of the moment.\u201d<\/p>\n\n\n\n<p><strong>commodum l\u0101n\u014ds\u014d barbiti\u014d gen\u0101s inumbrantem: <\/strong>\u201chis cheeks just now darkening with a wooly beard,\u201d reinforcing the picture of Cupid as a young man just over the line of adolescence (see Media for illustration).<\/p>\n\n\n\n<p><strong>fact\u014d: <\/strong>modifies <em>aur\u014d<\/em>.<\/p>\n\n\n\n<p><strong>reportand\u0101s<\/strong>: gerundive of purpose. Zephyr\u014d can be taken as I.O. of<em> tr\u0101dit <\/em>and\/or dative of agent with <em>reportand\u0101s.<\/em><\/p>\n\n\n\n<p><a href=\"tel:617-552-4219.html\"><\/a><\/p>\n\n\n\n<p><\/p>\n\n<\/div><div role=\"tabpanel\" class=\"wp-block-ub-tabbed-content-tab-content-wrap ub-hide\" id=\"ub-tabbed-content-7f78fe87-3687-466e-9bfa-8b2d006dc3a6-panel-1\" aria-labelledby=\"ub-tabbed-content-7f78fe87-3687-466e-9bfa-8b2d006dc3a6-tab-1\" tabindex=\"0\">\n\n<p><strong>popul\u014dsus, -a, -um:<\/strong> abounding in people, numerous (appears first in Apuleius) <\/p>\n\n\n\n<p><strong>lautitia, -ae f.:<\/strong> elegance, splendor<\/p>\n\n\n\n<p><strong>opiparus, -a, -um:<\/strong> splendid, rich, sumptuous<\/p>\n\n\n\n<p><strong>penitus<\/strong> (adv.): deep within<\/p>\n\n\n\n<p><strong>n\u016btri\u014d, -\u012bre, -\u012bv\u012b, -\u012btus: <\/strong>to<strong> <\/strong>nourish, nurture, nurse<\/p>\n\n\n\n<p><strong>scr\u016bpul\u014ds\u0113 <\/strong>(adv.): scrupulously, with great care<\/p>\n\n\n\n<p><strong>temer\u014d, -\u0101re:<\/strong> to violate, defile<\/p>\n\n\n\n<p><strong>c\u014dnfing\u014d, -ere, -f\u012bnx\u012b, -fictus:<\/strong> to fashion, fabricate, invent<\/p>\n\n\n\n<p><strong>l\u0101n\u014dsus, -a, -um:<\/strong>\u00a0wooly<\/p>\n\n\n\n<p><strong>barbitium, -\u012b, n.:<\/strong> beard<\/p>\n\n\n\n<p><strong>inumbr\u014d, -\u0101re:<\/strong> to shadow, darken<\/p>\n\n\n\n<p><strong>r\u016brestris, -e: <\/strong>rustic, rural<\/p>\n\n\n\n<p><strong>v\u0113n\u0101tus, \u016bs, m.: <\/strong>hunting, (a) hunt<\/p>\n\n\n\n<p><strong>l\u0101bes, -is f.: <\/strong>slip, mistake (a meaning almost exclusive to Apuleius)<\/p>\n\n\n\n<p><strong>gemm\u014dsus, -a, -um: <\/strong>bejeweled<\/p>\n\n\n\n<p><strong>onustus, -a, -um:<\/strong><em> <\/em>loaded down, laden <\/p>\n\n<\/div><\/div>\n\t\t<\/div>\n\n\n<p><\/p>\n\n\n\n<figure class=\"wp-block-image size-large\"><img loading=\"lazy\" decoding=\"async\" width=\"1024\" height=\"640\" src=\"https:\/\/sites.bc.edu\/latin-commentary\/wp-content\/uploads\/sites\/201\/2023\/12\/Screen-Shot-2023-12-19-at-4.24.04-PM-1024x640.png\" alt=\"\" class=\"wp-image-2705\" srcset=\"https:\/\/sites.bc.edu\/latin-commentary\/wp-content\/uploads\/sites\/201\/2023\/12\/Screen-Shot-2023-12-19-at-4.24.04-PM-1024x640.png 1024w, https:\/\/sites.bc.edu\/latin-commentary\/wp-content\/uploads\/sites\/201\/2023\/12\/Screen-Shot-2023-12-19-at-4.24.04-PM-300x187.png 300w, https:\/\/sites.bc.edu\/latin-commentary\/wp-content\/uploads\/sites\/201\/2023\/12\/Screen-Shot-2023-12-19-at-4.24.04-PM-768x480.png 768w, https:\/\/sites.bc.edu\/latin-commentary\/wp-content\/uploads\/sites\/201\/2023\/12\/Screen-Shot-2023-12-19-at-4.24.04-PM.png 1514w\" sizes=\"auto, (max-width: 1024px) 100vw, 1024px\" \/><\/figure>\n\n\n\n<p>Psyche montre ses richesses \u00e0 ses soeurs&#8221; (1797): A Romantic-era painting depicting Ps\u0233ch\u0113 (the winged figure) showing off the riches of her home to her sisters, watched by Cupid (<a href=\"https:\/\/collections.louvre.fr\/en\/ark:\/53355\/cl020034557\">Louvre<\/a>).<\/p>\n\n\n\n<figure class=\"wp-block-image size-large\"><img loading=\"lazy\" decoding=\"async\" width=\"795\" height=\"1024\" src=\"https:\/\/sites.bc.edu\/latin-commentary\/wp-content\/uploads\/sites\/201\/2023\/12\/78.10-d1-795x1024.webp\" alt=\"\" class=\"wp-image-2707\" srcset=\"https:\/\/sites.bc.edu\/latin-commentary\/wp-content\/uploads\/sites\/201\/2023\/12\/78.10-d1-795x1024.webp 795w, https:\/\/sites.bc.edu\/latin-commentary\/wp-content\/uploads\/sites\/201\/2023\/12\/78.10-d1-233x300.webp 233w, https:\/\/sites.bc.edu\/latin-commentary\/wp-content\/uploads\/sites\/201\/2023\/12\/78.10-d1-768x989.webp 768w, https:\/\/sites.bc.edu\/latin-commentary\/wp-content\/uploads\/sites\/201\/2023\/12\/78.10-d1-1193x1536.webp 1193w, https:\/\/sites.bc.edu\/latin-commentary\/wp-content\/uploads\/sites\/201\/2023\/12\/78.10-d1.webp 1590w\" sizes=\"auto, (max-width: 795px) 100vw, 795px\" \/><\/figure>\n\n\n\n<p>This painting illustrates the difference in appearance and demeanor between an older man (Jupiter) and youthful Cupid (Filippo Pelagio Palagi, Betrothal of Cupid and Ps\u0233ch\u0113 , c. 1808; <a href=\"https:\/\/dia.org\/collection\/betrothal-cupid-and-psyche-56344\">Detroit Institute of Fine Arts<\/a>)<\/p>\n<\/div><\/div>\n\n<\/div><\/div>\n\n\n<div style=\"height:34px\" aria-hidden=\"true\" class=\"wp-block-spacer\"><\/div>\n\n\n\n<div class=\"wp-block-buttons has-custom-font-size has-small-font-size is-content-justification-space-between is-nowrap is-layout-flex wp-container-core-buttons-is-layout-5924e470 wp-block-buttons-is-layout-flex\">\n<div class=\"wp-block-button is-style-outline is-style-outline--3\"><a class=\"wp-block-button__link has-ast-global-color-6-background-color has-background wp-element-button\" style=\"border-style:none;border-width:0px\">Previous<\/a><\/div>\n\n\n\n<div class=\"wp-block-button is-style-outline is-style-outline--4\"><a class=\"wp-block-button__link has-ast-global-color-6-background-color has-background wp-element-button\" style=\"border-style:none;border-width:0px\">Next<\/a><\/div>\n<\/div>\n\n\n\n<div style=\"height:34px\" aria-hidden=\"true\" class=\"wp-block-spacer\"><\/div>\n","protected":false},"excerpt":{"rendered":"<p>5.8 [1] S\u012bc alloc\u016bta summ\u0101s op\u0113s dom\u016bs aureae v\u014dcumque servientium popul\u014dsam familiam d\u0113m\u014dnstrat ocul\u012bs et auribus e\u0101rum lav\u0101cr\u014dque pulcherrim\u014d et inh\u016bm\u0101nae m\u0113nsae lautiti\u012bs e\u0101s opipar\u0113 reficit, [2] ut ill\u0101rum pr\u014drsus caelestium d\u012bviti\u0101rum c\u014dpi\u012bs affluentibus sati\u0101tae iam praecordi\u012bs penitus n\u016btr\u012brent invidiam. [3] D\u0113nique altera e\u0101rum satis scr\u016bpul\u014ds\u0113 c\u016bri\u014ds\u0113que percont\u0101r\u012b n\u014dn d\u0113sinit, quis ill\u0101rum caelestium r\u0113rum dominus, [&hellip;]<\/p>\n","protected":false},"author":1,"featured_media":0,"parent":0,"menu_order":0,"comment_status":"closed","ping_status":"closed","template":"","meta":{"_coblocks_attr":"","_coblocks_dimensions":"","_coblocks_responsive_height":"","_coblocks_accordion_ie_support":"","site-sidebar-layout":"default","site-content-layout":"","ast-site-content-layout":"default","site-content-style":"default","site-sidebar-style":"default","ast-global-header-display":"","ast-banner-title-visibility":"","ast-main-header-display":"","ast-hfb-above-header-display":"","ast-hfb-below-header-display":"","ast-hfb-mobile-header-display":"","site-post-title":"disabled","ast-breadcrumbs-content":"","ast-featured-img":"","footer-sml-layout":"","ast-disable-related-posts":"","theme-transparent-header-meta":"","adv-header-id-meta":"","stick-header-meta":"","header-above-stick-meta":"","header-main-stick-meta":"","header-below-stick-meta":"","astra-migrate-meta-layouts":"set","ast-page-background-enabled":"default","ast-page-background-meta":{"desktop":{"background-color":"var(--ast-global-color-4)","background-image":"","background-repeat":"repeat","background-position":"center center","background-size":"auto","background-attachment":"scroll","background-type":"","background-media":"","overlay-type":"","overlay-color":"","overlay-opacity":"","overlay-gradient":""},"tablet":{"background-color":"","background-image":"","background-repeat":"repeat","background-position":"center center","background-size":"auto","background-attachment":"scroll","background-type":"","background-media":"","overlay-type":"","overlay-color":"","overlay-opacity":"","overlay-gradient":""},"mobile":{"background-color":"","background-image":"","background-repeat":"repeat","background-position":"center center","background-size":"auto","background-attachment":"scroll","background-type":"","background-media":"","overlay-type":"","overlay-color":"","overlay-opacity":"","overlay-gradient":""}},"ast-content-background-meta":{"desktop":{"background-color":"var(--ast-global-color-5)","background-image":"","background-repeat":"repeat","background-position":"center center","background-size":"auto","background-attachment":"scroll","background-type":"","background-media":"","overlay-type":"","overlay-color":"","overlay-opacity":"","overlay-gradient":""},"tablet":{"background-color":"var(--ast-global-color-5)","background-image":"","background-repeat":"repeat","background-position":"center center","background-size":"auto","background-attachment":"scroll","background-type":"","background-media":"","overlay-type":"","overlay-color":"","overlay-opacity":"","overlay-gradient":""},"mobile":{"background-color":"var(--ast-global-color-5)","background-image":"","background-repeat":"repeat","background-position":"center center","background-size":"auto","background-attachment":"scroll","background-type":"","background-media":"","overlay-type":"","overlay-color":"","overlay-opacity":"","overlay-gradient":""}},"footnotes":""},"class_list":["post-2517","page","type-page","status-publish","hentry"],"featured_image_src":null,"_links":{"self":[{"href":"https:\/\/sites.bc.edu\/latin-commentary\/wp-json\/wp\/v2\/pages\/2517","targetHints":{"allow":["GET"]}}],"collection":[{"href":"https:\/\/sites.bc.edu\/latin-commentary\/wp-json\/wp\/v2\/pages"}],"about":[{"href":"https:\/\/sites.bc.edu\/latin-commentary\/wp-json\/wp\/v2\/types\/page"}],"author":[{"embeddable":true,"href":"https:\/\/sites.bc.edu\/latin-commentary\/wp-json\/wp\/v2\/users\/1"}],"replies":[{"embeddable":true,"href":"https:\/\/sites.bc.edu\/latin-commentary\/wp-json\/wp\/v2\/comments?post=2517"}],"version-history":[{"count":18,"href":"https:\/\/sites.bc.edu\/latin-commentary\/wp-json\/wp\/v2\/pages\/2517\/revisions"}],"predecessor-version":[{"id":2824,"href":"https:\/\/sites.bc.edu\/latin-commentary\/wp-json\/wp\/v2\/pages\/2517\/revisions\/2824"}],"wp:attachment":[{"href":"https:\/\/sites.bc.edu\/latin-commentary\/wp-json\/wp\/v2\/media?parent=2517"}],"curies":[{"name":"wp","href":"https:\/\/api.w.org\/{rel}","templated":true}]}}