{"id":2509,"date":"2023-10-31T16:06:52","date_gmt":"2023-10-31T20:06:52","guid":{"rendered":"https:\/\/sites.bc.edu\/latin-commentary\/?page_id=2509"},"modified":"2025-10-22T15:38:25","modified_gmt":"2025-10-22T19:38:25","slug":"5-10","status":"publish","type":"page","link":"https:\/\/sites.bc.edu\/latin-commentary\/5-10\/","title":{"rendered":"5.10"},"content":{"rendered":"\n<figure class=\"wp-block-image alignfull size-large\"><img loading=\"lazy\" decoding=\"async\" width=\"1280\" height=\"85\" src=\"http:\/\/sites.bc.edu\/latin-commentary\/wp-content\/uploads\/sites\/201\/2023\/05\/academic-dept-default.jpeg\" alt=\"\" class=\"wp-image-2384\" srcset=\"https:\/\/sites.bc.edu\/latin-commentary\/wp-content\/uploads\/sites\/201\/2023\/05\/academic-dept-default.jpeg 1280w, https:\/\/sites.bc.edu\/latin-commentary\/wp-content\/uploads\/sites\/201\/2023\/05\/academic-dept-default-300x20.jpeg 300w, https:\/\/sites.bc.edu\/latin-commentary\/wp-content\/uploads\/sites\/201\/2023\/05\/academic-dept-default-1024x68.jpeg 1024w, https:\/\/sites.bc.edu\/latin-commentary\/wp-content\/uploads\/sites\/201\/2023\/05\/academic-dept-default-768x51.jpeg 768w\" sizes=\"auto, (max-width: 1280px) 100vw, 1280px\" \/><\/figure>\n\n\n\n<div style=\"height:63px\" aria-hidden=\"true\" class=\"wp-block-spacer mt-0\"><\/div>\n\n\n\n<h2 class=\"wp-block-heading has-text-align-left\">5.10<\/h2>\n\n\n\n<div class=\"wp-block-buttons is-content-justification-space-between is-nowrap is-layout-flex wp-container-core-buttons-is-layout-5924e470 wp-block-buttons-is-layout-flex\">\n<div class=\"wp-block-button is-style-outline is-style-outline--1\"><a class=\"wp-block-button__link has-ast-global-color-6-background-color has-background has-small-font-size has-custom-font-size wp-element-button\" href=\"https:\/\/sites.bc.edu\/latin-commentary\/5-9\/\" style=\"border-style:none;border-width:0px\">Previous<\/a><\/div>\n\n\n\n<div class=\"wp-block-button is-style-outline is-style-outline--2\"><a class=\"wp-block-button__link has-ast-global-color-6-background-color has-background has-small-font-size has-custom-font-size wp-element-button\" href=\"https:\/\/sites.bc.edu\/latin-commentary\/5-11\/\" style=\"border-style:none;border-width:0px\">Next<\/a><\/div>\n<\/div>\n\n\n\n<div style=\"height:34px\" aria-hidden=\"true\" class=\"wp-block-spacer\"><\/div>\n\n\n<style>.kb-row-layout-id2509_9f2fc0-3b > .kt-row-column-wrap{align-content:start;}:where(.kb-row-layout-id2509_9f2fc0-3b > .kt-row-column-wrap) > .wp-block-kadence-column{justify-content:start;}.kb-row-layout-id2509_9f2fc0-3b > .kt-row-column-wrap{column-gap:var(--global-kb-gap-md, 2rem);row-gap:var(--global-kb-gap-md, 2rem);padding-top:var(--global-kb-spacing-sm, 1.5rem);padding-bottom:var(--global-kb-spacing-sm, 1.5rem);grid-template-columns:minmax(0, calc(50% - ((var(--global-kb-gap-md, 2rem) * 1 )\/2)))minmax(0, calc(50% - ((var(--global-kb-gap-md, 2rem) * 1 )\/2)));}.kb-row-layout-id2509_9f2fc0-3b > .kt-row-layout-overlay{opacity:0.30;}@media all and (max-width: 1024px){.kb-row-layout-id2509_9f2fc0-3b > .kt-row-column-wrap{grid-template-columns:repeat(2, minmax(0, 1fr));}}@media all and (max-width: 767px){.kb-row-layout-id2509_9f2fc0-3b > .kt-row-column-wrap{grid-template-columns:minmax(0, 1fr);}}<\/style><div class=\"kb-row-layout-wrap kb-row-layout-id2509_9f2fc0-3b alignnone wp-block-kadence-rowlayout\"><div class=\"kt-row-column-wrap kt-has-2-columns kt-row-layout-equal kt-tab-layout-inherit kt-mobile-layout-row kt-row-valign-top\">\n<style>.kadence-column2509_5d6360-46 > .kt-inside-inner-col,.kadence-column2509_5d6360-46 > .kt-inside-inner-col:before{border-top-left-radius:0px;border-top-right-radius:0px;border-bottom-right-radius:0px;border-bottom-left-radius:0px;}.kadence-column2509_5d6360-46 > .kt-inside-inner-col{column-gap:var(--global-kb-gap-sm, 1rem);}.kadence-column2509_5d6360-46 > .kt-inside-inner-col{flex-direction:column;}.kadence-column2509_5d6360-46 > .kt-inside-inner-col > .aligncenter{width:100%;}.kadence-column2509_5d6360-46 > .kt-inside-inner-col:before{opacity:0.3;}.kadence-column2509_5d6360-46{position:relative;}@media all and (max-width: 1024px){.kadence-column2509_5d6360-46 > .kt-inside-inner-col{flex-direction:column;justify-content:center;}}@media all and (max-width: 767px){.kadence-column2509_5d6360-46 > .kt-inside-inner-col{flex-direction:column;justify-content:center;}}<\/style>\n<div class=\"wp-block-kadence-column kadence-column2509_5d6360-46\"><div class=\"kt-inside-inner-col\">\n<p class=\"has-medium-font-size\" style=\"margin-top:var(--wp--preset--spacing--60)\">[1] Suscipit alia: &#8220;Ego v\u0113r\u014d mar\u012btum articul\u0101r\u012b etiam morb\u014d complic\u0101tum curv\u0101tumque ac per h\u014dc rarissim\u014d venerem meam recolentem sustine\u014d, [2] pl\u0113rumque d\u0113tort\u014ds et d\u016br\u0101t\u014ds in lapidem digit\u014ds \u0113ius perfric\u0101ns, f\u014dment\u012bs olid\u012bs et pann\u012bs sordid\u012bs et faetid\u012bs cataplasmatibus man\u016bs tam d\u0113lic\u0101t\u0101s ist\u0101s ad\u016br\u0113ns, nec ux\u014dris offici\u014dsam faciem sed medicae lab\u014dri\u014dsam pers\u014dnam sustin\u0113ns. [3] Et t\u016b quidem, soror, videris quam patient\u012b vel potius serv\u012bl\u012b \u2014 d\u012bcam enim l\u012bber\u0113 quod senti\u014d \u2014 haec perfer\u0101s anim\u014d: enimv\u0113r\u014d ego neque\u014d sustin\u0113re ulterius tam be\u0101tam fort\u016bnam all\u0101psam indignae. [4] Record\u0101re enim quam superb\u0113, quam adroganter n\u014db\u012bscum \u0113gerit et ips\u0101 iact\u0101ti\u014dne immodicae ostent\u0101ti\u014dnis tumentem suum pr\u014ddiderit animum [5] d\u0113que tant\u012bs diviti\u012bs exigua n\u014db\u012bs inv\u012bta pr\u014di\u0113cerit c\u014dnfestimque praesentiam nostram grav\u0101ta pr\u014dpell\u012b et effl\u0101r\u012b exs\u012bbil\u0101r\u012bque n\u014ds iusserit. [6] Nec sum mulier nec omn\u012bn\u014d spir\u014d, nisi eam pessum d\u0113 tant\u012bs opibus d\u0113i\u0113cer\u014d. Ac s\u012b tibi etiam, ut p\u0101r est, inacuit nostra contum\u0113lia, c\u014dnsilium validum requ\u012br\u0101mus ambae. [7] Iamque ista quae ferimus n\u014dn parentibus nostr\u012bs ac nec \u016bll\u012b m\u014dnstr\u0113mus ali\u012b, imm\u014d nec omn\u012bn\u014d quicquam d\u0113 \u0113ius sal\u016bte n\u014drimus. [8] Sat est quod ipsae v\u012bdimus quae v\u012bdisse paenitet, n\u0113dum ut genit\u014dribus et omnibus popul\u012bs tam be\u0101tum \u0113ius differ\u0101mus praec\u014dnium. Nec sunt enim be\u0101t\u012b qu\u014drum d\u012bviti\u0101s n\u0113m\u014d n\u014dvit. [9] Sciet s\u0113 n\u014dn ancill\u0101s sed sor\u014dr\u0113s hab\u0113re m\u0101i\u014dr\u0113s. Et nunc quidem conc\u0113d\u0101mus ad mar\u012bt\u014ds, et lar\u0113s pauper\u0113s nostr\u014ds sed pl\u0101n\u0113 s\u014dbri\u014ds rev\u012bs\u0101mus, d\u0113nique c\u014dgit\u0101ti\u014dnibus pressi\u014dribus \u012bnstr\u016bctae ad superbiam poeniendam firmi\u014dr\u0113s rede\u0101mus.&#8221;\u00a0<\/p>\n<\/div><\/div>\n\n\n<style>.kadence-column2509_d8884a-18 > .kt-inside-inner-col,.kadence-column2509_d8884a-18 > .kt-inside-inner-col:before{border-top-left-radius:0px;border-top-right-radius:0px;border-bottom-right-radius:0px;border-bottom-left-radius:0px;}.kadence-column2509_d8884a-18 > .kt-inside-inner-col{column-gap:var(--global-kb-gap-sm, 1rem);}.kadence-column2509_d8884a-18 > .kt-inside-inner-col{flex-direction:column;}.kadence-column2509_d8884a-18 > .kt-inside-inner-col > .aligncenter{width:100%;}.kadence-column2509_d8884a-18 > .kt-inside-inner-col:before{opacity:0.3;}.kadence-column2509_d8884a-18{position:relative;}@media all and (max-width: 1024px){.kadence-column2509_d8884a-18 > .kt-inside-inner-col{flex-direction:column;justify-content:center;}}@media all and (max-width: 767px){.kadence-column2509_d8884a-18 > .kt-inside-inner-col{flex-direction:column;justify-content:center;}}<\/style>\n<div class=\"wp-block-kadence-column kadence-column2509_d8884a-18\"><div class=\"kt-inside-inner-col\"><div class=\"wp-block-ub-tabbed-content wp-block-ub-tabbed-content-holder wp-block-ub-tabbed-content-horizontal-holder-mobile wp-block-ub-tabbed-content-horizontal-holder-tablet\" id=\"ub-tabbed-content-6ca2b247-da4a-479b-9041-0214a3716719\" style=\"\">\n\t\t\t<div class=\"wp-block-ub-tabbed-content-tab-holder horizontal-tab-width-mobile horizontal-tab-width-tablet\">\n\t\t\t\t<div role=\"tablist\" class=\"wp-block-ub-tabbed-content-tabs-title wp-block-ub-tabbed-content-tabs-title-mobile-horizontal-tab wp-block-ub-tabbed-content-tabs-title-tablet-horizontal-tab\" style=\"justify-content: flex-start; \"><div role=\"tab\" id=\"ub-tabbed-content-6ca2b247-da4a-479b-9041-0214a3716719-tab-0\" aria-controls=\"ub-tabbed-content-6ca2b247-da4a-479b-9041-0214a3716719-panel-0\" aria-selected=\"true\" class=\"wp-block-ub-tabbed-content-tab-title-wrap active\" style=\"--ub-tabbed-title-background-color: #eeeeee; --ub-tabbed-active-title-color: inherit; --ub-tabbed-active-title-background-color: #eeeeee; text-align: left; \" tabindex=\"-1\">\n\t\t\t\t<div class=\"wp-block-ub-tabbed-content-tab-title\">Notes<\/div>\n\t\t\t<\/div><div role=\"tab\" id=\"ub-tabbed-content-6ca2b247-da4a-479b-9041-0214a3716719-tab-1\" aria-controls=\"ub-tabbed-content-6ca2b247-da4a-479b-9041-0214a3716719-panel-1\" aria-selected=\"false\" class=\"wp-block-ub-tabbed-content-tab-title-wrap\" style=\"--ub-tabbed-active-title-color: inherit; --ub-tabbed-active-title-background-color: #eeeeee; text-align: left; \" tabindex=\"-1\">\n\t\t\t\t<div class=\"wp-block-ub-tabbed-content-tab-title\">Vocabulary<\/div>\n\t\t\t<\/div><div role=\"tab\" id=\"ub-tabbed-content-6ca2b247-da4a-479b-9041-0214a3716719-tab-2\" aria-controls=\"ub-tabbed-content-6ca2b247-da4a-479b-9041-0214a3716719-panel-2\" aria-selected=\"false\" class=\"wp-block-ub-tabbed-content-tab-title-wrap\" style=\"--ub-tabbed-active-title-color: inherit; --ub-tabbed-active-title-background-color: #eeeeee; text-align: left; \" tabindex=\"-1\">\n\t\t\t\t<div class=\"wp-block-ub-tabbed-content-tab-title\">Media<\/div>\n\t\t\t<\/div><\/div>\n\t\t\t<\/div>\n\t\t\t<div class=\"wp-block-ub-tabbed-content-tabs-content\" style=\"\"><div role=\"tabpanel\" class=\"wp-block-ub-tabbed-content-tab-content-wrap active\" id=\"ub-tabbed-content-6ca2b247-da4a-479b-9041-0214a3716719-panel-0\" aria-labelledby=\"ub-tabbed-content-6ca2b247-da4a-479b-9041-0214a3716719-tab-0\" tabindex=\"0\">\n\n<blockquote class=\"wp-block-quote is-layout-flow wp-block-quote-is-layout-flow\">\n<p><em>Ps\u0233ch\u0113\u2019s other sister continues the complaints and the two begin to plot Ps\u0233ch\u0113\u2019s downfall.<\/em><\/p>\n<\/blockquote>\n\n\n\n<p><strong>rarissim\u014d: <\/strong>Take adverbially.<\/p>\n\n\n\n<p><strong>videris: <\/strong>\u201cyou may reflect upon\/consider\u201d (<a href=\"https:\/\/logeion.uchicago.edu\/video\">L&amp;S s.v. <em>vide\u014d <\/em>II B2<\/a>).\u00a0<\/p>\n\n\n\n<p><strong>anim\u014d<\/strong>: modified by both <em>serv\u012bl\u012b <\/em>and <em>patient\u012b\u00a0.<\/em><\/p>\n\n\n\n<p><strong>grav\u0101ta<\/strong>: <em>gravor <\/em>originally meant \u201cto be weighed down\u201d but came to take on the meaning \u201cto be annoyed.\u201d In later Latin, it could take an accusative of what one is annoyed by (<a href=\"https:\/\/logeion.uchicago.edu\/gravo\">L&amp;S s.v. <em>grav<em>\u014d<\/em> <\/em>II \u03b3<\/a>).<\/p>\n\n\n\n<p><strong>requ\u012br\u0101mus<\/strong>, <strong>m\u014dnstr\u0113mus, <strong>norimus<\/strong>: <\/strong>hortatory subjunctives<\/p>\n\n\n\n<p><strong>ista <\/strong>= the gifts they received from Psyche<\/p>\n\n\n\n<p><strong>n\u014drimus: <\/strong>syncopated perfect subjunctive (with present meaning) from <em>n\u014dsc\u014d<\/em>.<\/p>\n\n\n\n<p><strong>praec\u014dnium:<\/strong> a substantive adj.; here, \u201cnews that is spread around, publishing, proclaiming.\u201d<\/p>\n\n\n\n<p><strong>sciet:<\/strong> governs an indirect statement. Note future tense. Psyche is the implied subject.<\/p>\n\n\n\n<p><strong>s\u014dbri\u014ds: <\/strong>The sense is \u201cmodest\u201d or \u201cprudent,\u201d as opposed to literally \u201csober.\u201d<\/p>\n\n\n\n<p><strong>poeniendam:<\/strong> from <em>poeni\u014d<\/em>, an archaic form of <em>puni<em>\u014d<\/em><\/em>. <em>Ad <\/em>+ accusative gerundive<em> <\/em>denotes purpose (<a href=\"https:\/\/dcc.dickinson.edu\/grammar\/latin\/gerund-and-gerundive\">A&amp;G \u00a7506<\/a>).<\/p>\n\n\n\n<p><a href=\"tel:617-552-4219.html\"><\/a><\/p>\n\n\n\n<p><\/p>\n\n<\/div><div role=\"tabpanel\" class=\"wp-block-ub-tabbed-content-tab-content-wrap ub-hide\" id=\"ub-tabbed-content-6ca2b247-da4a-479b-9041-0214a3716719-panel-1\" aria-labelledby=\"ub-tabbed-content-6ca2b247-da4a-479b-9041-0214a3716719-tab-1\" tabindex=\"0\">\n\n<p><strong>articul\u0101ris, -e: <\/strong>of the joints<\/p>\n\n\n\n<p><strong>complic\u014d, -\u0101re: <\/strong>to fold up, fold together<\/p>\n\n\n\n<p><strong>recol\u014d<\/strong>, <strong>-colere, -colu\u012b, -cultus<\/strong>: to cultivate again, recall to mind (can have religious connotation)<\/p>\n\n\n\n<p><strong>detorque\u014d, -\u0113re, -tors\u012b, -tortus<\/strong>: to turn, bend away<strong>,<\/strong> twist<\/p>\n\n\n\n<p><strong>perfric<strong>\u014d<\/strong>, -\u0101re<\/strong>, &#8211;<strong>cui, -c\u0101tum<\/strong>\/<strong>-ctum: <\/strong>to rub all over<\/p>\n\n\n\n<p><strong>f\u014dmentum, -\u012b n.: <\/strong>compress, wound dressing<\/p>\n\n\n\n<p><strong>olidus, -a, -um: <\/strong>foul-smelling, stinking<\/p>\n\n\n\n<p><strong>pannus, -\u012b m.<\/strong>: piece of cloth, bandage<\/p>\n\n\n\n<p><strong>faetidus, -a, -um: <\/strong>foul, disgusting\u00a0<\/p>\n\n\n\n<p><strong>cataplasma, -atis n.:<\/strong> bandage<\/p>\n\n\n\n<p><strong>offici\u014dsus, -a, -um<\/strong>: dutiful<\/p>\n\n\n\n<p><strong>medica, -ae f.: <\/strong>female physician, midwife<\/p>\n\n\n\n<p><strong>adroganter <\/strong>(adv)<strong>: <\/strong>arrogantly<\/p>\n\n\n\n<p><strong>iact\u0101ti\u014d, -onis f.:<\/strong> bragging, vanity<\/p>\n\n\n\n<p><strong>tume\u014d, -\u0113re, tumu\u012b: <\/strong>to be swollen, inflated, puffed up<\/p>\n\n\n\n<p><strong>exiguus, -a, -um:<\/strong> small, paltry<\/p>\n\n\n\n<p><strong>effl\u014d, -\u0101re:<\/strong> to exhale, blow out\/away<\/p>\n\n\n\n<p><strong>exs\u012bbil\u014d, -\u0101re:<\/strong> to hiss out\/offstage<\/p>\n\n\n\n<p><strong>pessum <\/strong>(adv.): see <a href=\"https:\/\/sites.bc.edu\/latin-commentary\/5-6\/\">5.6.6<\/a>, which this threat echoes.<\/p>\n\n\n\n<p><strong>inacesc\u014d, -ere, inacu\u012b:<\/strong> to become bitter for (+ dat.)<\/p>\n\n\n\n<p><strong>paenite\u014d, &#8211;<strong>\u0113<\/strong>re, -u\u012b: <\/strong>to grieve, displease, cause pain<\/p>\n\n\n\n<p><strong>n\u0113dum:<\/strong> much less, by no means<\/p>\n\n\n\n<p><strong>praec\u014dnium, -\u012b n<\/strong>.: a public proclamation<\/p>\n\n\n\n<p><strong>pressus, -a, -um: <\/strong>concise, accurate; cf.<a href=\"https:\/\/sites.bc.edu\/latin-commentary\/5-5\/\"> 5.5.2<\/a><\/p>\n\n<\/div><div role=\"tabpanel\" class=\"wp-block-ub-tabbed-content-tab-content-wrap ub-hide\" id=\"ub-tabbed-content-6ca2b247-da4a-479b-9041-0214a3716719-panel-2\" aria-labelledby=\"ub-tabbed-content-6ca2b247-da4a-479b-9041-0214a3716719-tab-2\" tabindex=\"0\">\n<style>.kb-row-layout-id2509_52ea60-ec > .kt-row-column-wrap{align-content:start;}:where(.kb-row-layout-id2509_52ea60-ec > .kt-row-column-wrap) > .wp-block-kadence-column{justify-content:start;}.kb-row-layout-id2509_52ea60-ec > .kt-row-column-wrap{column-gap:var(--global-kb-gap-md, 2rem);row-gap:var(--global-kb-gap-md, 2rem);padding-top:var(--global-kb-spacing-sm, 1.5rem);padding-bottom:var(--global-kb-spacing-sm, 1.5rem);grid-template-columns:repeat(2, minmax(0, 1fr));}.kb-row-layout-id2509_52ea60-ec > .kt-row-layout-overlay{opacity:0.30;}@media all and (max-width: 1024px){.kb-row-layout-id2509_52ea60-ec > .kt-row-column-wrap{grid-template-columns:repeat(2, minmax(0, 1fr));}}@media all and (max-width: 767px){.kb-row-layout-id2509_52ea60-ec > .kt-row-column-wrap{grid-template-columns:minmax(0, 1fr);}}<\/style><div class=\"kb-row-layout-wrap kb-row-layout-id2509_52ea60-ec alignnone wp-block-kadence-rowlayout\"><div class=\"kt-row-column-wrap kt-has-2-columns kt-row-layout-equal kt-tab-layout-inherit kt-mobile-layout-row kt-row-valign-top\">\n<style>.kadence-column2509_216734-12 > .kt-inside-inner-col,.kadence-column2509_216734-12 > .kt-inside-inner-col:before{border-top-left-radius:0px;border-top-right-radius:0px;border-bottom-right-radius:0px;border-bottom-left-radius:0px;}.kadence-column2509_216734-12 > .kt-inside-inner-col{column-gap:var(--global-kb-gap-sm, 1rem);}.kadence-column2509_216734-12 > .kt-inside-inner-col{flex-direction:column;}.kadence-column2509_216734-12 > .kt-inside-inner-col > .aligncenter{width:100%;}.kadence-column2509_216734-12 > .kt-inside-inner-col:before{opacity:0.3;}.kadence-column2509_216734-12{position:relative;}@media all and (max-width: 1024px){.kadence-column2509_216734-12 > .kt-inside-inner-col{flex-direction:column;justify-content:center;}}@media all and (max-width: 767px){.kadence-column2509_216734-12 > .kt-inside-inner-col{flex-direction:column;justify-content:center;}}<\/style>\n<div class=\"wp-block-kadence-column kadence-column2509_216734-12\"><div class=\"kt-inside-inner-col\"><\/div><\/div>\n\n\n<style>.kadence-column2509_6e1e3c-76 > .kt-inside-inner-col,.kadence-column2509_6e1e3c-76 > .kt-inside-inner-col:before{border-top-left-radius:0px;border-top-right-radius:0px;border-bottom-right-radius:0px;border-bottom-left-radius:0px;}.kadence-column2509_6e1e3c-76 > .kt-inside-inner-col{column-gap:var(--global-kb-gap-sm, 1rem);}.kadence-column2509_6e1e3c-76 > .kt-inside-inner-col{flex-direction:column;}.kadence-column2509_6e1e3c-76 > .kt-inside-inner-col > .aligncenter{width:100%;}.kadence-column2509_6e1e3c-76 > .kt-inside-inner-col:before{opacity:0.3;}.kadence-column2509_6e1e3c-76{position:relative;}@media all and (max-width: 1024px){.kadence-column2509_6e1e3c-76 > .kt-inside-inner-col{flex-direction:column;justify-content:center;}}@media all and (max-width: 767px){.kadence-column2509_6e1e3c-76 > .kt-inside-inner-col{flex-direction:column;justify-content:center;}}<\/style>\n<div class=\"wp-block-kadence-column kadence-column2509_6e1e3c-76\"><div class=\"kt-inside-inner-col\"><\/div><\/div>\n\n<\/div><\/div>\n\n<style>.kb-row-layout-id2509_0c91a0-57 > .kt-row-column-wrap{align-content:start;}:where(.kb-row-layout-id2509_0c91a0-57 > .kt-row-column-wrap) > .wp-block-kadence-column{justify-content:start;}.kb-row-layout-id2509_0c91a0-57 > .kt-row-column-wrap{column-gap:var(--global-kb-gap-md, 2rem);row-gap:var(--global-kb-gap-md, 2rem);padding-top:var(--global-kb-spacing-sm, 1.5rem);padding-bottom:var(--global-kb-spacing-sm, 1.5rem);grid-template-columns:repeat(2, minmax(0, 1fr));}.kb-row-layout-id2509_0c91a0-57 > .kt-row-layout-overlay{opacity:0.30;}@media all and (max-width: 1024px){.kb-row-layout-id2509_0c91a0-57 > .kt-row-column-wrap{grid-template-columns:repeat(2, minmax(0, 1fr));}}@media all and (max-width: 767px){.kb-row-layout-id2509_0c91a0-57 > .kt-row-column-wrap{grid-template-columns:minmax(0, 1fr);}}<\/style><div class=\"kb-row-layout-wrap kb-row-layout-id2509_0c91a0-57 alignnone wp-block-kadence-rowlayout\"><div class=\"kt-row-column-wrap kt-has-2-columns kt-row-layout-equal kt-tab-layout-inherit kt-mobile-layout-row kt-row-valign-top\">\n<style>.kadence-column2509_144e4b-63 > .kt-inside-inner-col,.kadence-column2509_144e4b-63 > .kt-inside-inner-col:before{border-top-left-radius:0px;border-top-right-radius:0px;border-bottom-right-radius:0px;border-bottom-left-radius:0px;}.kadence-column2509_144e4b-63 > .kt-inside-inner-col{column-gap:var(--global-kb-gap-sm, 1rem);}.kadence-column2509_144e4b-63 > .kt-inside-inner-col{flex-direction:column;}.kadence-column2509_144e4b-63 > .kt-inside-inner-col > .aligncenter{width:100%;}.kadence-column2509_144e4b-63 > .kt-inside-inner-col:before{opacity:0.3;}.kadence-column2509_144e4b-63{position:relative;}@media all and (max-width: 1024px){.kadence-column2509_144e4b-63 > .kt-inside-inner-col{flex-direction:column;justify-content:center;}}@media all and (max-width: 767px){.kadence-column2509_144e4b-63 > .kt-inside-inner-col{flex-direction:column;justify-content:center;}}<\/style>\n<div class=\"wp-block-kadence-column kadence-column2509_144e4b-63\"><div class=\"kt-inside-inner-col\">\n<h3 class=\"wp-block-heading\"><\/h3>\n\n\n\n<p><\/p>\n<\/div><\/div>\n\n\n<style>.kadence-column2509_be402c-1f > .kt-inside-inner-col,.kadence-column2509_be402c-1f > .kt-inside-inner-col:before{border-top-left-radius:0px;border-top-right-radius:0px;border-bottom-right-radius:0px;border-bottom-left-radius:0px;}.kadence-column2509_be402c-1f > .kt-inside-inner-col{column-gap:var(--global-kb-gap-sm, 1rem);}.kadence-column2509_be402c-1f > .kt-inside-inner-col{flex-direction:column;}.kadence-column2509_be402c-1f > .kt-inside-inner-col > .aligncenter{width:100%;}.kadence-column2509_be402c-1f > .kt-inside-inner-col:before{opacity:0.3;}.kadence-column2509_be402c-1f{position:relative;}@media all and (max-width: 1024px){.kadence-column2509_be402c-1f > .kt-inside-inner-col{flex-direction:column;justify-content:center;}}@media all and (max-width: 767px){.kadence-column2509_be402c-1f > .kt-inside-inner-col{flex-direction:column;justify-content:center;}}<\/style>\n<div class=\"wp-block-kadence-column kadence-column2509_be402c-1f\"><div class=\"kt-inside-inner-col\"><\/div><\/div>\n\n<\/div><\/div>\n<\/div><\/div>\n\t\t<\/div><\/div><\/div>\n\n<\/div><\/div>\n\n\n<div style=\"height:34px\" aria-hidden=\"true\" class=\"wp-block-spacer\"><\/div>\n\n\n\n<div class=\"wp-block-buttons has-custom-font-size has-small-font-size is-content-justification-space-between is-nowrap is-layout-flex wp-container-core-buttons-is-layout-5924e470 wp-block-buttons-is-layout-flex\">\n<div class=\"wp-block-button is-style-outline is-style-outline--3\"><a class=\"wp-block-button__link has-ast-global-color-6-background-color has-background wp-element-button\" style=\"border-style:none;border-width:0px\">Previous<\/a><\/div>\n\n\n\n<div class=\"wp-block-button is-style-outline is-style-outline--4\"><a class=\"wp-block-button__link has-ast-global-color-6-background-color has-background wp-element-button\" style=\"border-style:none;border-width:0px\">Next<\/a><\/div>\n<\/div>\n\n\n\n<div style=\"height:34px\" aria-hidden=\"true\" class=\"wp-block-spacer\"><\/div>\n","protected":false},"excerpt":{"rendered":"<p>5.10 [1] Suscipit alia: &#8220;Ego v\u0113r\u014d mar\u012btum articul\u0101r\u012b etiam morb\u014d complic\u0101tum curv\u0101tumque ac per h\u014dc rarissim\u014d venerem meam recolentem sustine\u014d, [2] pl\u0113rumque d\u0113tort\u014ds et d\u016br\u0101t\u014ds in lapidem digit\u014ds \u0113ius perfric\u0101ns, f\u014dment\u012bs olid\u012bs et pann\u012bs sordid\u012bs et faetid\u012bs cataplasmatibus man\u016bs tam d\u0113lic\u0101t\u0101s ist\u0101s ad\u016br\u0113ns, nec ux\u014dris offici\u014dsam faciem sed medicae lab\u014dri\u014dsam pers\u014dnam sustin\u0113ns. [3] Et t\u016b [&hellip;]<\/p>\n","protected":false},"author":1,"featured_media":0,"parent":0,"menu_order":0,"comment_status":"closed","ping_status":"closed","template":"","meta":{"_coblocks_attr":"","_coblocks_dimensions":"","_coblocks_responsive_height":"","_coblocks_accordion_ie_support":"","site-sidebar-layout":"default","site-content-layout":"","ast-site-content-layout":"default","site-content-style":"default","site-sidebar-style":"default","ast-global-header-display":"","ast-banner-title-visibility":"","ast-main-header-display":"","ast-hfb-above-header-display":"","ast-hfb-below-header-display":"","ast-hfb-mobile-header-display":"","site-post-title":"disabled","ast-breadcrumbs-content":"","ast-featured-img":"","footer-sml-layout":"","ast-disable-related-posts":"","theme-transparent-header-meta":"","adv-header-id-meta":"","stick-header-meta":"","header-above-stick-meta":"","header-main-stick-meta":"","header-below-stick-meta":"","astra-migrate-meta-layouts":"set","ast-page-background-enabled":"default","ast-page-background-meta":{"desktop":{"background-color":"var(--ast-global-color-4)","background-image":"","background-repeat":"repeat","background-position":"center center","background-size":"auto","background-attachment":"scroll","background-type":"","background-media":"","overlay-type":"","overlay-color":"","overlay-opacity":"","overlay-gradient":""},"tablet":{"background-color":"","background-image":"","background-repeat":"repeat","background-position":"center center","background-size":"auto","background-attachment":"scroll","background-type":"","background-media":"","overlay-type":"","overlay-color":"","overlay-opacity":"","overlay-gradient":""},"mobile":{"background-color":"","background-image":"","background-repeat":"repeat","background-position":"center center","background-size":"auto","background-attachment":"scroll","background-type":"","background-media":"","overlay-type":"","overlay-color":"","overlay-opacity":"","overlay-gradient":""}},"ast-content-background-meta":{"desktop":{"background-color":"var(--ast-global-color-5)","background-image":"","background-repeat":"repeat","background-position":"center center","background-size":"auto","background-attachment":"scroll","background-type":"","background-media":"","overlay-type":"","overlay-color":"","overlay-opacity":"","overlay-gradient":""},"tablet":{"background-color":"var(--ast-global-color-5)","background-image":"","background-repeat":"repeat","background-position":"center center","background-size":"auto","background-attachment":"scroll","background-type":"","background-media":"","overlay-type":"","overlay-color":"","overlay-opacity":"","overlay-gradient":""},"mobile":{"background-color":"var(--ast-global-color-5)","background-image":"","background-repeat":"repeat","background-position":"center center","background-size":"auto","background-attachment":"scroll","background-type":"","background-media":"","overlay-type":"","overlay-color":"","overlay-opacity":"","overlay-gradient":""}},"footnotes":""},"class_list":["post-2509","page","type-page","status-publish","hentry"],"featured_image_src":null,"_links":{"self":[{"href":"https:\/\/sites.bc.edu\/latin-commentary\/wp-json\/wp\/v2\/pages\/2509","targetHints":{"allow":["GET"]}}],"collection":[{"href":"https:\/\/sites.bc.edu\/latin-commentary\/wp-json\/wp\/v2\/pages"}],"about":[{"href":"https:\/\/sites.bc.edu\/latin-commentary\/wp-json\/wp\/v2\/types\/page"}],"author":[{"embeddable":true,"href":"https:\/\/sites.bc.edu\/latin-commentary\/wp-json\/wp\/v2\/users\/1"}],"replies":[{"embeddable":true,"href":"https:\/\/sites.bc.edu\/latin-commentary\/wp-json\/wp\/v2\/comments?post=2509"}],"version-history":[{"count":17,"href":"https:\/\/sites.bc.edu\/latin-commentary\/wp-json\/wp\/v2\/pages\/2509\/revisions"}],"predecessor-version":[{"id":2852,"href":"https:\/\/sites.bc.edu\/latin-commentary\/wp-json\/wp\/v2\/pages\/2509\/revisions\/2852"}],"wp:attachment":[{"href":"https:\/\/sites.bc.edu\/latin-commentary\/wp-json\/wp\/v2\/media?parent=2509"}],"curies":[{"name":"wp","href":"https:\/\/api.w.org\/{rel}","templated":true}]}}