{"id":2489,"date":"2023-10-31T15:58:44","date_gmt":"2023-10-31T19:58:44","guid":{"rendered":"https:\/\/sites.bc.edu\/latin-commentary\/?page_id=2489"},"modified":"2025-10-16T14:25:57","modified_gmt":"2025-10-16T18:25:57","slug":"5-3","status":"publish","type":"page","link":"https:\/\/sites.bc.edu\/latin-commentary\/5-3\/","title":{"rendered":"5.3"},"content":{"rendered":"\n<figure class=\"wp-block-image alignfull size-large\"><img loading=\"lazy\" decoding=\"async\" width=\"1280\" height=\"85\" src=\"http:\/\/sites.bc.edu\/latin-commentary\/wp-content\/uploads\/sites\/201\/2023\/05\/academic-dept-default.jpeg\" alt=\"\" class=\"wp-image-2384\" srcset=\"https:\/\/sites.bc.edu\/latin-commentary\/wp-content\/uploads\/sites\/201\/2023\/05\/academic-dept-default.jpeg 1280w, https:\/\/sites.bc.edu\/latin-commentary\/wp-content\/uploads\/sites\/201\/2023\/05\/academic-dept-default-300x20.jpeg 300w, https:\/\/sites.bc.edu\/latin-commentary\/wp-content\/uploads\/sites\/201\/2023\/05\/academic-dept-default-1024x68.jpeg 1024w, https:\/\/sites.bc.edu\/latin-commentary\/wp-content\/uploads\/sites\/201\/2023\/05\/academic-dept-default-768x51.jpeg 768w\" sizes=\"auto, (max-width: 1280px) 100vw, 1280px\" \/><\/figure>\n\n\n\n<div style=\"height:63px\" aria-hidden=\"true\" class=\"wp-block-spacer mt-0\"><\/div>\n\n\n\n<h2 class=\"wp-block-heading has-text-align-left\">5.3<\/h2>\n\n\n\n<div class=\"wp-block-buttons is-content-justification-space-between is-nowrap is-layout-flex wp-container-core-buttons-is-layout-5924e470 wp-block-buttons-is-layout-flex\">\n<div class=\"wp-block-button is-style-outline is-style-outline--1\"><a class=\"wp-block-button__link has-ast-global-color-6-background-color has-background has-small-font-size has-custom-font-size wp-element-button\" href=\"https:\/\/sites.bc.edu\/latin-commentary\/5-2\/\" style=\"border-style:none;border-width:0px\">Previous<\/a><\/div>\n\n\n\n<div class=\"wp-block-button is-style-outline is-style-outline--2\"><a class=\"wp-block-button__link has-ast-global-color-6-background-color has-background has-small-font-size has-custom-font-size wp-element-button\" href=\"https:\/\/sites.bc.edu\/latin-commentary\/5-4\/\" style=\"border-style:none;border-width:0px\">Next<\/a><\/div>\n<\/div>\n\n\n\n<div style=\"height:34px\" aria-hidden=\"true\" class=\"wp-block-spacer\"><\/div>\n\n\n<style>.kb-row-layout-id2489_104731-75 > .kt-row-column-wrap{align-content:start;}:where(.kb-row-layout-id2489_104731-75 > .kt-row-column-wrap) > .wp-block-kadence-column{justify-content:start;}.kb-row-layout-id2489_104731-75 > .kt-row-column-wrap{column-gap:var(--global-kb-gap-md, 2rem);row-gap:var(--global-kb-gap-md, 2rem);padding-top:var(--global-kb-spacing-sm, 1.5rem);padding-bottom:var(--global-kb-spacing-sm, 1.5rem);grid-template-columns:minmax(0, calc(50% - ((var(--global-kb-gap-md, 2rem) * 1 )\/2)))minmax(0, calc(50% - ((var(--global-kb-gap-md, 2rem) * 1 )\/2)));}.kb-row-layout-id2489_104731-75 > .kt-row-layout-overlay{opacity:0.30;}@media all and (max-width: 1024px){.kb-row-layout-id2489_104731-75 > .kt-row-column-wrap{grid-template-columns:repeat(2, minmax(0, 1fr));}}@media all and (max-width: 767px){.kb-row-layout-id2489_104731-75 > .kt-row-column-wrap{grid-template-columns:minmax(0, 1fr);}}<\/style><div class=\"kb-row-layout-wrap kb-row-layout-id2489_104731-75 alignnone wp-block-kadence-rowlayout\"><div class=\"kt-row-column-wrap kt-has-2-columns kt-row-layout-equal kt-tab-layout-inherit kt-mobile-layout-row kt-row-valign-top\">\n<style>.kadence-column2489_f169ce-8f > .kt-inside-inner-col,.kadence-column2489_f169ce-8f > .kt-inside-inner-col:before{border-top-left-radius:0px;border-top-right-radius:0px;border-bottom-right-radius:0px;border-bottom-left-radius:0px;}.kadence-column2489_f169ce-8f > .kt-inside-inner-col{column-gap:var(--global-kb-gap-sm, 1rem);}.kadence-column2489_f169ce-8f > .kt-inside-inner-col{flex-direction:column;}.kadence-column2489_f169ce-8f > .kt-inside-inner-col > .aligncenter{width:100%;}.kadence-column2489_f169ce-8f > .kt-inside-inner-col:before{opacity:0.3;}.kadence-column2489_f169ce-8f{position:relative;}@media all and (max-width: 1024px){.kadence-column2489_f169ce-8f > .kt-inside-inner-col{flex-direction:column;justify-content:center;}}@media all and (max-width: 767px){.kadence-column2489_f169ce-8f > .kt-inside-inner-col{flex-direction:column;justify-content:center;}}<\/style>\n<div class=\"wp-block-kadence-column kadence-column2489_f169ce-8f\"><div class=\"kt-inside-inner-col\">\n<p class=\"has-medium-font-size\" style=\"margin-top:var(--wp--preset--spacing--60)\">[1] S\u0113nsit Ps\u0233ch\u0113 d\u012bv\u012bnae Pr\u014dvidentiae be\u0101tit\u016bdinem, monit\u016bsque v\u014dcis informis audi\u0113ns et prius somn\u014d et mox lav\u0101cr\u014d fat\u012bg\u0101ti\u014dnem su\u012b d\u012bluit, [2] v\u012bs\u014dque statim proxim\u014d s\u0113mirotund\u014d suggest\u016b, propter \u012bnstr\u016bmentum c\u0113n\u0101t\u014drium rata refectu\u012b su\u014d commodum lib\u0113ns accumbit. [3] Et \u012blic\u014d v\u012bn\u012b nectare\u012b ed\u016bliumque vari\u014drum fercula c\u014dpi\u014dsa n\u016bll\u014d serv\u012bente sed tantum sp\u012brit\u016b qu\u014ddam impulsa subministrantur. [4] Nec quemquam tamen illa vid\u0113re poterat, sed verba tantum audi\u0113bat excidentia et s\u014dl\u0101s v\u014dc\u0113s famul\u0101s hab\u0113bat. [5] Post op\u012bm\u0101s dap\u0113s qu\u012bdam introc\u0113ssit et cant\u0101vit inv\u012bsus et alius citharam puls\u0101vit, quae vid\u0113b\u0101tur nec ipsa. Tunc modul\u0101tae multit\u016bdinis c\u014dnserta vox aur\u0113s eius affertur, ut, quamv\u012bs hominum n\u0113m\u014d p\u0101r\u0113ret, chorus tamen esse pat\u0113ret.<\/p>\n<\/div><\/div>\n\n\n<style>.kadence-column2489_4e9b27-d1 > .kt-inside-inner-col,.kadence-column2489_4e9b27-d1 > .kt-inside-inner-col:before{border-top-left-radius:0px;border-top-right-radius:0px;border-bottom-right-radius:0px;border-bottom-left-radius:0px;}.kadence-column2489_4e9b27-d1 > .kt-inside-inner-col{column-gap:var(--global-kb-gap-sm, 1rem);}.kadence-column2489_4e9b27-d1 > .kt-inside-inner-col{flex-direction:column;}.kadence-column2489_4e9b27-d1 > .kt-inside-inner-col > .aligncenter{width:100%;}.kadence-column2489_4e9b27-d1 > .kt-inside-inner-col:before{opacity:0.3;}.kadence-column2489_4e9b27-d1{position:relative;}@media all and (max-width: 1024px){.kadence-column2489_4e9b27-d1 > .kt-inside-inner-col{flex-direction:column;justify-content:center;}}@media all and (max-width: 767px){.kadence-column2489_4e9b27-d1 > .kt-inside-inner-col{flex-direction:column;justify-content:center;}}<\/style>\n<div class=\"wp-block-kadence-column kadence-column2489_4e9b27-d1\"><div class=\"kt-inside-inner-col\"><div class=\"wp-block-ub-tabbed-content wp-block-ub-tabbed-content-holder wp-block-ub-tabbed-content-horizontal-holder-mobile wp-block-ub-tabbed-content-horizontal-holder-tablet\" id=\"ub-tabbed-content-6bce10ab-425e-492e-ae57-31d5124509b8\" style=\"\">\n\t\t\t<div class=\"wp-block-ub-tabbed-content-tab-holder horizontal-tab-width-mobile horizontal-tab-width-tablet\">\n\t\t\t\t<div role=\"tablist\" class=\"wp-block-ub-tabbed-content-tabs-title wp-block-ub-tabbed-content-tabs-title-mobile-horizontal-tab wp-block-ub-tabbed-content-tabs-title-tablet-horizontal-tab\" style=\"justify-content: flex-start; \"><div role=\"tab\" id=\"ub-tabbed-content-6bce10ab-425e-492e-ae57-31d5124509b8-tab-0\" aria-controls=\"ub-tabbed-content-6bce10ab-425e-492e-ae57-31d5124509b8-panel-0\" aria-selected=\"false\" class=\"wp-block-ub-tabbed-content-tab-title-wrap\" style=\"--ub-tabbed-active-title-color: inherit; --ub-tabbed-active-title-background-color: #eeeeee; text-align: left; \" tabindex=\"-1\">\n\t\t\t\t<div class=\"wp-block-ub-tabbed-content-tab-title\">Notes<\/div>\n\t\t\t<\/div><div role=\"tab\" id=\"ub-tabbed-content-6bce10ab-425e-492e-ae57-31d5124509b8-tab-1\" aria-controls=\"ub-tabbed-content-6bce10ab-425e-492e-ae57-31d5124509b8-panel-1\" aria-selected=\"true\" class=\"wp-block-ub-tabbed-content-tab-title-wrap active\" style=\"--ub-tabbed-title-background-color: #eeeeee; --ub-tabbed-active-title-color: inherit; --ub-tabbed-active-title-background-color: #eeeeee; text-align: left; \" tabindex=\"-1\">\n\t\t\t\t<div class=\"wp-block-ub-tabbed-content-tab-title\">Vocabulary<\/div>\n\t\t\t<\/div><div role=\"tab\" id=\"ub-tabbed-content-6bce10ab-425e-492e-ae57-31d5124509b8-tab-2\" aria-controls=\"ub-tabbed-content-6bce10ab-425e-492e-ae57-31d5124509b8-panel-2\" aria-selected=\"false\" class=\"wp-block-ub-tabbed-content-tab-title-wrap\" style=\"--ub-tabbed-active-title-color: inherit; --ub-tabbed-active-title-background-color: #eeeeee; text-align: left; \" tabindex=\"-1\">\n\t\t\t\t<div class=\"wp-block-ub-tabbed-content-tab-title\">Media<\/div>\n\t\t\t<\/div><\/div>\n\t\t\t<\/div>\n\t\t\t<div class=\"wp-block-ub-tabbed-content-tabs-content\" style=\"\"><div role=\"tabpanel\" class=\"wp-block-ub-tabbed-content-tab-content-wrap ub-hide\" id=\"ub-tabbed-content-6bce10ab-425e-492e-ae57-31d5124509b8-panel-0\" aria-labelledby=\"ub-tabbed-content-6bce10ab-425e-492e-ae57-31d5124509b8-tab-0\" tabindex=\"0\">\n\n<blockquote class=\"wp-block-quote is-layout-flow wp-block-quote-is-layout-flow\">\n<p><em>Psyche is served by invisible servants.<\/em><\/p>\n\n\n\n<p><\/p>\n<\/blockquote>\n\n\n\n<p><strong>rata<\/strong> governs an indirect statement:<em> refectu\u012b su\u014d commodum (esse)<\/em>.<\/p>\n\n\n\n<p><strong>citharam: <\/strong>A cithara was a guitar or lute-like instrument with seven strings and a flat back and was often played by professional musicians (see example under Media). It was usually associated with Apollo, who was also credited with inventing it.<\/p>\n\n\n\n<p><\/p>\n\n<\/div><div role=\"tabpanel\" class=\"wp-block-ub-tabbed-content-tab-content-wrap active\" id=\"ub-tabbed-content-6bce10ab-425e-492e-ae57-31d5124509b8-panel-1\" aria-labelledby=\"ub-tabbed-content-6bce10ab-425e-492e-ae57-31d5124509b8-tab-1\" tabindex=\"0\">\n\n<p><strong>be\u0101tit\u016bd\u014d, -inis f.: <\/strong>blessedness, good fortune<\/p>\n\n\n\n<p><strong>mon\u012btus, -\u016bs m.:<\/strong> an admonition<\/p>\n\n\n\n<p><strong>informis, -e:<\/strong> unformed, shapeless<\/p>\n\n\n\n<p><strong>fat\u012bg\u0101ti\u014d, -\u014dnis f.:<\/strong> fatigue<\/p>\n\n\n\n<p><strong>d\u012blu\u014d, -ere, -u\u012b, -\u016btus:<\/strong> to refresh, wash away<\/p>\n\n\n\n<p><strong>semirotundus, -a, -um: <\/strong>semicirculuar (only in Apuleius)<\/p>\n\n\n\n<p><strong>sugg\u0113stus, -us m.:<\/strong> platform, raised seat. What&#8217;s being described is a \u03f9-shaped dining couch.<\/p>\n\n\n\n<p><strong>c\u0113n\u0101t\u014drius, -\u0101, -um: <\/strong>pertaining to dining<\/p>\n\n\n\n<p><strong>ref\u0113ctus, &#8211;<strong>\u016b<\/strong>s m.:<\/strong>\u00a0 refreshment<\/p>\n\n\n\n<p><strong>accumb\u014d, -ere, -cubu\u012b, -cubitus:<\/strong> to lie down, recline at table<\/p>\n\n\n\n<p><strong>ed\u016bl\u012bs, -e:<\/strong> edible<\/p>\n\n\n\n<p><strong>ferculum, -\u012b n.:<\/strong> any means of carrying; a tray<\/p>\n\n\n\n<p><strong>tantum <\/strong>(adv): only (L&amp;S s.v. <em>tantus<\/em> II B)<\/p>\n\n\n\n<p><strong>impell\u014d, -ere, -pepul\u012b, -pulsus:<\/strong> to drive forward (L&amp;S sv. impello, IB)<\/p>\n\n\n\n<p><strong>subministr\u014d, -\u0101re:<\/strong> to supply, furnish<\/p>\n\n\n\n<p><strong>op\u012bmus, -a, -um:<\/strong> fat, rich<\/p>\n\n\n\n<p><strong>daps, dapis f.:<\/strong> banquet, feast<\/p>\n\n\n\n<p><strong>intr\u014dc\u0113d\u014d, -ere, -cess\u012b, -cessus:<\/strong> to go into (invented by Apuleius)<\/p>\n\n\n\n<p><strong>\u012bnv\u012bsus, -\u0101, -um:<\/strong> (L&amp;S 2) unseen<\/p>\n\n\n\n<p><strong>modulor, -ar\u012b:<\/strong> to measure rhythmically; (past part.) melodious, musical<\/p>\n\n\n\n<p><strong>c\u014dnser\u014d, -sere, -s\u0113ru\u012b, -sertus: <\/strong>to<strong> <\/strong>connect, join<\/p>\n\n\n\n<p><\/p>\n\n<\/div><div role=\"tabpanel\" class=\"wp-block-ub-tabbed-content-tab-content-wrap ub-hide\" id=\"ub-tabbed-content-6bce10ab-425e-492e-ae57-31d5124509b8-panel-2\" aria-labelledby=\"ub-tabbed-content-6bce10ab-425e-492e-ae57-31d5124509b8-tab-2\" tabindex=\"0\">\n<style>.kb-row-layout-id2489_26684a-ba > .kt-row-column-wrap{align-content:start;}:where(.kb-row-layout-id2489_26684a-ba > .kt-row-column-wrap) > .wp-block-kadence-column{justify-content:start;}.kb-row-layout-id2489_26684a-ba > .kt-row-column-wrap{column-gap:var(--global-kb-gap-md, 2rem);row-gap:var(--global-kb-gap-md, 2rem);padding-top:var(--global-kb-spacing-sm, 1.5rem);padding-bottom:var(--global-kb-spacing-sm, 1.5rem);grid-template-columns:minmax(0, calc(50% - ((var(--global-kb-gap-md, 2rem) * 1 )\/2)))minmax(0, calc(50% - ((var(--global-kb-gap-md, 2rem) * 1 )\/2)));}.kb-row-layout-id2489_26684a-ba > .kt-row-layout-overlay{opacity:0.30;}@media all and (max-width: 1024px){.kb-row-layout-id2489_26684a-ba > .kt-row-column-wrap{grid-template-columns:repeat(2, minmax(0, 1fr));}}@media all and (max-width: 767px){.kb-row-layout-id2489_26684a-ba > .kt-row-column-wrap{grid-template-columns:minmax(0, 1fr);}}<\/style><div class=\"kb-row-layout-wrap kb-row-layout-id2489_26684a-ba alignnone wp-block-kadence-rowlayout\"><div class=\"kt-row-column-wrap kt-has-2-columns kt-row-layout-equal kt-tab-layout-inherit kt-mobile-layout-row kt-row-valign-top\">\n<style>.kadence-column2489_a425be-a6 > .kt-inside-inner-col,.kadence-column2489_a425be-a6 > .kt-inside-inner-col:before{border-top-left-radius:0px;border-top-right-radius:0px;border-bottom-right-radius:0px;border-bottom-left-radius:0px;}.kadence-column2489_a425be-a6 > .kt-inside-inner-col{column-gap:var(--global-kb-gap-sm, 1rem);}.kadence-column2489_a425be-a6 > .kt-inside-inner-col{flex-direction:column;}.kadence-column2489_a425be-a6 > .kt-inside-inner-col > .aligncenter{width:100%;}.kadence-column2489_a425be-a6 > .kt-inside-inner-col:before{opacity:0.3;}.kadence-column2489_a425be-a6{position:relative;}@media all and (max-width: 1024px){.kadence-column2489_a425be-a6 > .kt-inside-inner-col{flex-direction:column;justify-content:center;}}@media all and (max-width: 767px){.kadence-column2489_a425be-a6 > .kt-inside-inner-col{flex-direction:column;justify-content:center;}}<\/style>\n<div class=\"wp-block-kadence-column kadence-column2489_a425be-a6\"><div class=\"kt-inside-inner-col\">\n<figure class=\"wp-block-image size-full\"><img loading=\"lazy\" decoding=\"async\" width=\"1000\" height=\"678\" src=\"http:\/\/sites.bc.edu\/latin-commentary\/wp-content\/uploads\/sites\/201\/2023\/12\/83-26.jpg\" alt=\"\" class=\"wp-image-2696\" srcset=\"https:\/\/sites.bc.edu\/latin-commentary\/wp-content\/uploads\/sites\/201\/2023\/12\/83-26.jpg 1000w, https:\/\/sites.bc.edu\/latin-commentary\/wp-content\/uploads\/sites\/201\/2023\/12\/83-26-300x203.jpg 300w, https:\/\/sites.bc.edu\/latin-commentary\/wp-content\/uploads\/sites\/201\/2023\/12\/83-26-768x521.jpg 768w\" sizes=\"auto, (max-width: 1000px) 100vw, 1000px\" \/><\/figure>\n<\/div><\/div>\n\n\n<style>.kadence-column2489_47f7ae-3c > .kt-inside-inner-col,.kadence-column2489_47f7ae-3c > .kt-inside-inner-col:before{border-top-left-radius:0px;border-top-right-radius:0px;border-bottom-right-radius:0px;border-bottom-left-radius:0px;}.kadence-column2489_47f7ae-3c > .kt-inside-inner-col{column-gap:var(--global-kb-gap-sm, 1rem);}.kadence-column2489_47f7ae-3c > .kt-inside-inner-col{flex-direction:column;}.kadence-column2489_47f7ae-3c > .kt-inside-inner-col > .aligncenter{width:100%;}.kadence-column2489_47f7ae-3c > .kt-inside-inner-col:before{opacity:0.3;}.kadence-column2489_47f7ae-3c{position:relative;}@media all and (max-width: 1024px){.kadence-column2489_47f7ae-3c > .kt-inside-inner-col{flex-direction:column;justify-content:center;}}@media all and (max-width: 767px){.kadence-column2489_47f7ae-3c > .kt-inside-inner-col{flex-direction:column;justify-content:center;}}<\/style>\n<div class=\"wp-block-kadence-column kadence-column2489_47f7ae-3c\"><div class=\"kt-inside-inner-col\">\n<p>Kithara Player. Attic Red Figure attributed to the Brygos Painter ca. 490 BC &#8211; 470 BC (<a href=\"https:\/\/collections.mfa.org\/objects\/153620\">Boston, Museum of Fine Arts<\/a>)<\/p>\n<\/div><\/div>\n\n<\/div><\/div>\n<\/div><\/div>\n\t\t<\/div><\/div><\/div>\n\n<\/div><\/div>\n\n\n<div style=\"height:34px\" aria-hidden=\"true\" class=\"wp-block-spacer\"><\/div>\n\n\n\n<div class=\"wp-block-buttons has-custom-font-size has-small-font-size is-content-justification-space-between is-nowrap is-layout-flex wp-container-core-buttons-is-layout-5924e470 wp-block-buttons-is-layout-flex\">\n<div class=\"wp-block-button is-style-outline is-style-outline--3\"><a class=\"wp-block-button__link has-ast-global-color-6-background-color has-background wp-element-button\" style=\"border-style:none;border-width:0px\">Previous<\/a><\/div>\n\n\n\n<div class=\"wp-block-button is-style-outline is-style-outline--4\"><a class=\"wp-block-button__link has-ast-global-color-6-background-color has-background wp-element-button\" style=\"border-style:none;border-width:0px\">Next<\/a><\/div>\n<\/div>\n\n\n\n<div style=\"height:34px\" aria-hidden=\"true\" class=\"wp-block-spacer\"><\/div>\n","protected":false},"excerpt":{"rendered":"<p>5.3 [1] S\u0113nsit Ps\u0233ch\u0113 d\u012bv\u012bnae Pr\u014dvidentiae be\u0101tit\u016bdinem, monit\u016bsque v\u014dcis informis audi\u0113ns et prius somn\u014d et mox lav\u0101cr\u014d fat\u012bg\u0101ti\u014dnem su\u012b d\u012bluit, [2] v\u012bs\u014dque statim proxim\u014d s\u0113mirotund\u014d suggest\u016b, propter \u012bnstr\u016bmentum c\u0113n\u0101t\u014drium rata refectu\u012b su\u014d commodum lib\u0113ns accumbit. [3] Et \u012blic\u014d v\u012bn\u012b nectare\u012b ed\u016bliumque vari\u014drum fercula c\u014dpi\u014dsa n\u016bll\u014d serv\u012bente sed tantum sp\u012brit\u016b qu\u014ddam impulsa subministrantur. [4] Nec quemquam [&hellip;]<\/p>\n","protected":false},"author":1,"featured_media":0,"parent":0,"menu_order":0,"comment_status":"closed","ping_status":"closed","template":"","meta":{"_coblocks_attr":"","_coblocks_dimensions":"","_coblocks_responsive_height":"","_coblocks_accordion_ie_support":"","site-sidebar-layout":"default","site-content-layout":"","ast-site-content-layout":"default","site-content-style":"default","site-sidebar-style":"default","ast-global-header-display":"","ast-banner-title-visibility":"","ast-main-header-display":"","ast-hfb-above-header-display":"","ast-hfb-below-header-display":"","ast-hfb-mobile-header-display":"","site-post-title":"disabled","ast-breadcrumbs-content":"","ast-featured-img":"","footer-sml-layout":"","ast-disable-related-posts":"","theme-transparent-header-meta":"","adv-header-id-meta":"","stick-header-meta":"","header-above-stick-meta":"","header-main-stick-meta":"","header-below-stick-meta":"","astra-migrate-meta-layouts":"set","ast-page-background-enabled":"default","ast-page-background-meta":{"desktop":{"background-color":"var(--ast-global-color-4)","background-image":"","background-repeat":"repeat","background-position":"center center","background-size":"auto","background-attachment":"scroll","background-type":"","background-media":"","overlay-type":"","overlay-color":"","overlay-opacity":"","overlay-gradient":""},"tablet":{"background-color":"","background-image":"","background-repeat":"repeat","background-position":"center center","background-size":"auto","background-attachment":"scroll","background-type":"","background-media":"","overlay-type":"","overlay-color":"","overlay-opacity":"","overlay-gradient":""},"mobile":{"background-color":"","background-image":"","background-repeat":"repeat","background-position":"center center","background-size":"auto","background-attachment":"scroll","background-type":"","background-media":"","overlay-type":"","overlay-color":"","overlay-opacity":"","overlay-gradient":""}},"ast-content-background-meta":{"desktop":{"background-color":"var(--ast-global-color-5)","background-image":"","background-repeat":"repeat","background-position":"center center","background-size":"auto","background-attachment":"scroll","background-type":"","background-media":"","overlay-type":"","overlay-color":"","overlay-opacity":"","overlay-gradient":""},"tablet":{"background-color":"var(--ast-global-color-5)","background-image":"","background-repeat":"repeat","background-position":"center center","background-size":"auto","background-attachment":"scroll","background-type":"","background-media":"","overlay-type":"","overlay-color":"","overlay-opacity":"","overlay-gradient":""},"mobile":{"background-color":"var(--ast-global-color-5)","background-image":"","background-repeat":"repeat","background-position":"center center","background-size":"auto","background-attachment":"scroll","background-type":"","background-media":"","overlay-type":"","overlay-color":"","overlay-opacity":"","overlay-gradient":""}},"footnotes":""},"class_list":["post-2489","page","type-page","status-publish","hentry"],"featured_image_src":null,"_links":{"self":[{"href":"https:\/\/sites.bc.edu\/latin-commentary\/wp-json\/wp\/v2\/pages\/2489","targetHints":{"allow":["GET"]}}],"collection":[{"href":"https:\/\/sites.bc.edu\/latin-commentary\/wp-json\/wp\/v2\/pages"}],"about":[{"href":"https:\/\/sites.bc.edu\/latin-commentary\/wp-json\/wp\/v2\/types\/page"}],"author":[{"embeddable":true,"href":"https:\/\/sites.bc.edu\/latin-commentary\/wp-json\/wp\/v2\/users\/1"}],"replies":[{"embeddable":true,"href":"https:\/\/sites.bc.edu\/latin-commentary\/wp-json\/wp\/v2\/comments?post=2489"}],"version-history":[{"count":16,"href":"https:\/\/sites.bc.edu\/latin-commentary\/wp-json\/wp\/v2\/pages\/2489\/revisions"}],"predecessor-version":[{"id":2796,"href":"https:\/\/sites.bc.edu\/latin-commentary\/wp-json\/wp\/v2\/pages\/2489\/revisions\/2796"}],"wp:attachment":[{"href":"https:\/\/sites.bc.edu\/latin-commentary\/wp-json\/wp\/v2\/media?parent=2489"}],"curies":[{"name":"wp","href":"https:\/\/api.w.org\/{rel}","templated":true}]}}