{"id":2488,"date":"2023-10-31T15:34:33","date_gmt":"2023-10-31T19:34:33","guid":{"rendered":"https:\/\/sites.bc.edu\/latin-commentary\/?page_id=2488"},"modified":"2025-10-16T14:23:36","modified_gmt":"2025-10-16T18:23:36","slug":"5-2","status":"publish","type":"page","link":"https:\/\/sites.bc.edu\/latin-commentary\/5-2\/","title":{"rendered":"5.2"},"content":{"rendered":"\n<figure class=\"wp-block-image alignfull size-large\"><img loading=\"lazy\" decoding=\"async\" width=\"1280\" height=\"85\" src=\"http:\/\/sites.bc.edu\/latin-commentary\/wp-content\/uploads\/sites\/201\/2023\/05\/academic-dept-default.jpeg\" alt=\"\" class=\"wp-image-2384\" srcset=\"https:\/\/sites.bc.edu\/latin-commentary\/wp-content\/uploads\/sites\/201\/2023\/05\/academic-dept-default.jpeg 1280w, https:\/\/sites.bc.edu\/latin-commentary\/wp-content\/uploads\/sites\/201\/2023\/05\/academic-dept-default-300x20.jpeg 300w, https:\/\/sites.bc.edu\/latin-commentary\/wp-content\/uploads\/sites\/201\/2023\/05\/academic-dept-default-1024x68.jpeg 1024w, https:\/\/sites.bc.edu\/latin-commentary\/wp-content\/uploads\/sites\/201\/2023\/05\/academic-dept-default-768x51.jpeg 768w\" sizes=\"auto, (max-width: 1280px) 100vw, 1280px\" \/><\/figure>\n\n\n\n<div style=\"height:63px\" aria-hidden=\"true\" class=\"wp-block-spacer mt-0\"><\/div>\n\n\n\n<h2 class=\"wp-block-heading has-text-align-left\">5.2<\/h2>\n\n\n\n<div class=\"wp-block-buttons is-content-justification-space-between is-nowrap is-layout-flex wp-container-core-buttons-is-layout-5924e470 wp-block-buttons-is-layout-flex\">\n<div class=\"wp-block-button is-style-outline is-style-outline--1\"><a class=\"wp-block-button__link has-ast-global-color-6-background-color has-background has-small-font-size has-custom-font-size wp-element-button\" href=\"https:\/\/sites.bc.edu\/latin-commentary\/5-1\/\" style=\"border-style:none;border-width:0px\">Previous<\/a><\/div>\n\n\n\n<div class=\"wp-block-button is-style-outline is-style-outline--2\"><a class=\"wp-block-button__link has-ast-global-color-6-background-color has-background has-small-font-size has-custom-font-size wp-element-button\" href=\"https:\/\/sites.bc.edu\/latin-commentary\/5-3\/\" style=\"border-style:none;border-width:0px\">Next<\/a><\/div>\n<\/div>\n\n\n\n<div style=\"height:34px\" aria-hidden=\"true\" class=\"wp-block-spacer\"><\/div>\n\n\n<style>.kb-row-layout-id2488_31a6c8-c3 > .kt-row-column-wrap{align-content:start;}:where(.kb-row-layout-id2488_31a6c8-c3 > .kt-row-column-wrap) > .wp-block-kadence-column{justify-content:start;}.kb-row-layout-id2488_31a6c8-c3 > .kt-row-column-wrap{column-gap:var(--global-kb-gap-md, 2rem);row-gap:var(--global-kb-gap-md, 2rem);padding-top:var(--global-kb-spacing-sm, 1.5rem);padding-bottom:var(--global-kb-spacing-sm, 1.5rem);grid-template-columns:minmax(0, calc(50% - ((var(--global-kb-gap-md, 2rem) * 1 )\/2)))minmax(0, calc(50% - ((var(--global-kb-gap-md, 2rem) * 1 )\/2)));}.kb-row-layout-id2488_31a6c8-c3 > .kt-row-layout-overlay{opacity:0.30;}@media all and (max-width: 1024px){.kb-row-layout-id2488_31a6c8-c3 > .kt-row-column-wrap{grid-template-columns:repeat(2, minmax(0, 1fr));}}@media all and (max-width: 767px){.kb-row-layout-id2488_31a6c8-c3 > .kt-row-column-wrap{grid-template-columns:minmax(0, 1fr);}}<\/style><div class=\"kb-row-layout-wrap kb-row-layout-id2488_31a6c8-c3 alignnone wp-block-kadence-rowlayout\"><div class=\"kt-row-column-wrap kt-has-2-columns kt-row-layout-equal kt-tab-layout-inherit kt-mobile-layout-row kt-row-valign-top\">\n<style>.kadence-column2488_69c525-b5 > .kt-inside-inner-col,.kadence-column2488_69c525-b5 > .kt-inside-inner-col:before{border-top-left-radius:0px;border-top-right-radius:0px;border-bottom-right-radius:0px;border-bottom-left-radius:0px;}.kadence-column2488_69c525-b5 > .kt-inside-inner-col{column-gap:var(--global-kb-gap-sm, 1rem);}.kadence-column2488_69c525-b5 > .kt-inside-inner-col{flex-direction:column;}.kadence-column2488_69c525-b5 > .kt-inside-inner-col > .aligncenter{width:100%;}.kadence-column2488_69c525-b5 > .kt-inside-inner-col:before{opacity:0.3;}.kadence-column2488_69c525-b5{position:relative;}@media all and (max-width: 1024px){.kadence-column2488_69c525-b5 > .kt-inside-inner-col{flex-direction:column;justify-content:center;}}@media all and (max-width: 767px){.kadence-column2488_69c525-b5 > .kt-inside-inner-col{flex-direction:column;justify-content:center;}}<\/style>\n<div class=\"wp-block-kadence-column kadence-column2488_69c525-b5\"><div class=\"kt-inside-inner-col\">\n<p>[1] Inv\u012bt\u0101ta Ps\u0233ch\u0113<strong> <\/strong>t\u0101lium loc\u014drum<strong> <\/strong>oblect\u0101ti\u014dne propius<strong> <\/strong>accessit et paul\u014d fid\u0113ntior intr\u0101 l\u012bmen<strong> <\/strong>s\u0113s\u0113<strong> <\/strong>facit,<strong> <\/strong>mox<strong> <\/strong>pr\u014dlectante studi\u014d pulcherrimae v\u012bsi\u014dnis r\u012bm\u0101tur<strong> <\/strong>singula et altr\u012bnsecus<strong> <\/strong>aedium<strong> <\/strong>horrea subl\u012bm\u012b fabric\u0101 perfecta magn\u012bsque congesta gaz\u012bs c\u014dnspicit.<strong> <\/strong>[2] Nec<strong> <\/strong>est<strong> <\/strong>quicquam<strong> <\/strong>quod ibi n\u014dn<strong> <\/strong>est. Sed<strong> <\/strong>praeter c\u0113teram<strong> <\/strong>tant\u0101rum<strong> <\/strong>d\u012bviti\u0101rum<strong> <\/strong>adm\u012br\u0101ti\u014dnem<strong> <\/strong>hoc<strong> <\/strong>erat praecipu\u0113 m\u012brificum, quod n\u016bll\u014d vincul\u014d n\u016bll\u014d<strong> <\/strong>claustr\u014d<strong> <\/strong>n\u016bll\u014d cust\u014dde t\u014dt\u012bus orbis thensaurus ille<strong> <\/strong>m\u016bni\u0113b\u0101tur.<strong> <\/strong>[3]<strong> <\/strong>Haec<strong> <\/strong>e\u012b summ\u0101 cum volupt\u0101te<strong> <\/strong>v\u012bsent\u012b offert s\u0113s\u0113<strong>&nbsp; <\/strong>v\u014dx quaedam corporis su\u012b n\u016bda et:<strong> <\/strong>&#8220;Quid,&#8221; inquit &#8220;domina, tant\u012bs obstupescis<strong> <\/strong>opibus?<strong> <\/strong>Tua sunt haec omnia. Prohinc cubicul\u014d<strong> <\/strong>t\u0113 refer<strong> <\/strong>et<strong> <\/strong>lectul\u014d lassit\u016bdinem refov\u0113 et ex<strong> <\/strong>arbitri\u014d<strong> <\/strong>lav\u0101crum pete. [4] N\u014ds, qu\u0101rum v\u014dc\u0113s accipis, tuae famulae s\u0113dul\u014d tibi<strong> <\/strong>praeministr\u0101bimus<strong> <\/strong>nec<strong> <\/strong>corporis c\u016br\u0101tae<strong> <\/strong>tibi<strong> <\/strong>r\u0113g\u0101l\u0113s<strong> <\/strong>epulae<strong> <\/strong>mor\u0101buntur.&#8221;<\/p>\n<\/div><\/div>\n\n\n<style>.kadence-column2488_edfbb9-04 > .kt-inside-inner-col,.kadence-column2488_edfbb9-04 > .kt-inside-inner-col:before{border-top-left-radius:0px;border-top-right-radius:0px;border-bottom-right-radius:0px;border-bottom-left-radius:0px;}.kadence-column2488_edfbb9-04 > .kt-inside-inner-col{column-gap:var(--global-kb-gap-sm, 1rem);}.kadence-column2488_edfbb9-04 > .kt-inside-inner-col{flex-direction:column;}.kadence-column2488_edfbb9-04 > .kt-inside-inner-col > .aligncenter{width:100%;}.kadence-column2488_edfbb9-04 > .kt-inside-inner-col:before{opacity:0.3;}.kadence-column2488_edfbb9-04{position:relative;}@media all and (max-width: 1024px){.kadence-column2488_edfbb9-04 > .kt-inside-inner-col{flex-direction:column;justify-content:center;}}@media all and (max-width: 767px){.kadence-column2488_edfbb9-04 > .kt-inside-inner-col{flex-direction:column;justify-content:center;}}<\/style>\n<div class=\"wp-block-kadence-column kadence-column2488_edfbb9-04\"><div class=\"kt-inside-inner-col\"><div class=\"wp-block-ub-tabbed-content wp-block-ub-tabbed-content-holder wp-block-ub-tabbed-content-horizontal-holder-mobile wp-block-ub-tabbed-content-horizontal-holder-tablet\" id=\"ub-tabbed-content-1d2cd0e3-1abe-413e-8bc5-c1b40f2ce4fa\" style=\"\">\n\t\t\t<div class=\"wp-block-ub-tabbed-content-tab-holder horizontal-tab-width-mobile horizontal-tab-width-tablet\">\n\t\t\t\t<div role=\"tablist\" class=\"wp-block-ub-tabbed-content-tabs-title wp-block-ub-tabbed-content-tabs-title-mobile-horizontal-tab wp-block-ub-tabbed-content-tabs-title-tablet-horizontal-tab\" style=\"justify-content: flex-start; \"><div role=\"tab\" id=\"ub-tabbed-content-1d2cd0e3-1abe-413e-8bc5-c1b40f2ce4fa-tab-0\" aria-controls=\"ub-tabbed-content-1d2cd0e3-1abe-413e-8bc5-c1b40f2ce4fa-panel-0\" aria-selected=\"false\" class=\"wp-block-ub-tabbed-content-tab-title-wrap\" style=\"--ub-tabbed-active-title-color: inherit; --ub-tabbed-active-title-background-color: #eeeeee; text-align: left; \" tabindex=\"-1\">\n\t\t\t\t<div class=\"wp-block-ub-tabbed-content-tab-title\">Notes<\/div>\n\t\t\t<\/div><div role=\"tab\" id=\"ub-tabbed-content-1d2cd0e3-1abe-413e-8bc5-c1b40f2ce4fa-tab-1\" aria-controls=\"ub-tabbed-content-1d2cd0e3-1abe-413e-8bc5-c1b40f2ce4fa-panel-1\" aria-selected=\"true\" class=\"wp-block-ub-tabbed-content-tab-title-wrap active\" style=\"--ub-tabbed-title-background-color: #eeeeee; --ub-tabbed-active-title-color: inherit; --ub-tabbed-active-title-background-color: #eeeeee; text-align: left; \" tabindex=\"-1\">\n\t\t\t\t<div class=\"wp-block-ub-tabbed-content-tab-title\">Vocabulary<\/div>\n\t\t\t<\/div><div role=\"tab\" id=\"ub-tabbed-content-1d2cd0e3-1abe-413e-8bc5-c1b40f2ce4fa-tab-2\" aria-controls=\"ub-tabbed-content-1d2cd0e3-1abe-413e-8bc5-c1b40f2ce4fa-panel-2\" aria-selected=\"false\" class=\"wp-block-ub-tabbed-content-tab-title-wrap\" style=\"--ub-tabbed-active-title-color: inherit; --ub-tabbed-active-title-background-color: #eeeeee; text-align: left; \" tabindex=\"-1\">\n\t\t\t\t<div class=\"wp-block-ub-tabbed-content-tab-title\">Media<\/div>\n\t\t\t<\/div><\/div>\n\t\t\t<\/div>\n\t\t\t<div class=\"wp-block-ub-tabbed-content-tabs-content\" style=\"\"><div role=\"tabpanel\" class=\"wp-block-ub-tabbed-content-tab-content-wrap ub-hide\" id=\"ub-tabbed-content-1d2cd0e3-1abe-413e-8bc5-c1b40f2ce4fa-panel-0\" aria-labelledby=\"ub-tabbed-content-1d2cd0e3-1abe-413e-8bc5-c1b40f2ce4fa-tab-0\" tabindex=\"0\">\n\n<blockquote class=\"wp-block-quote is-layout-flow wp-block-quote-is-layout-flow\">\n<p><em>Ps\u0233ch\u0113 explores the palace, and learns that she is its mistress.<\/em><\/p>\n<\/blockquote>\n\n\n\n<p><strong>paul\u014d: <\/strong>abl. of degree of difference with <em>fid\u0113ntior<\/em><\/p>\n\n\n\n<p><strong>propius:<\/strong> comparative of<em> prope<\/em>.<\/p>\n\n\n\n<p><strong>facit:<\/strong> with a reflexive pronoun, <em>facio<\/em> can mean \u201cto take oneself\u201d (a late Latin construction).<\/p>\n\n\n\n<p><strong>perfecta\u2026congesta: <\/strong>linked by &#8211;<em>que<\/em>, both modify <em>horrea.<\/em><\/p>\n\n\n\n<p><strong>Nec est quicquam quod ibi n\u014dn est:<\/strong><strong><em> <\/em><\/strong>\u201cEverything (that exists) is there\u201d (lit. &#8220;there is nothing that is not there&#8221;).<\/p>\n\n\n\n<p><strong>quod: <\/strong>a substantive clause of fact explaining <em>hoc<\/em> (<a href=\"https:\/\/dcc.dickinson.edu\/grammar\/latin\/indicative-quod\" data-type=\"link\" data-id=\"https:\/\/dcc.dickinson.edu\/grammar\/latin\/indicative-quod\">A&amp;G \u00a7572<\/a>).<\/p>\n\n\n\n<p><strong>Haec e\u012b\u2026v\u012bsent\u012b:<\/strong> e\u012b is the indirect object of <em>offert<\/em>; <em>haec <\/em>= D.O. of <em>v\u012bsent\u012b<\/em>.\u00a0<\/p>\n\n\n\n<p><strong>Tua:<\/strong> nom. neut. pl. and a predicate of <em>sunt,<\/em> whose subject is <em>haec omnia<\/em>. This recalls Aunt Byrrhena&#8217;s statement to Lucius, as he looked at the statue of Diana and Actaeon in her house: <em>Tua sunt&#8230;cuncta quae vides<\/em> (2.5.1).<\/p>\n\n\n\n<p><strong>ex arbitri\u014d:<\/strong><em> <\/em>\u201cif you would like,\u201d (li. \u201cfrom your judgment\u201d)<\/p>\n\n\n\n<p><strong>c\u016br\u0101tae: <\/strong>dat., modifying <em>tibi<\/em>; takes a gen. of description.<\/p>\n\n\n\n<p><\/p>\n\n<\/div><div role=\"tabpanel\" class=\"wp-block-ub-tabbed-content-tab-content-wrap active\" id=\"ub-tabbed-content-1d2cd0e3-1abe-413e-8bc5-c1b40f2ce4fa-panel-1\" aria-labelledby=\"ub-tabbed-content-1d2cd0e3-1abe-413e-8bc5-c1b40f2ce4fa-tab-1\" tabindex=\"0\">\n\n<p><strong>inv\u012bt\u014d, -\u0101re:<\/strong> to attract<\/p>\n\n\n\n<p><strong>oblect\u0101tio, -\u014dnis f.:<\/strong> delight<\/p>\n\n\n\n<p><strong>pr\u014dlect\u014d, -\u0101re:<\/strong> to entice<\/p>\n\n\n\n<p><strong>r\u012bmor, -\u0101r\u012b:<\/strong> to explore, examine thoroughly<\/p>\n\n\n\n<p><strong>altr\u012bnsecus:<\/strong> (adv.) on the other side; here, used as preposition + gen.<\/p>\n\n\n\n<p><strong>fabrica, -ae f.<\/strong>: craftsmanship<\/p>\n\n\n\n<p><strong>gaza, -ae f.:<\/strong> treasure<\/p>\n\n\n\n<p><strong>praecipu\u0113: <\/strong>(adv.)<strong> <\/strong>especially<\/p>\n\n\n\n<p><strong>claustrum, -\u012b n.:<\/strong> barrier<\/p>\n\n\n\n<p><strong>th\u0113(n)saurus, -\u012b m.: <\/strong>treasury, treasure trove<\/p>\n\n\n\n<p><strong>n\u016bdus, -a, -um:<\/strong> deprived of (+ gen.)<\/p>\n\n\n\n<p><strong>obstup\u0113sc\u014d, -ere, -pu\u012b:<\/strong> to be astonished, amazed<\/p>\n\n\n\n<p><strong>prohinc:<\/strong> (adv.) hence, on this account<\/p>\n\n\n\n<p><strong>lassit\u016bd\u014d, -inis f.:<\/strong> weakness, tiredness<\/p>\n\n\n\n<p><strong>refove\u014d, -\u0113re, -f\u014dv\u012b, -f\u014dtus: <\/strong>to restore, refresh, warm again<\/p>\n\n\n\n<p><strong>lav\u0101crum -\u012b n.: <\/strong>bath<\/p>\n\n\n\n<p><strong>famula, -ae f.:<\/strong> female slave<\/p>\n\n\n\n<p><strong>s\u0113dul\u014d <\/strong>(adv)<strong>:<\/strong> carefully, diligently<\/p>\n\n\n\n<p><strong>praeministr\u014d, -\u0101re: <\/strong>to wait, attend upon<\/p>\n\n\n\n<p><strong>epulae, -\u0101rum f. pl.:<\/strong> feast, banquet<\/p>\n\n<\/div><div role=\"tabpanel\" class=\"wp-block-ub-tabbed-content-tab-content-wrap ub-hide\" id=\"ub-tabbed-content-1d2cd0e3-1abe-413e-8bc5-c1b40f2ce4fa-panel-2\" aria-labelledby=\"ub-tabbed-content-1d2cd0e3-1abe-413e-8bc5-c1b40f2ce4fa-tab-2\" tabindex=\"0\">\n<style>.kb-row-layout-id2488_ef0198-d2 > .kt-row-column-wrap{align-content:start;}:where(.kb-row-layout-id2488_ef0198-d2 > .kt-row-column-wrap) > .wp-block-kadence-column{justify-content:start;}.kb-row-layout-id2488_ef0198-d2 > .kt-row-column-wrap{column-gap:var(--global-kb-gap-md, 2rem);row-gap:var(--global-kb-gap-md, 2rem);padding-top:var(--global-kb-spacing-sm, 1.5rem);padding-bottom:var(--global-kb-spacing-sm, 1.5rem);grid-template-columns:repeat(2, minmax(0, 1fr));}.kb-row-layout-id2488_ef0198-d2 > .kt-row-layout-overlay{opacity:0.30;}@media all and (max-width: 1024px){.kb-row-layout-id2488_ef0198-d2 > .kt-row-column-wrap{grid-template-columns:repeat(2, minmax(0, 1fr));}}@media all and (max-width: 767px){.kb-row-layout-id2488_ef0198-d2 > .kt-row-column-wrap{grid-template-columns:minmax(0, 1fr);}}<\/style><div class=\"kb-row-layout-wrap kb-row-layout-id2488_ef0198-d2 alignnone wp-block-kadence-rowlayout\"><div class=\"kt-row-column-wrap kt-has-2-columns kt-row-layout-equal kt-tab-layout-inherit kt-mobile-layout-row kt-row-valign-top\">\n<style>.kadence-column2488_6eefc9-0a > .kt-inside-inner-col,.kadence-column2488_6eefc9-0a > .kt-inside-inner-col:before{border-top-left-radius:0px;border-top-right-radius:0px;border-bottom-right-radius:0px;border-bottom-left-radius:0px;}.kadence-column2488_6eefc9-0a > .kt-inside-inner-col{column-gap:var(--global-kb-gap-sm, 1rem);}.kadence-column2488_6eefc9-0a > .kt-inside-inner-col{flex-direction:column;}.kadence-column2488_6eefc9-0a > .kt-inside-inner-col > .aligncenter{width:100%;}.kadence-column2488_6eefc9-0a > .kt-inside-inner-col:before{opacity:0.3;}.kadence-column2488_6eefc9-0a{position:relative;}@media all and (max-width: 1024px){.kadence-column2488_6eefc9-0a > .kt-inside-inner-col{flex-direction:column;justify-content:center;}}@media all and (max-width: 767px){.kadence-column2488_6eefc9-0a > .kt-inside-inner-col{flex-direction:column;justify-content:center;}}<\/style>\n<div class=\"wp-block-kadence-column kadence-column2488_6eefc9-0a\"><div class=\"kt-inside-inner-col\">\n<h3 class=\"wp-block-heading\"><\/h3>\n\n\n\n<p><\/p>\n<\/div><\/div>\n\n\n<style>.kadence-column2488_221305-d6 > .kt-inside-inner-col,.kadence-column2488_221305-d6 > .kt-inside-inner-col:before{border-top-left-radius:0px;border-top-right-radius:0px;border-bottom-right-radius:0px;border-bottom-left-radius:0px;}.kadence-column2488_221305-d6 > .kt-inside-inner-col{column-gap:var(--global-kb-gap-sm, 1rem);}.kadence-column2488_221305-d6 > .kt-inside-inner-col{flex-direction:column;}.kadence-column2488_221305-d6 > .kt-inside-inner-col > .aligncenter{width:100%;}.kadence-column2488_221305-d6 > .kt-inside-inner-col:before{opacity:0.3;}.kadence-column2488_221305-d6{position:relative;}@media all and (max-width: 1024px){.kadence-column2488_221305-d6 > .kt-inside-inner-col{flex-direction:column;justify-content:center;}}@media all and (max-width: 767px){.kadence-column2488_221305-d6 > .kt-inside-inner-col{flex-direction:column;justify-content:center;}}<\/style>\n<div class=\"wp-block-kadence-column kadence-column2488_221305-d6\"><div class=\"kt-inside-inner-col\"><\/div><\/div>\n\n<\/div><\/div>\n\n<style>.kb-row-layout-id2488_7f1e14-72 > .kt-row-column-wrap{align-content:start;}:where(.kb-row-layout-id2488_7f1e14-72 > .kt-row-column-wrap) > .wp-block-kadence-column{justify-content:start;}.kb-row-layout-id2488_7f1e14-72 > .kt-row-column-wrap{column-gap:var(--global-kb-gap-md, 2rem);row-gap:var(--global-kb-gap-md, 2rem);padding-top:var(--global-kb-spacing-sm, 1.5rem);padding-bottom:var(--global-kb-spacing-sm, 1.5rem);grid-template-columns:repeat(2, minmax(0, 1fr));}.kb-row-layout-id2488_7f1e14-72 > .kt-row-layout-overlay{opacity:0.30;}@media all and (max-width: 1024px){.kb-row-layout-id2488_7f1e14-72 > .kt-row-column-wrap{grid-template-columns:repeat(2, minmax(0, 1fr));}}@media all and (max-width: 767px){.kb-row-layout-id2488_7f1e14-72 > .kt-row-column-wrap{grid-template-columns:minmax(0, 1fr);}}<\/style><div class=\"kb-row-layout-wrap kb-row-layout-id2488_7f1e14-72 alignnone wp-block-kadence-rowlayout\"><div class=\"kt-row-column-wrap kt-has-2-columns kt-row-layout-equal kt-tab-layout-inherit kt-mobile-layout-row kt-row-valign-top\">\n<style>.kadence-column2488_e495eb-87 > .kt-inside-inner-col,.kadence-column2488_e495eb-87 > .kt-inside-inner-col:before{border-top-left-radius:0px;border-top-right-radius:0px;border-bottom-right-radius:0px;border-bottom-left-radius:0px;}.kadence-column2488_e495eb-87 > .kt-inside-inner-col{column-gap:var(--global-kb-gap-sm, 1rem);}.kadence-column2488_e495eb-87 > .kt-inside-inner-col{flex-direction:column;}.kadence-column2488_e495eb-87 > .kt-inside-inner-col > .aligncenter{width:100%;}.kadence-column2488_e495eb-87 > .kt-inside-inner-col:before{opacity:0.3;}.kadence-column2488_e495eb-87{position:relative;}@media all and (max-width: 1024px){.kadence-column2488_e495eb-87 > .kt-inside-inner-col{flex-direction:column;justify-content:center;}}@media all and (max-width: 767px){.kadence-column2488_e495eb-87 > .kt-inside-inner-col{flex-direction:column;justify-content:center;}}<\/style>\n<div class=\"wp-block-kadence-column kadence-column2488_e495eb-87\"><div class=\"kt-inside-inner-col\">\n<h3 class=\"wp-block-heading\"><\/h3>\n\n\n\n<p><\/p>\n<\/div><\/div>\n\n\n<style>.kadence-column2488_51658f-e6 > .kt-inside-inner-col,.kadence-column2488_51658f-e6 > .kt-inside-inner-col:before{border-top-left-radius:0px;border-top-right-radius:0px;border-bottom-right-radius:0px;border-bottom-left-radius:0px;}.kadence-column2488_51658f-e6 > .kt-inside-inner-col{column-gap:var(--global-kb-gap-sm, 1rem);}.kadence-column2488_51658f-e6 > .kt-inside-inner-col{flex-direction:column;}.kadence-column2488_51658f-e6 > .kt-inside-inner-col > .aligncenter{width:100%;}.kadence-column2488_51658f-e6 > .kt-inside-inner-col:before{opacity:0.3;}.kadence-column2488_51658f-e6{position:relative;}@media all and (max-width: 1024px){.kadence-column2488_51658f-e6 > .kt-inside-inner-col{flex-direction:column;justify-content:center;}}@media all and (max-width: 767px){.kadence-column2488_51658f-e6 > .kt-inside-inner-col{flex-direction:column;justify-content:center;}}<\/style>\n<div class=\"wp-block-kadence-column kadence-column2488_51658f-e6\"><div class=\"kt-inside-inner-col\"><\/div><\/div>\n\n<\/div><\/div>\n<\/div><\/div>\n\t\t<\/div><\/div><\/div>\n\n<\/div><\/div>\n\n\n<div style=\"height:34px\" aria-hidden=\"true\" class=\"wp-block-spacer\"><\/div>\n\n\n\n<div class=\"wp-block-buttons has-custom-font-size has-small-font-size is-content-justification-space-between is-nowrap is-layout-flex wp-container-core-buttons-is-layout-5924e470 wp-block-buttons-is-layout-flex\">\n<div class=\"wp-block-button is-style-outline is-style-outline--3\"><a class=\"wp-block-button__link has-ast-global-color-6-background-color has-background wp-element-button\" style=\"border-style:none;border-width:0px\">Previous<\/a><\/div>\n\n\n\n<div class=\"wp-block-button is-style-outline is-style-outline--4\"><a class=\"wp-block-button__link has-ast-global-color-6-background-color has-background wp-element-button\" style=\"border-style:none;border-width:0px\">Next<\/a><\/div>\n<\/div>\n\n\n\n<div style=\"height:34px\" aria-hidden=\"true\" class=\"wp-block-spacer\"><\/div>\n","protected":false},"excerpt":{"rendered":"<p>5.2 [1] Inv\u012bt\u0101ta Ps\u0233ch\u0113 t\u0101lium loc\u014drum oblect\u0101ti\u014dne propius accessit et paul\u014d fid\u0113ntior intr\u0101 l\u012bmen s\u0113s\u0113 facit, mox pr\u014dlectante studi\u014d pulcherrimae v\u012bsi\u014dnis r\u012bm\u0101tur singula et altr\u012bnsecus aedium horrea subl\u012bm\u012b fabric\u0101 perfecta magn\u012bsque congesta gaz\u012bs c\u014dnspicit. [2] Nec est quicquam quod ibi n\u014dn est. Sed praeter c\u0113teram tant\u0101rum d\u012bviti\u0101rum adm\u012br\u0101ti\u014dnem hoc erat praecipu\u0113 m\u012brificum, quod n\u016bll\u014d vincul\u014d [&hellip;]<\/p>\n","protected":false},"author":1,"featured_media":0,"parent":0,"menu_order":0,"comment_status":"closed","ping_status":"closed","template":"","meta":{"_coblocks_attr":"","_coblocks_dimensions":"","_coblocks_responsive_height":"","_coblocks_accordion_ie_support":"","site-sidebar-layout":"default","site-content-layout":"","ast-site-content-layout":"default","site-content-style":"default","site-sidebar-style":"default","ast-global-header-display":"","ast-banner-title-visibility":"","ast-main-header-display":"","ast-hfb-above-header-display":"","ast-hfb-below-header-display":"","ast-hfb-mobile-header-display":"","site-post-title":"disabled","ast-breadcrumbs-content":"","ast-featured-img":"","footer-sml-layout":"","ast-disable-related-posts":"","theme-transparent-header-meta":"","adv-header-id-meta":"","stick-header-meta":"","header-above-stick-meta":"","header-main-stick-meta":"","header-below-stick-meta":"","astra-migrate-meta-layouts":"set","ast-page-background-enabled":"default","ast-page-background-meta":{"desktop":{"background-color":"var(--ast-global-color-4)","background-image":"","background-repeat":"repeat","background-position":"center center","background-size":"auto","background-attachment":"scroll","background-type":"","background-media":"","overlay-type":"","overlay-color":"","overlay-opacity":"","overlay-gradient":""},"tablet":{"background-color":"","background-image":"","background-repeat":"repeat","background-position":"center center","background-size":"auto","background-attachment":"scroll","background-type":"","background-media":"","overlay-type":"","overlay-color":"","overlay-opacity":"","overlay-gradient":""},"mobile":{"background-color":"","background-image":"","background-repeat":"repeat","background-position":"center center","background-size":"auto","background-attachment":"scroll","background-type":"","background-media":"","overlay-type":"","overlay-color":"","overlay-opacity":"","overlay-gradient":""}},"ast-content-background-meta":{"desktop":{"background-color":"var(--ast-global-color-5)","background-image":"","background-repeat":"repeat","background-position":"center center","background-size":"auto","background-attachment":"scroll","background-type":"","background-media":"","overlay-type":"","overlay-color":"","overlay-opacity":"","overlay-gradient":""},"tablet":{"background-color":"var(--ast-global-color-5)","background-image":"","background-repeat":"repeat","background-position":"center center","background-size":"auto","background-attachment":"scroll","background-type":"","background-media":"","overlay-type":"","overlay-color":"","overlay-opacity":"","overlay-gradient":""},"mobile":{"background-color":"var(--ast-global-color-5)","background-image":"","background-repeat":"repeat","background-position":"center center","background-size":"auto","background-attachment":"scroll","background-type":"","background-media":"","overlay-type":"","overlay-color":"","overlay-opacity":"","overlay-gradient":""}},"footnotes":""},"class_list":["post-2488","page","type-page","status-publish","hentry"],"featured_image_src":null,"_links":{"self":[{"href":"https:\/\/sites.bc.edu\/latin-commentary\/wp-json\/wp\/v2\/pages\/2488","targetHints":{"allow":["GET"]}}],"collection":[{"href":"https:\/\/sites.bc.edu\/latin-commentary\/wp-json\/wp\/v2\/pages"}],"about":[{"href":"https:\/\/sites.bc.edu\/latin-commentary\/wp-json\/wp\/v2\/types\/page"}],"author":[{"embeddable":true,"href":"https:\/\/sites.bc.edu\/latin-commentary\/wp-json\/wp\/v2\/users\/1"}],"replies":[{"embeddable":true,"href":"https:\/\/sites.bc.edu\/latin-commentary\/wp-json\/wp\/v2\/comments?post=2488"}],"version-history":[{"count":13,"href":"https:\/\/sites.bc.edu\/latin-commentary\/wp-json\/wp\/v2\/pages\/2488\/revisions"}],"predecessor-version":[{"id":2794,"href":"https:\/\/sites.bc.edu\/latin-commentary\/wp-json\/wp\/v2\/pages\/2488\/revisions\/2794"}],"wp:attachment":[{"href":"https:\/\/sites.bc.edu\/latin-commentary\/wp-json\/wp\/v2\/media?parent=2488"}],"curies":[{"name":"wp","href":"https:\/\/api.w.org\/{rel}","templated":true}]}}