{"id":2298,"date":"2023-05-05T13:26:20","date_gmt":"2023-05-05T17:26:20","guid":{"rendered":"https:\/\/sites.bc.edu\/latin-commentary\/classroom-profiles-2\/"},"modified":"2025-10-15T19:34:47","modified_gmt":"2025-10-15T23:34:47","slug":"5-1","status":"publish","type":"page","link":"https:\/\/sites.bc.edu\/latin-commentary\/5-1\/","title":{"rendered":"5.1"},"content":{"rendered":"\n<figure class=\"wp-block-image alignfull size-large\"><img loading=\"lazy\" decoding=\"async\" width=\"1280\" height=\"85\" src=\"http:\/\/sites.bc.edu\/latin-commentary\/wp-content\/uploads\/sites\/201\/2023\/05\/academic-dept-default.jpeg\" alt=\"\" class=\"wp-image-2384\" srcset=\"https:\/\/sites.bc.edu\/latin-commentary\/wp-content\/uploads\/sites\/201\/2023\/05\/academic-dept-default.jpeg 1280w, https:\/\/sites.bc.edu\/latin-commentary\/wp-content\/uploads\/sites\/201\/2023\/05\/academic-dept-default-300x20.jpeg 300w, https:\/\/sites.bc.edu\/latin-commentary\/wp-content\/uploads\/sites\/201\/2023\/05\/academic-dept-default-1024x68.jpeg 1024w, https:\/\/sites.bc.edu\/latin-commentary\/wp-content\/uploads\/sites\/201\/2023\/05\/academic-dept-default-768x51.jpeg 768w\" sizes=\"auto, (max-width: 1280px) 100vw, 1280px\" \/><\/figure>\n\n\n\n<div style=\"height:63px\" aria-hidden=\"true\" class=\"wp-block-spacer mt-0\"><\/div>\n\n\n\n<h2 class=\"wp-block-heading has-text-align-left\">5.1<\/h2>\n\n\n\n<div class=\"wp-block-buttons is-content-justification-space-between is-nowrap is-layout-flex wp-container-core-buttons-is-layout-5924e470 wp-block-buttons-is-layout-flex\">\n<div class=\"wp-block-button is-style-outline is-style-outline--1\"><a class=\"wp-block-button__link has-ast-global-color-6-background-color has-background has-small-font-size has-custom-font-size wp-element-button\" href=\"https:\/\/sites.bc.edu\/latin-commentary\/5-16\/\" style=\"border-style:none;border-width:0px\">Previous<\/a><\/div>\n\n\n\n<div class=\"wp-block-button is-style-outline is-style-outline--2\"><a class=\"wp-block-button__link has-ast-global-color-6-background-color has-background has-small-font-size has-custom-font-size wp-element-button\" href=\"https:\/\/sites.bc.edu\/latin-commentary\/5-2\/\" style=\"border-style:none;border-width:0px\">Next<\/a><\/div>\n<\/div>\n\n\n\n<div style=\"height:34px\" aria-hidden=\"true\" class=\"wp-block-spacer\"><\/div>\n\n\n<style>.kb-row-layout-id2298_6ddc7f-24 > .kt-row-column-wrap{align-content:start;}:where(.kb-row-layout-id2298_6ddc7f-24 > .kt-row-column-wrap) > .wp-block-kadence-column{justify-content:start;}.kb-row-layout-id2298_6ddc7f-24 > .kt-row-column-wrap{column-gap:var(--global-kb-gap-md, 2rem);row-gap:var(--global-kb-gap-md, 2rem);padding-top:var(--global-kb-spacing-sm, 1.5rem);padding-bottom:var(--global-kb-spacing-sm, 1.5rem);grid-template-columns:minmax(0, calc(50% - ((var(--global-kb-gap-md, 2rem) * 1 )\/2)))minmax(0, calc(50% - ((var(--global-kb-gap-md, 2rem) * 1 )\/2)));}.kb-row-layout-id2298_6ddc7f-24 > .kt-row-layout-overlay{opacity:0.30;}@media all and (max-width: 1024px){.kb-row-layout-id2298_6ddc7f-24 > .kt-row-column-wrap{grid-template-columns:repeat(2, minmax(0, 1fr));}}@media all and (max-width: 767px){.kb-row-layout-id2298_6ddc7f-24 > .kt-row-column-wrap{grid-template-columns:minmax(0, 1fr);}}<\/style><div class=\"kb-row-layout-wrap kb-row-layout-id2298_6ddc7f-24 alignnone wp-block-kadence-rowlayout\"><div class=\"kt-row-column-wrap kt-has-2-columns kt-row-layout-equal kt-tab-layout-inherit kt-mobile-layout-row kt-row-valign-top\">\n<style>.kadence-column2298_c64fa8-48 > .kt-inside-inner-col,.kadence-column2298_c64fa8-48 > .kt-inside-inner-col:before{border-top-left-radius:0px;border-top-right-radius:0px;border-bottom-right-radius:0px;border-bottom-left-radius:0px;}.kadence-column2298_c64fa8-48 > .kt-inside-inner-col{column-gap:var(--global-kb-gap-sm, 1rem);}.kadence-column2298_c64fa8-48 > .kt-inside-inner-col{flex-direction:column;}.kadence-column2298_c64fa8-48 > .kt-inside-inner-col > .aligncenter{width:100%;}.kadence-column2298_c64fa8-48 > .kt-inside-inner-col:before{opacity:0.3;}.kadence-column2298_c64fa8-48{position:relative;}@media all and (max-width: 1024px){.kadence-column2298_c64fa8-48 > .kt-inside-inner-col{flex-direction:column;justify-content:center;}}@media all and (max-width: 767px){.kadence-column2298_c64fa8-48 > .kt-inside-inner-col{flex-direction:column;justify-content:center;}}<\/style>\n<div class=\"wp-block-kadence-column kadence-column2298_c64fa8-48\"><div class=\"kt-inside-inner-col\">\n<p>[1] Ps\u0233ch\u0113 tener\u012bs et herb\u014ds\u012bs loc\u012bs in ips\u014d tor\u014d r\u014dscid\u012b gr\u0101minis su\u0101ve recub\u0101ns, tant\u0101 mentis perturb\u0101ti\u014dne s\u0113d\u0101t\u0101, dulce conqui\u0113vit. Iamque sufficient\u012b recre\u0101ta somn\u014d placid\u014d resurgit anim\u014d. [2] Videt l\u016bcum pr\u014dc\u0113r\u012bs et v\u0101st\u012bs arboribus c\u014dnsitum, videt fontem vitre\u014d latice perl\u016bcidum; medi\u014d l\u016bc\u012b meditulli\u014d prope fontis adl\u0101psum domus r\u0113gia est aedific\u0101ta n\u014dn h\u016bm\u0101n\u012bs manibus sed d\u012bv\u012bn\u012bs artibus. [3] Iam sc\u012br\u0113s ab introit\u016b pr\u012bm\u014d de\u012b cuiuspiam l\u016bculentum et amoenum vid\u0113re t\u0113 d\u012bvers\u014drium. Nam summa laque\u0101ria citr\u014d et ebore c\u016bri\u014dse cav\u0101ta subeunt aureae columnae, pariet\u0113s omn\u0113s argente\u014d cael\u0101mine conteguntur besti\u012bs et id genus pecudibus occurrentibus ob \u014ds introeuntium. [4] M\u012brus pr\u014drsum hom\u014d imm\u014d semideus vel cert\u0113 deus, qu\u012b magnae artis supt\u012blit\u0101te tantum effer\u0101vit<strong> <\/strong>argentum. [5] Enimv\u0113r\u014d<strong> <\/strong>pav\u012bmenta<strong> <\/strong>ipsa lapide preti\u014ds\u014d caesim d\u0113min\u016bt\u014d in varia pict\u016brae genera<strong> <\/strong>discr\u012bminantur:<strong> <\/strong>vehementer<strong> <\/strong>iterum ac saepius be\u0101t\u014ds ill\u014ds<strong> <\/strong>qu\u012b super gemm\u0101s et<strong> <\/strong>mon\u012blia calcant!<strong> <\/strong>[6] Iam<strong> <\/strong>c\u0113terae part\u0113s long\u0113 l\u0101t\u0113que dispositae dom\u016bs<strong> <\/strong>sine preti\u014d preti\u014dsae<strong> <\/strong>t\u014dt\u012bque<strong> <\/strong>pariet\u0113s solid\u0101t\u012b m\u0101ss\u012bs<strong> <\/strong>aure\u012bs splend\u014dre propri\u014d<strong> <\/strong>coruscant, ut<strong> <\/strong>diem suum sib\u012b domus faciat licet s\u014dle n\u014dlente:<strong> <\/strong>s\u012bc<strong> <\/strong>cubicula s\u012bc<strong> <\/strong>portic\u016bs s\u012bc ipsae<strong> <\/strong>valvae fulgurant. [7] Nec<strong> <\/strong>s\u0113tius op\u0113s c\u0113terae maiest\u0101t\u012b dom\u016bs<strong> <\/strong>respondent, ut equidem illud<strong> <\/strong>r\u0113cte vide\u0101tur ad<strong> <\/strong>convers\u0101ti\u014dnem h\u016bm\u0101nam<strong> <\/strong>magn\u014d Iov\u012b<strong> <\/strong>fabric\u0101tum caeleste pal\u0101tium.<\/p>\n<\/div><\/div>\n\n\n<style>.kadence-column2298_d3733d-ee > .kt-inside-inner-col,.kadence-column2298_d3733d-ee > .kt-inside-inner-col:before{border-top-left-radius:0px;border-top-right-radius:0px;border-bottom-right-radius:0px;border-bottom-left-radius:0px;}.kadence-column2298_d3733d-ee > .kt-inside-inner-col{column-gap:var(--global-kb-gap-sm, 1rem);}.kadence-column2298_d3733d-ee > .kt-inside-inner-col{flex-direction:column;}.kadence-column2298_d3733d-ee > .kt-inside-inner-col > .aligncenter{width:100%;}.kadence-column2298_d3733d-ee > .kt-inside-inner-col:before{opacity:0.3;}.kadence-column2298_d3733d-ee{position:relative;}@media all and (max-width: 1024px){.kadence-column2298_d3733d-ee > .kt-inside-inner-col{flex-direction:column;justify-content:center;}}@media all and (max-width: 767px){.kadence-column2298_d3733d-ee > .kt-inside-inner-col{flex-direction:column;justify-content:center;}}<\/style>\n<div class=\"wp-block-kadence-column kadence-column2298_d3733d-ee\"><div class=\"kt-inside-inner-col\"><div class=\"wp-block-ub-tabbed-content wp-block-ub-tabbed-content-holder wp-block-ub-tabbed-content-horizontal-holder-mobile wp-block-ub-tabbed-content-horizontal-holder-tablet\" id=\"ub-tabbed-content-edcb5d5d-d62d-40b7-9ee8-fe926b8fbecd\" style=\"\">\n\t\t\t<div class=\"wp-block-ub-tabbed-content-tab-holder horizontal-tab-width-mobile horizontal-tab-width-tablet\">\n\t\t\t\t<div role=\"tablist\" class=\"wp-block-ub-tabbed-content-tabs-title wp-block-ub-tabbed-content-tabs-title-mobile-horizontal-tab wp-block-ub-tabbed-content-tabs-title-tablet-horizontal-tab\" style=\"justify-content: flex-start; \"><div role=\"tab\" id=\"ub-tabbed-content-edcb5d5d-d62d-40b7-9ee8-fe926b8fbecd-tab-0\" aria-controls=\"ub-tabbed-content-edcb5d5d-d62d-40b7-9ee8-fe926b8fbecd-panel-0\" aria-selected=\"false\" class=\"wp-block-ub-tabbed-content-tab-title-wrap\" style=\"--ub-tabbed-active-title-color: inherit; --ub-tabbed-active-title-background-color: #eeeeee; text-align: left; \" tabindex=\"-1\">\n\t\t\t\t<div class=\"wp-block-ub-tabbed-content-tab-title\">Notes<\/div>\n\t\t\t<\/div><div role=\"tab\" id=\"ub-tabbed-content-edcb5d5d-d62d-40b7-9ee8-fe926b8fbecd-tab-1\" aria-controls=\"ub-tabbed-content-edcb5d5d-d62d-40b7-9ee8-fe926b8fbecd-panel-1\" aria-selected=\"true\" class=\"wp-block-ub-tabbed-content-tab-title-wrap active\" style=\"--ub-tabbed-title-background-color: #eeeeee; --ub-tabbed-active-title-color: inherit; --ub-tabbed-active-title-background-color: #eeeeee; text-align: left; \" tabindex=\"-1\">\n\t\t\t\t<div class=\"wp-block-ub-tabbed-content-tab-title\">Vocabulary<\/div>\n\t\t\t<\/div><div role=\"tab\" id=\"ub-tabbed-content-edcb5d5d-d62d-40b7-9ee8-fe926b8fbecd-tab-2\" aria-controls=\"ub-tabbed-content-edcb5d5d-d62d-40b7-9ee8-fe926b8fbecd-panel-2\" aria-selected=\"false\" class=\"wp-block-ub-tabbed-content-tab-title-wrap\" style=\"--ub-tabbed-active-title-color: inherit; --ub-tabbed-active-title-background-color: #eeeeee; text-align: left; \" tabindex=\"-1\">\n\t\t\t\t<div class=\"wp-block-ub-tabbed-content-tab-title\">Media<\/div>\n\t\t\t<\/div><\/div>\n\t\t\t<\/div>\n\t\t\t<div class=\"wp-block-ub-tabbed-content-tabs-content\" style=\"\"><div role=\"tabpanel\" class=\"wp-block-ub-tabbed-content-tab-content-wrap ub-hide\" id=\"ub-tabbed-content-edcb5d5d-d62d-40b7-9ee8-fe926b8fbecd-panel-0\" aria-labelledby=\"ub-tabbed-content-edcb5d5d-d62d-40b7-9ee8-fe926b8fbecd-tab-0\" tabindex=\"0\">\n\n<blockquote class=\"wp-block-quote is-layout-flow wp-block-quote-is-layout-flow\">\n<p><em>Summary: Psyche wakes to discover a shining palace.<\/em><\/p>\n<\/blockquote>\n\n\n\n<p><strong>su\u0101ve<\/strong> and <strong>dulce<\/strong> here act adverbially.<\/p>\n\n\n\n<p><strong>medi\u014d\u2026meditulli\u014d:<\/strong> Note the redundancy.<\/p>\n\n\n\n<p><strong>prope fontis adl\u0101psum:<\/strong> \u201cNear the downward flow of the spring.\u201d<\/p>\n\n\n\n<p><strong>sc\u012br\u0113s:<\/strong> Note the use of the second person. This could be a result of narration: the speech is told from the old woman to Charite, but it is also from Lucius or Apuleius to the reader. Kenney, however, interprets this as \u201ca characteristic Ovidian idiom\u2026 not found in other Augustan poets\u201d and considers Apuleius\u2019 other references to Ovid (138).<\/p>\n\n\n\n<p><strong>columnae: <\/strong>subject of <em>subeunt<\/em>.<\/p>\n\n\n\n<p><strong>id genus:<\/strong> adverbial acc.; \u201csimilar\u201d (Kenney, <em>ad loc<\/em>).<\/p>\n\n\n\n<p><strong>occurrentibus ob \u014ds introeuntium: <\/strong>\u201cMeeting your eye as you entered\u201d (literally \u201crunning to meet the face of those entering\u201d); see example of such a mosaic under Media.<\/p>\n\n\n\n<p><strong>be\u0101t\u014ds ill\u014ds: <\/strong>acc. of exclamation: \u201cHow blessed are those&#8230;!\u201d<\/p>\n\n\n\n<p><strong>super:<\/strong> used here adverbially.<\/p>\n\n\n\n<p><strong>sine preti\u014d preti\u014dsae:<\/strong> an oxymoron meaning \u201cpricelessly priceful\u201d (Kenney, <em>ad loc.<\/em>); describes dom\u016bs.<\/p>\n\n\n\n<p><strong>licet:<\/strong> \u201calthough.\u201d<\/p>\n\n\n\n<p><a href=\"tel:617-552-4219.html\"><\/a><\/p>\n\n\n\n<p><\/p>\n\n<\/div><div role=\"tabpanel\" class=\"wp-block-ub-tabbed-content-tab-content-wrap active\" id=\"ub-tabbed-content-edcb5d5d-d62d-40b7-9ee8-fe926b8fbecd-panel-1\" aria-labelledby=\"ub-tabbed-content-edcb5d5d-d62d-40b7-9ee8-fe926b8fbecd-tab-1\" tabindex=\"0\">\n\n<p><strong>herb\u014dsus, -a -um:<\/strong> grassy<\/p>\n\n\n\n<p><strong>roscidus, -a -um:<\/strong> dewy<\/p>\n\n\n\n<p><strong>gr\u0101men, -inis n.:<\/strong> grass<\/p>\n\n\n\n<p><strong>recubo, -\u0101re:<\/strong> to lie down, recline<\/p>\n\n\n\n<p><strong>perturb\u0101tio, -\u014dnis f.:<\/strong> confusion, disturbance<\/p>\n\n\n\n<p><strong>l\u016bcus, -i m.:<\/strong> grove<\/p>\n\n\n\n<p><strong>pr\u014dc\u0113rus, -a, -um:<\/strong> tall, long, lofty<\/p>\n\n\n\n<p><strong>v\u012btreus, -a, -um:<\/strong> shining, glassy<\/p>\n\n\n\n<p><strong>latex, -icis m.:<\/strong> water<\/p>\n\n\n\n<p><strong>perl\u016bcidus, -a, -um:<\/strong> transparent<\/p>\n\n\n\n<p><strong>adl\u0101psus, -\u016bs m.:<\/strong> a flowing, gliding<\/p>\n\n\n\n<p><strong>l\u016bculentus, -a, -um:<\/strong> bright, splendid, distinguished\u00a0<\/p>\n\n\n\n<p><strong>amoenus, -a, -um:<\/strong> lovely, charming<\/p>\n\n\n\n<p><strong>d\u012bvers\u014drium, -\u012b n.:<\/strong> inn, lodging-house<\/p>\n\n\n\n<p><strong>laquear, -\u0101ris n.:<\/strong> paneled ceiling<\/p>\n\n\n\n<p><strong>c\u012btrum, -i n.:<\/strong> citrus wood<\/p>\n\n\n\n<p><strong>cav\u014d, -\u0101re: <\/strong>to make hollow, carve out<\/p>\n\n\n\n<p><strong>cael\u0101men, -inis n.:<\/strong> a bas-relief; a wall-carving where the image is carved slightly out of the wall (see example under Media).<\/p>\n\n\n\n<p><strong>subt\u012blitas, -\u0101tis f.:<\/strong> subtlety, acuteness<\/p>\n\n\n\n<p><strong>effero, -\u0101re:<\/strong> here, to bring to life<\/p>\n\n\n\n<p><strong>pav\u012bmentum, -i n.:<\/strong> a floor composed of small stones<\/p>\n\n\n\n<p><strong>caesim:<\/strong> (adv.) by cutting, with cuts<\/p>\n\n\n\n<p><strong>d\u0113minu\u014d, -ere, -ui, -\u016btus:<\/strong> to make smaller<\/p>\n\n\n\n<p><strong>discr\u012bmin\u014d -\u0101re<\/strong>: to divide, distinguish<\/p>\n\n\n\n<p><strong>mon\u012ble, -is n.:<\/strong> necklace, (pl.) jewels<\/p>\n\n\n\n<p><strong>calc\u014d, -\u0101re:<\/strong> to walk (on), to tread (acc.) under foot<\/p>\n\n\n\n<p><strong>solid\u014d, -\u0101re:<\/strong> to make firm, fasten together<\/p>\n\n\n\n<p><strong>corusc\u014d, -\u0101re:<\/strong> to gleam<\/p>\n\n\n\n<p><strong>valva, -ae f.:<\/strong> double door<\/p>\n\n\n\n<p><strong>s\u0113tius<\/strong> (adv.): to a lesser degree, less<\/p>\n\n<\/div><div role=\"tabpanel\" class=\"wp-block-ub-tabbed-content-tab-content-wrap ub-hide\" id=\"ub-tabbed-content-edcb5d5d-d62d-40b7-9ee8-fe926b8fbecd-panel-2\" aria-labelledby=\"ub-tabbed-content-edcb5d5d-d62d-40b7-9ee8-fe926b8fbecd-tab-2\" tabindex=\"0\">\n\n<p><img decoding=\"async\" src=\"https:\/\/lh7-us.googleusercontent.com\/bZF4n00RsxEn6TElh38plW4ZXM-MpEHkel6a-OEfQxTYXQRrir3nBPIU5S75mu_CO1A-I8HYrM3KHso5DbS53kYn__PfPiYLizlAmJe4lEDmhnCVPfrJdpZsi8EVNAooIJ-Rpc4HfgyYyk38twFA8go\" width=\"438.41538461538465\" height=\"243\"><\/p>\n\n\n\n<p>Marble <strong>bas-relief<\/strong> of Cupid sacrificing at an altar to the fertility god Priapus from the 2nd-3rd century CE in Rome (London, <a href=\"https:\/\/www.britishmuseum.org\/collection\/object\/G_1805-0703-215\">British Museum<\/a>)<\/p>\n\n\n\n<p><strong><em>occurrentibus ob \u014ds introeuntium<\/em><\/strong>: Roman floor mosaic depicting gladiators and hunters from the 3rd-4th centuries CE (Rome, <a href=\"https:\/\/www.collezionegalleriaborghese.it\/en\/opere\/floor-mosaic-with-gladiators-and-hunters\">Galleria Borghese<\/a>)<\/p>\n\n\n\n<figure class=\"wp-block-image size-large\"><img loading=\"lazy\" decoding=\"async\" width=\"1024\" height=\"431\" src=\"https:\/\/sites.bc.edu\/latin-commentary\/wp-content\/uploads\/sites\/201\/2023\/12\/Screen-Shot-2023-12-19-at-4.11.08-PM-1024x431.png\" alt=\"\" class=\"wp-image-2693\" srcset=\"https:\/\/sites.bc.edu\/latin-commentary\/wp-content\/uploads\/sites\/201\/2023\/12\/Screen-Shot-2023-12-19-at-4.11.08-PM-1024x431.png 1024w, https:\/\/sites.bc.edu\/latin-commentary\/wp-content\/uploads\/sites\/201\/2023\/12\/Screen-Shot-2023-12-19-at-4.11.08-PM-300x126.png 300w, https:\/\/sites.bc.edu\/latin-commentary\/wp-content\/uploads\/sites\/201\/2023\/12\/Screen-Shot-2023-12-19-at-4.11.08-PM-768x323.png 768w, https:\/\/sites.bc.edu\/latin-commentary\/wp-content\/uploads\/sites\/201\/2023\/12\/Screen-Shot-2023-12-19-at-4.11.08-PM-1536x647.png 1536w, https:\/\/sites.bc.edu\/latin-commentary\/wp-content\/uploads\/sites\/201\/2023\/12\/Screen-Shot-2023-12-19-at-4.11.08-PM-2048x862.png 2048w\" sizes=\"auto, (max-width: 1024px) 100vw, 1024px\" \/><\/figure>\n\n<\/div><\/div>\n\t\t<\/div><\/div><\/div>\n\n<\/div><\/div>\n\n\n<div style=\"height:34px\" aria-hidden=\"true\" class=\"wp-block-spacer\"><\/div>\n\n\n\n<div class=\"wp-block-buttons has-custom-font-size has-small-font-size is-content-justification-space-between is-nowrap is-layout-flex wp-container-core-buttons-is-layout-5924e470 wp-block-buttons-is-layout-flex\">\n<div class=\"wp-block-button is-style-outline is-style-outline--3\"><a class=\"wp-block-button__link has-ast-global-color-6-background-color has-background wp-element-button\" style=\"border-style:none;border-width:0px\">Previous<\/a><\/div>\n\n\n\n<div class=\"wp-block-button is-style-outline is-style-outline--4\"><a class=\"wp-block-button__link has-ast-global-color-6-background-color has-background wp-element-button\" style=\"border-style:none;border-width:0px\">Next<\/a><\/div>\n<\/div>\n\n\n\n<div style=\"height:34px\" aria-hidden=\"true\" class=\"wp-block-spacer\"><\/div>\n","protected":false},"excerpt":{"rendered":"<p>5.1 [1] Ps\u0233ch\u0113 tener\u012bs et herb\u014ds\u012bs loc\u012bs in ips\u014d tor\u014d r\u014dscid\u012b gr\u0101minis su\u0101ve recub\u0101ns, tant\u0101 mentis perturb\u0101ti\u014dne s\u0113d\u0101t\u0101, dulce conqui\u0113vit. Iamque sufficient\u012b recre\u0101ta somn\u014d placid\u014d resurgit anim\u014d. [2] Videt l\u016bcum pr\u014dc\u0113r\u012bs et v\u0101st\u012bs arboribus c\u014dnsitum, videt fontem vitre\u014d latice perl\u016bcidum; medi\u014d l\u016bc\u012b meditulli\u014d prope fontis adl\u0101psum domus r\u0113gia est aedific\u0101ta n\u014dn h\u016bm\u0101n\u012bs manibus sed d\u012bv\u012bn\u012bs [&hellip;]<\/p>\n","protected":false},"author":1,"featured_media":0,"parent":0,"menu_order":0,"comment_status":"closed","ping_status":"closed","template":"","meta":{"_coblocks_attr":"","_coblocks_dimensions":"{\"coblocks-features-45131019753\":{\"padding\":{\"paddingBottom\":null,\"paddingBottomMobile\":\"20vw\",\"paddingBottomTablet\":\"20vw\",\"paddingLeft\":null,\"paddingLeftMobile\":\"20vw\",\"paddingLeftTablet\":\"20vw\",\"paddingRight\":null,\"paddingRightMobile\":\"20vw\",\"paddingRightTablet\":\"20vw\",\"paddingTop\":null,\"paddingTopMobile\":\"20vw\",\"paddingTopTablet\":\"20vw\"}}}","_coblocks_responsive_height":"","_coblocks_accordion_ie_support":"","site-sidebar-layout":"default","site-content-layout":"","ast-site-content-layout":"default","site-content-style":"default","site-sidebar-style":"default","ast-global-header-display":"","ast-banner-title-visibility":"","ast-main-header-display":"","ast-hfb-above-header-display":"","ast-hfb-below-header-display":"","ast-hfb-mobile-header-display":"","site-post-title":"disabled","ast-breadcrumbs-content":"","ast-featured-img":"","footer-sml-layout":"","ast-disable-related-posts":"","theme-transparent-header-meta":"","adv-header-id-meta":"","stick-header-meta":"","header-above-stick-meta":"","header-main-stick-meta":"","header-below-stick-meta":"","astra-migrate-meta-layouts":"set","ast-page-background-enabled":"default","ast-page-background-meta":{"desktop":{"background-color":"var(--ast-global-color-4)","background-image":"","background-repeat":"repeat","background-position":"center center","background-size":"auto","background-attachment":"scroll","background-type":"","background-media":"","overlay-type":"","overlay-color":"","overlay-opacity":"","overlay-gradient":""},"tablet":{"background-color":"","background-image":"","background-repeat":"repeat","background-position":"center center","background-size":"auto","background-attachment":"scroll","background-type":"","background-media":"","overlay-type":"","overlay-color":"","overlay-opacity":"","overlay-gradient":""},"mobile":{"background-color":"","background-image":"","background-repeat":"repeat","background-position":"center center","background-size":"auto","background-attachment":"scroll","background-type":"","background-media":"","overlay-type":"","overlay-color":"","overlay-opacity":"","overlay-gradient":""}},"ast-content-background-meta":{"desktop":{"background-color":"var(--ast-global-color-5)","background-image":"","background-repeat":"repeat","background-position":"center center","background-size":"auto","background-attachment":"scroll","background-type":"","background-media":"","overlay-type":"","overlay-color":"","overlay-opacity":"","overlay-gradient":""},"tablet":{"background-color":"var(--ast-global-color-5)","background-image":"","background-repeat":"repeat","background-position":"center center","background-size":"auto","background-attachment":"scroll","background-type":"","background-media":"","overlay-type":"","overlay-color":"","overlay-opacity":"","overlay-gradient":""},"mobile":{"background-color":"var(--ast-global-color-5)","background-image":"","background-repeat":"repeat","background-position":"center center","background-size":"auto","background-attachment":"scroll","background-type":"","background-media":"","overlay-type":"","overlay-color":"","overlay-opacity":"","overlay-gradient":""}},"footnotes":""},"class_list":["post-2298","page","type-page","status-publish","hentry"],"featured_image_src":null,"_links":{"self":[{"href":"https:\/\/sites.bc.edu\/latin-commentary\/wp-json\/wp\/v2\/pages\/2298","targetHints":{"allow":["GET"]}}],"collection":[{"href":"https:\/\/sites.bc.edu\/latin-commentary\/wp-json\/wp\/v2\/pages"}],"about":[{"href":"https:\/\/sites.bc.edu\/latin-commentary\/wp-json\/wp\/v2\/types\/page"}],"author":[{"embeddable":true,"href":"https:\/\/sites.bc.edu\/latin-commentary\/wp-json\/wp\/v2\/users\/1"}],"replies":[{"embeddable":true,"href":"https:\/\/sites.bc.edu\/latin-commentary\/wp-json\/wp\/v2\/comments?post=2298"}],"version-history":[{"count":74,"href":"https:\/\/sites.bc.edu\/latin-commentary\/wp-json\/wp\/v2\/pages\/2298\/revisions"}],"predecessor-version":[{"id":2763,"href":"https:\/\/sites.bc.edu\/latin-commentary\/wp-json\/wp\/v2\/pages\/2298\/revisions\/2763"}],"wp:attachment":[{"href":"https:\/\/sites.bc.edu\/latin-commentary\/wp-json\/wp\/v2\/media?parent=2298"}],"curies":[{"name":"wp","href":"https:\/\/api.w.org\/{rel}","templated":true}]}}