{"id":5640,"date":"2020-10-02T12:42:33","date_gmt":"2020-10-02T12:42:33","guid":{"rendered":"https:\/\/sites.bc.edu\/jesuitportal-recovery\/?page_id=5640"},"modified":"2020-09-24T13:01:25","modified_gmt":"2020-09-24T13:01:25","slug":"october-2020-online-conference-empires-connectes-les-missionnaires-comme-agents-imperiaux","status":"publish","type":"page","link":"https:\/\/sites.bc.edu\/jesuitportal-recovery\/?page_id=5640","title":{"rendered":"October 2020: Online Conference &#8212; Empires connect\u00e9s. Les missionnaires comme agents imp\u00e9riaux"},"content":{"rendered":"<p>On October 15 and 16, the\u00a0Universit\u00e9 de Bretagne-Sud hosts a virtual conference examining missionaries of 16th to the 19th centuries.\u00a0H\u00e9l\u00e8ne Vu Thanh, of the\u00a0Universit\u00e9 de Bretagne-Sud, is the conference organizer.<\/p>\n<p>&nbsp;<\/p>\n<p>&#8220;Empires connect\u00e9s. Les missionnaires comme agents imp\u00e9riaux (XVIe-XIXe si\u00e8cles)&#8221; [Connecting Empires. Missionaries as Agents of Empire, 16th-19th c.] features fourteen presentations over the two-day event. A full program appears below. To request more information, please contact H\u00e9l\u00e8ne Vu Thanh (helenevuthanh@gmail.com).<\/p>\n<p>&nbsp;<\/p>\n<p>&nbsp;<\/p>\n<p><strong>Jeudi 15 octobre<\/strong><\/p>\n<p>9h15-9h25 : Mot d\u2019accueil de Mathias Tranchant (universit\u00e9 de Bretagne-Sud), vice-pr\u00e9sident en charge de la recherche, de la formation doctorale et du num\u00e9rique<\/p>\n<p>9h25-9h35 : Mot d\u2019accueil de Sylviane Llinares (universit\u00e9 de Bretagne-Sud), directrice adjointe du laboratoire TEMOS<\/p>\n<p>9h35-10h00 : H\u00e9l\u00e8ne Vu Thanh (universit\u00e9 de Bretagne-Sud\/IUF) : Introduction<\/p>\n<p><span style=\"text-decoration: underline;\">Session 1 : \u00c9tablir des connexions imp\u00e9riales, entre insertion globale et poids du local<\/span><\/p>\n<p>10h00-10h40 : Delphine Temp\u00e8re (universit\u00e9 de Lyon) : De la P\u00e9ninsule aux Philippines. Les j\u00e9suites connecteurs de mondes au XVIIe si\u00e8cle<\/p>\n<p>10h40-11h20 : Felicita Tramontana (university of Warwick) : Global interactions, imperial expansion and Catholic missions (1500-1700)<\/p>\n<p>11h20-12h00 : Emmanuel Jourda (EHESS\/CECMC) : Les missionnaires face \u00e0 l\u2019\u00e9cosyst\u00e8me chinois dans l\u2019empire informel britannique : cas de la p\u00e9ninsule malaise au XIXe si\u00e8cle.<\/p>\n<p>12h00-13h30 : Pause d\u00e9jeuner<\/p>\n<p><span style=\"text-decoration: underline;\">Session 2 : Construire un \u00c9tat-imp\u00e9rial ou un empire spirituel ?<\/span><\/p>\n<p>13h30-14h10 : Loann Berens (Normandie universit\u00e9) : Les Dominicains et la \u00ab conqu\u00eate spirituelle \u00bb du P\u00e9rou : \u00e9vang\u00e9lisation, m\u00e9diation politique et expansion imp\u00e9riale (ann\u00e9es 1530-1550)<\/p>\n<p>14h10-14h50 : Birgit Tremml (Linnaeus university) : Dominican ethnography of Taiwan: missionary zeal or empirical missions?<\/p>\n<p>14h50-15h00 : Pause<\/p>\n<p>15h00-15h40 : Margherita Trento (CNRS\/CEIAS) : Imperial connections and dissimulation in South India (17th-18th c.)<\/p>\n<p>15h40-16h20 : Bertrand Van Ruymbeke (universit\u00e9 Paris 8\/IUF) : Les pasteurs anglicans de la Society for the Propagation of the Gospel : le cas de la Caroline du Sud (1701-1750)<\/p>\n<p>&nbsp;<\/p>\n<p><strong>Vendredi 16 octobre<\/strong><\/p>\n<p><span style=\"text-decoration: underline;\">Session 3 : Interroger et d\u00e9fendre le paradigme imp\u00e9rial<\/span><\/p>\n<p>9h-9h40 : Jean-No\u00ebl Sanchez (universit\u00e9 de Strasbourg\/CHER) : Ocaso en el Ponente. Francisco Combes, SJ, ou la d\u00e9fense cr\u00e9pusculaire d\u2019un empire d\u00e9clinant<\/p>\n<p>9h40-10h20 : Adina Ruiu (Universit\u00e9 de Montr\u00e9al\/EHESS) : Le D\u00e9p\u00f4t de la Marine, &#8220;\u00e2me&#8221; de l&#8217;histoire. Saint-Domingue et la Nouvelle-France sous la plume du j\u00e9suite Pierre-Fran\u00e7ois-Xavier de Charlevoix<\/p>\n<p>10h20-10h40 : Pause<\/p>\n<p>10h40-11h20 : Elisabeth Heijmans (universit\u00e9 de Leyde) : \u00ab C\u2019est l\u00e0 que nous tirons les bras pour la culture de nos colonies \u00bb : La perspective d\u2019un missionnaire sur le fort fran\u00e7ais de Ouidah (1776-1778)<\/p>\n<p>11h20-12h00 : Marie de Rugy (IEP Strasbourg) : A quel empire se vouer ? Paul Bigandet, missionnaire fran\u00e7ais en Birmanie au XIXe si\u00e8cle<\/p>\n<p>12h00-13h30 : D\u00e9jeuner<\/p>\n<p><span style=\"text-decoration: underline;\">Session 4 : Faire circuler les mod\u00e8les imp\u00e9riaux<\/span><\/p>\n<p>13h30-14h10 : \u00c1gueda Garc\u00eda-Garrido (Normandie universit\u00e9\/IEHM) : Entre mission et l\u00e9gation. Des augustins espagnols loin des Philippines au XVIIe si\u00e8cle : une histoire \u00e0 rebours ?<\/p>\n<p>14h10-14h40 : Susanne Lachenicht (universit\u00e9 de Bayreuth) : R\u00e9seaux et activit\u00e9s de missionnaires j\u00e9suites \u00e0 travers les histoires naturelles des Cara\u00efbes (XVIIe et XVIIIe si\u00e8cles)<\/p>\n<p>14h40-15h20 : Jean-Fran\u00e7ois Klein (universit\u00e9 du Havre) : Le mythe de l\u2019Eldorado missionnaire du Yunnan au XIXe si\u00e8cle<\/p>\n<p>15h20-16h00 : Discussion g\u00e9n\u00e9rale et conclusions<\/p>\n<p>&nbsp;<\/p>\n<p>&nbsp;<\/p>\n","protected":false},"excerpt":{"rendered":"<p>On October 15 and 16, the\u00a0Universit\u00e9 de Bretagne-Sud hosts a virtual conference examining missionaries of 16th to the 19th centuries.\u00a0H\u00e9l\u00e8ne Vu Thanh, of the\u00a0Universit\u00e9 de Bretagne-Sud, is the conference organizer. &nbsp; &#8220;Empires connect\u00e9s. Les missionnaires comme agents imp\u00e9riaux (XVIe-XIXe si\u00e8cles)&#8221; [Connecting Empires. Missionaries as Agents of Empire, 16th-19th c.] features fourteen presentations over the two-day [&hellip;]<\/p>\n","protected":false},"author":127185,"featured_media":5642,"parent":888,"menu_order":0,"comment_status":"closed","ping_status":"closed","template":"page-standard.php","meta":{"footnotes":""},"class_list":["post-5640","page","type-page","status-publish","has-post-thumbnail","hentry"],"_links":{"self":[{"href":"https:\/\/sites.bc.edu\/jesuitportal-recovery\/index.php?rest_route=\/wp\/v2\/pages\/5640","targetHints":{"allow":["GET"]}}],"collection":[{"href":"https:\/\/sites.bc.edu\/jesuitportal-recovery\/index.php?rest_route=\/wp\/v2\/pages"}],"about":[{"href":"https:\/\/sites.bc.edu\/jesuitportal-recovery\/index.php?rest_route=\/wp\/v2\/types\/page"}],"author":[{"embeddable":true,"href":"https:\/\/sites.bc.edu\/jesuitportal-recovery\/index.php?rest_route=\/wp\/v2\/users\/127185"}],"replies":[{"embeddable":true,"href":"https:\/\/sites.bc.edu\/jesuitportal-recovery\/index.php?rest_route=%2Fwp%2Fv2%2Fcomments&post=5640"}],"version-history":[{"count":2,"href":"https:\/\/sites.bc.edu\/jesuitportal-recovery\/index.php?rest_route=\/wp\/v2\/pages\/5640\/revisions"}],"predecessor-version":[{"id":5643,"href":"https:\/\/sites.bc.edu\/jesuitportal-recovery\/index.php?rest_route=\/wp\/v2\/pages\/5640\/revisions\/5643"}],"up":[{"embeddable":true,"href":"https:\/\/sites.bc.edu\/jesuitportal-recovery\/index.php?rest_route=\/wp\/v2\/pages\/888"}],"wp:featuredmedia":[{"embeddable":true,"href":"https:\/\/sites.bc.edu\/jesuitportal-recovery\/index.php?rest_route=\/wp\/v2\/media\/5642"}],"wp:attachment":[{"href":"https:\/\/sites.bc.edu\/jesuitportal-recovery\/index.php?rest_route=%2Fwp%2Fv2%2Fmedia&parent=5640"}],"curies":[{"name":"wp","href":"https:\/\/api.w.org\/{rel}","templated":true}]}}