{"id":5619,"date":"2020-09-14T13:38:05","date_gmt":"2020-09-14T13:38:05","guid":{"rendered":"https:\/\/sites.bc.edu\/jesuitportal-recovery\/?page_id=5619"},"modified":"2020-09-15T17:13:20","modified_gmt":"2020-09-15T17:13:20","slug":"september-2020-new-season-of-jesuit-studies-cafes","status":"publish","type":"page","link":"https:\/\/sites.bc.edu\/jesuitportal-recovery\/?page_id=5619","title":{"rendered":"September 2020: New Season of Jesuit Studies Caf\u00e9s"},"content":{"rendered":"<p>The Institute for Advanced Jesuit Studies opens its fifth season of virtual <strong><a href=\"https:\/\/www.bc.edu\/content\/bc-web\/centers\/iajs\/programs\/jesuit-studies-cafe.html\" target=\"_blank\" rel=\"noopener\">Jesuit Studies Caf\u00e9s<\/a><\/strong> on September 17 with a presentation on a new translation of\u00a0Jouvancy&#8217;s\u00a0<em>The Way to Learn and the Way to Teach<\/em>. The text was recently published by <a href=\"https:\/\/jesuitsources.bc.edu\/the-way-to-learn-and-the-way-to-teach\/\" target=\"_blank\" rel=\"noopener\">Jesuit Sources<\/a>. Later presentations examine the scientific activities of the Jesuits in the Portuguese Assistancy,\u00a0the production and the uses of the history of the Society, and\u00a0the history of media from a global perspective.<\/p>\n<p>&nbsp;<\/p>\n<p>All of these events are free and open to the public. Register for any or all of the events <a href=\"https:\/\/docs.google.com\/forms\/d\/e\/1FAIpQLSeSoUkrOOHZ0-6V541kHafL6WpWdn7t48m_iJQGdxzYDa16sQ\/viewform?usp=sf_link\" target=\"_blank\" rel=\"noopener\">using this form<\/a>. More information is available at the Institute&#8217;s website:\u00a0<a href=\"https:\/\/www.bc.edu\/content\/bc-web\/centers\/iajs\/programs\/jesuit-studies-cafe.html\" target=\"_blank\" rel=\"noopener\">https:\/\/www.bc.edu\/content\/bc-web\/centers\/iajs\/programs\/jesuit-studies-cafe.html<\/a><\/p>\n<p>&nbsp;<\/p>\n<p>&nbsp;<\/p>\n<p>September 17<br \/>\n&#8220;Joseph de Jouvancy and <em>The Way to Learn and the Way to Teach<\/em>&#8221;<br \/>\nCristiano Casalini, Institute for Advanced Jesuit Studies<br \/>\nClaude Pavur, S.J., Institute for Advanced Jesuit Studies<\/p>\n<p>Zoom | 9:20 a.m. (Eastern, GMT-4)<\/p>\n<p>Joseph de Jouvancy (1643\u20131719) was a French Jesuit poet, pedagogue, philologist, and historian. He has been called &#8220;one of the greatest authorities on education of his age.&#8221; A classical humanist and scholar known for his plays, biographies, histories, orations, and translations of various works into Latin, Jouvancy left behind no work more influential than his <em>De discendi et docendi ratione<\/em> (<a href=\"https:\/\/jesuitsources.bc.edu\/the-way-to-learn-and-the-way-to-teach\/\" target=\"_blank\" rel=\"noopener\"><em>The Way to Learn and the Way to Teach<\/em><\/a>, 1703). The Jesuit order found his work so important for maintaining quality in the Society\u2019s schools that it made it a companion piece for the great charter of Jesuit education known as the <em>Ratio studiorum<\/em> (1599). In this book, Jouvancy first describes how young instructors might effectively pursue their own studies during their years of teaching; secondly, he details the essentials of good teaching. The considerable historical interest of this book is matched by its pedagogical insights and perennial relevance.<\/p>\n<p>&nbsp;<\/p>\n<p>October 22<br \/>\n&#8220;Jesuit Science in the Portuguese Assistancy (1540\u20131759)&#8221;<br \/>\nHenrique Leit\u00e3o, University of Lisbon<\/p>\n<p>Zoom | 9:20 a.m. (Eastern, GMT-4)<\/p>\n<p>Henrique Leit\u00e3o will present an overview of his works regarding the scientific activities of the Jesuits in the Portuguese Assistancy, between 1540 and 1759. The topics of this talk will include the teaching of mathematics and natural philosophy in Portugal, the activities of the Italian, German, and Portuguese astronomers at the Astronomical Bureau in Beijing, and the sustained efforts to describe the new species of animals and plants discovered in South America.<\/p>\n<p>&nbsp;<\/p>\n<p>November 19<br \/>\n&#8220;Filling the Memory Gap. French Jesuit Historians between the Pre-Suppression and the Restored Society of Jesus&#8221;<br \/>\nAdina Ruiu, University of Montreal<\/p>\n<p>Zoom | 9:20 a.m. (Eastern, GMT-4)<\/p>\n<p>This caf\u00e9 aims to promote reflection on the production and the uses of the history of the Society, such as they may be reconstituted from the publications and correspondences of French Jesuit historians, in particular Jean-Marie Prat (1809-1891), F\u00e9lix Martin (1804-1886), Auguste Carayon (1813-1874), \u00c9lesban de Guilhermy (1818-1884), and L\u00e9onard Joseph Marie Cros (1813-1913). The intense collaborative effort of identifying and collecting the sources, of establishing and developing editorial projects, took the form, for the historians involved, of an &#8220;apostolate&#8221;. For on the one hand it was perceived as a necessary task in the aim of reestablishing vital links with the &#8220;old&#8221; Society, and on the other hand as an activity that fit well within a &#8220;new&#8221; Society defined, in Jean-Marie Prat&#8217;s words \u2013 familiar to the nineteenth century \u2013 as &#8220;a society that is religious and literary at once.&#8221;<\/p>\n<p>&nbsp;<\/p>\n<p>December 17<br \/>\n&#8220;Exiled and Returned Jesuits between Utopian Societies and the Republic of Peru. A transnational history of media (1767-1855)&#8221;<br \/>\nSarah Barth\u00e9lemy, Universit\u00e9 Saint-Louis &#8211; Bruxelles<\/p>\n<p>Zoom | 9:20 a.m. (Eastern, GMT-4)<\/p>\n<p>This caf\u00e9 is intended as a presentation and discussion of an ongoing research project on the history of media from a global perspective, analyzing the multiple expulsions, restorations and suppressions of the Society of Jesus, in the 18th and 19th centuries, and its cultural reach beyond Europe. Despite a world-wide scope, the anti-Jesuit discourse and the construction of the Jesuit as a repulsive figure responds to national dynamics, usually only studied until their expulsion from South American territories. Which media materials are re-used or created at the moments preceding and following national independences in South America? How were narratives, conveyed by texts and images, used by both the Society of Jesus and Peruvian elites to legitimize a specific societal model and the place of religion and religious orders in it?<\/p>\n","protected":false},"excerpt":{"rendered":"<p>The Institute for Advanced Jesuit Studies opens its fifth season of virtual Jesuit Studies Caf\u00e9s on September 17 with a presentation on a new translation of\u00a0Jouvancy&#8217;s\u00a0The Way to Learn and the Way to Teach. The text was recently published by Jesuit Sources. Later presentations examine the scientific activities of the Jesuits in the Portuguese Assistancy,\u00a0the [&hellip;]<\/p>\n","protected":false},"author":127185,"featured_media":4847,"parent":888,"menu_order":0,"comment_status":"closed","ping_status":"closed","template":"page-standard.php","meta":{"footnotes":""},"class_list":["post-5619","page","type-page","status-publish","has-post-thumbnail","hentry"],"_links":{"self":[{"href":"https:\/\/sites.bc.edu\/jesuitportal-recovery\/index.php?rest_route=\/wp\/v2\/pages\/5619","targetHints":{"allow":["GET"]}}],"collection":[{"href":"https:\/\/sites.bc.edu\/jesuitportal-recovery\/index.php?rest_route=\/wp\/v2\/pages"}],"about":[{"href":"https:\/\/sites.bc.edu\/jesuitportal-recovery\/index.php?rest_route=\/wp\/v2\/types\/page"}],"author":[{"embeddable":true,"href":"https:\/\/sites.bc.edu\/jesuitportal-recovery\/index.php?rest_route=\/wp\/v2\/users\/127185"}],"replies":[{"embeddable":true,"href":"https:\/\/sites.bc.edu\/jesuitportal-recovery\/index.php?rest_route=%2Fwp%2Fv2%2Fcomments&post=5619"}],"version-history":[{"count":5,"href":"https:\/\/sites.bc.edu\/jesuitportal-recovery\/index.php?rest_route=\/wp\/v2\/pages\/5619\/revisions"}],"predecessor-version":[{"id":5630,"href":"https:\/\/sites.bc.edu\/jesuitportal-recovery\/index.php?rest_route=\/wp\/v2\/pages\/5619\/revisions\/5630"}],"up":[{"embeddable":true,"href":"https:\/\/sites.bc.edu\/jesuitportal-recovery\/index.php?rest_route=\/wp\/v2\/pages\/888"}],"wp:featuredmedia":[{"embeddable":true,"href":"https:\/\/sites.bc.edu\/jesuitportal-recovery\/index.php?rest_route=\/wp\/v2\/media\/4847"}],"wp:attachment":[{"href":"https:\/\/sites.bc.edu\/jesuitportal-recovery\/index.php?rest_route=%2Fwp%2Fv2%2Fmedia&parent=5619"}],"curies":[{"name":"wp","href":"https:\/\/api.w.org\/{rel}","templated":true}]}}