{"id":5533,"date":"2020-05-04T12:00:19","date_gmt":"2020-05-04T12:00:19","guid":{"rendered":"https:\/\/sites.bc.edu\/jesuitportal-recovery\/?page_id=5533"},"modified":"2020-05-04T12:00:19","modified_gmt":"2020-05-04T12:00:19","slug":"may-2020-new-open-access-title-cultural-worlds-of-the-jesuits-in-colonial-latin-america","status":"publish","type":"page","link":"https:\/\/sites.bc.edu\/jesuitportal-recovery\/?page_id=5533","title":{"rendered":"May 2020: New Open Access Title: Cultural Worlds of the Jesuits in Colonial Latin America"},"content":{"rendered":"<p>Linda A. Newson has edited a new collection of essays entitled <a href=\"https:\/\/jesuitonlinebibliography.bc.edu\/catalog\/18125\" target=\"_blank\" rel=\"noopener\"><strong><em>Cultural Worlds of the Jesuits in Colonial Latin America<\/em><\/strong><\/a>, published by the University of London Press and the Institute of Latin American Studies. Thirteen scholars contribute to essays examining &#8220;the diversity of Jesuit contributions to Latin American culture,&#8221; from the diverse activities by the Jesuits themselves to the diverse scholarly approaches to those activities and their impact.<\/p>\n<p>&nbsp;<\/p>\n<p>Newsom is the director of the Institute of Latin American Studies, School of Advanced Study, University of London and emeritus professor of geography at King\u2019s College London. The volume is available in open access through JSTOR (<a href=\"https:\/\/www.jstor.org\/stable\/j.ctvwrm4h1\" target=\"_blank\" rel=\"noopener\">https:\/\/www.jstor.org\/stable\/j.ctvwrm4h1<\/a>).<\/p>\n<p>&nbsp;<\/p>\n<p>Below appear a description of the volume and an annotated table of contents, with direct links to each chapter as well as links to the citations in the <a href=\"https:\/\/jesuitonlinebibliography.bc.edu\/\" target=\"_blank\" rel=\"noopener\">Jesuit Online Bibliography<\/a>\u00a0to locate similar scholarship. The Jesuit Online Bibliography\u00a0is a free, collaborative, multilingual, and fully searchable database of bibliographic records for scholarship in Jesuit Studies produced in the 21st century. More information about the database and about how to add citations can be found at <a href=\"http:\/\/jesuitonlinebibliography.com\" target=\"_blank\" rel=\"noopener\"><strong>jesuitonlinebibliography.com<\/strong><\/a>.<\/p>\n<p>&nbsp;<\/p>\n<p>&nbsp;<\/p>\n<p><em>Cultural Worlds of the Jesuits in Colonial Latin America<\/em><\/p>\n<p>Ed., Linda A. Newson<\/p>\n<p>London:\u00a0University of London Press;\u00a0Institute of Latin American Studies, 2020<\/p>\n<p>&nbsp;<\/p>\n<p>Introduction (pp. 1-8)<br \/>\nBy: Linda A. Newson<\/p>\n<p>&#8212; <a href=\"https:\/\/www.jstor.org\/stable\/j.ctvwrm4h1.5\" target=\"_blank\" rel=\"noopener\">chapter link<\/a><\/p>\n<p>&nbsp;<\/p>\n<p><strong>I. Jesuit art, architecture and material culture<\/strong><\/p>\n<p>1. The Jesuits and Chinese style in the arts of colonial Brazil (1719\u201379) (pp. 11-40)<br \/>\nBy: Gauvin Alexander Bailey<\/p>\n<p>&#8212; <a href=\"https:\/\/www.jstor.org\/stable\/j.ctvwrm4h1.6\" target=\"_blank\" rel=\"noopener\">chapter link<\/a><\/p>\n<p>&#8212; <a href=\"https:\/\/jesuitonlinebibliography.bc.edu\/catalog\/18126\" target=\"_blank\" rel=\"noopener\">Jesuit Online Bibliography<\/a><\/p>\n<p>&nbsp;<\/p>\n<p>2. Two \u2018ways of proceeding\u2019: damage limitation in the Mission to the Chiquitos (pp. 41-68)<br \/>\nBy: Kate Ford<\/p>\n<p>&#8212; <a href=\"https:\/\/www.jstor.org\/stable\/j.ctvwrm4h1.7\" target=\"_blank\" rel=\"noopener\">chapter link<\/a><\/p>\n<p>&#8212; <a href=\"https:\/\/jesuitonlinebibliography.bc.edu\/catalog\/18127\" target=\"_blank\" rel=\"noopener\">Jesuit Online Bibliography<\/a><\/p>\n<p>&nbsp;<\/p>\n<p>3. The materiality of cultural encounters in the Treinta Pueblos de las Misiones (pp. 69-88)<br \/>\nBy: Clarissa Sanfelice Rahmeier<\/p>\n<p>&#8212; <a href=\"https:\/\/www.jstor.org\/stable\/j.ctvwrm4h1.8\" target=\"_blank\" rel=\"noopener\">chapter link<\/a><\/p>\n<p>&#8212; <a href=\"https:\/\/jesuitonlinebibliography.bc.edu\/catalog\/18128\" target=\"_blank\" rel=\"noopener\">Jesuit Online Bibliography<\/a><\/p>\n<p>&nbsp;<\/p>\n<p><strong>II. Jesuit mission life<\/strong><\/p>\n<p>4. A patriarchal society in the Rio de la Plata: adultery and the double standard at Mission Jes\u00fas de Tavarangue, 1782 (pp. 91-110)<br \/>\nBy: Barbara Ganson<\/p>\n<p>&#8212; <a href=\"https:\/\/www.jstor.org\/stable\/j.ctvwrm4h1.9\" target=\"_blank\" rel=\"noopener\">chapter link<\/a><\/p>\n<p>&#8212; <a href=\"https:\/\/jesuitonlinebibliography.bc.edu\/catalog\/18129\" target=\"_blank\" rel=\"noopener\">Jesuit Online Bibliography<\/a><\/p>\n<p>&nbsp;<\/p>\n<p>5. Music in the Jesuit missions of the Upper Mara\u00f1\u00f3n (pp. 111-126)<br \/>\nBy: Leonardo Waisman<\/p>\n<p>&#8212; <a href=\"https:\/\/www.jstor.org\/stable\/j.ctvwrm4h1.10\" target=\"_blank\" rel=\"noopener\">chapter link<\/a><\/p>\n<p>&#8212; <a href=\"https:\/\/jesuitonlinebibliography.bc.edu\/catalog\/18130\" target=\"_blank\" rel=\"noopener\">Jesuit Online Bibliography<\/a><\/p>\n<p>&nbsp;<\/p>\n<p>6. Beyond linguistic description: territorialisation. Guarani language in the missions of Paraguay (17th\u201319th centuries) (pp. 127-146)<br \/>\nBy: Capucine Boidin<\/p>\n<p>&#8212; <a href=\"https:\/\/www.jstor.org\/stable\/j.ctvwrm4h1.11\" target=\"_blank\" rel=\"noopener\">chapter link<\/a><\/p>\n<p>&#8212; <a href=\"https:\/\/jesuitonlinebibliography.bc.edu\/catalog\/18131\" target=\"_blank\" rel=\"noopener\">Jesuit Online Bibliography<\/a><\/p>\n<p>&nbsp;<\/p>\n<p><strong>III. Jesuit approaches to evangelisation<\/strong><\/p>\n<p>7. Administration and native perceptions of baptism at the Jesuit peripheries of Spanish America (16th\u201318th centuries) (pp. 149-170)<br \/>\nBy: Oriol Ambrogio<\/p>\n<p>&#8212; <a href=\"https:\/\/www.jstor.org\/stable\/j.ctvwrm4h1.12\" target=\"_blank\" rel=\"noopener\">chapter link<\/a><\/p>\n<p>&#8212; <a href=\"https:\/\/jesuitonlinebibliography.bc.edu\/catalog\/18132\" target=\"_blank\" rel=\"noopener\">Jesuit Online Bibliography<\/a><\/p>\n<p>&nbsp;<\/p>\n<p>8. \u2018<em>Con inten\u00e7i\u00f3n de ha\u00e7erlos Christianos y con voluntad de instruirlos<\/em>\u2019: spiritual education among American Indians in Anello Oliva\u2019s Historia del Reino y Provincias del Per\u00fa (pp. 171-188)<br \/>\nBy: Virginia Ghelarducci<\/p>\n<p>&#8212; <a href=\"https:\/\/www.jstor.org\/stable\/j.ctvwrm4h1.13\" target=\"_blank\" rel=\"noopener\">chapter link<\/a><\/p>\n<p>&#8212; <a href=\"https:\/\/jesuitonlinebibliography.bc.edu\/catalog\/18133\" target=\"_blank\" rel=\"noopener\">Jesuit Online Bibliography<\/a><\/p>\n<p>&nbsp;<\/p>\n<p>9. Translation and prolepsis: the Jesuit origins of a Tupi Christian doctrine (pp. 189-206)<br \/>\nBy: Vivien Kogut Lessa de S\u00e1 and Caroline Egan<\/p>\n<p>&#8212; <a href=\"https:\/\/www.jstor.org\/stable\/j.ctvwrm4h1.14\" target=\"_blank\" rel=\"noopener\">chapter link<\/a><\/p>\n<p>&#8212; <a href=\"https:\/\/jesuitonlinebibliography.bc.edu\/catalog\/18134\" target=\"_blank\" rel=\"noopener\">Jesuit Online Bibliography<\/a><\/p>\n<p>&nbsp;<\/p>\n<p><strong>IV. Jesuit agriculture, medicine and science<\/strong><\/p>\n<p>10. Jesuits and mules in colonial Latin America: innovators or managers? (pp. 209-228)<br \/>\nBy: William G. Clarence-Smith<\/p>\n<p>&#8212; <a href=\"https:\/\/www.jstor.org\/stable\/j.ctvwrm4h1.15\" target=\"_blank\" rel=\"noopener\">chapter link<\/a><\/p>\n<p>&#8212; <a href=\"https:\/\/jesuitonlinebibliography.bc.edu\/catalog\/18135\" target=\"_blank\" rel=\"noopener\">Jesuit Online Bibliography<\/a><\/p>\n<p>&nbsp;<\/p>\n<p>11. Jesuit recipes, Jesuit receipts: the Society of Jesus and the introduction of exotic materia medica into Europe (pp. 229-254)<br \/>\nBy: Samir Boumediene<\/p>\n<p>&#8212; <a href=\"https:\/\/www.jstor.org\/stable\/j.ctvwrm4h1.16\" target=\"_blank\" rel=\"noopener\">chapter link<\/a><\/p>\n<p>&#8212; <a href=\"https:\/\/jesuitonlinebibliography.bc.edu\/catalog\/18136\" target=\"_blank\" rel=\"noopener\">Jesuit Online Bibliography<\/a><\/p>\n<p>&nbsp;<\/p>\n<p>12. The Jesuits and the exact sciences in Argentina (pp. 255-284)<br \/>\nBy: Eduardo L. Ortiz<\/p>\n<p>&#8212; <a href=\"https:\/\/www.jstor.org\/stable\/j.ctvwrm4h1.17\" target=\"_blank\" rel=\"noopener\">chapter link<\/a><\/p>\n<p>&#8212; <a href=\"https:\/\/jesuitonlinebibliography.bc.edu\/catalog\/18137\" target=\"_blank\" rel=\"noopener\">Jesuit Online Bibliography<\/a><\/p>\n","protected":false},"excerpt":{"rendered":"<p>Linda A. Newson has edited a new collection of essays entitled Cultural Worlds of the Jesuits in Colonial Latin America, published by the University of London Press and the Institute of Latin American Studies. Thirteen scholars contribute to essays examining &#8220;the diversity of Jesuit contributions to Latin American culture,&#8221; from the diverse activities by the [&hellip;]<\/p>\n","protected":false},"author":127185,"featured_media":5537,"parent":888,"menu_order":0,"comment_status":"closed","ping_status":"closed","template":"page-standard.php","meta":{"footnotes":""},"class_list":["post-5533","page","type-page","status-publish","has-post-thumbnail","hentry"],"_links":{"self":[{"href":"https:\/\/sites.bc.edu\/jesuitportal-recovery\/index.php?rest_route=\/wp\/v2\/pages\/5533","targetHints":{"allow":["GET"]}}],"collection":[{"href":"https:\/\/sites.bc.edu\/jesuitportal-recovery\/index.php?rest_route=\/wp\/v2\/pages"}],"about":[{"href":"https:\/\/sites.bc.edu\/jesuitportal-recovery\/index.php?rest_route=\/wp\/v2\/types\/page"}],"author":[{"embeddable":true,"href":"https:\/\/sites.bc.edu\/jesuitportal-recovery\/index.php?rest_route=\/wp\/v2\/users\/127185"}],"replies":[{"embeddable":true,"href":"https:\/\/sites.bc.edu\/jesuitportal-recovery\/index.php?rest_route=%2Fwp%2Fv2%2Fcomments&post=5533"}],"version-history":[{"count":7,"href":"https:\/\/sites.bc.edu\/jesuitportal-recovery\/index.php?rest_route=\/wp\/v2\/pages\/5533\/revisions"}],"predecessor-version":[{"id":5541,"href":"https:\/\/sites.bc.edu\/jesuitportal-recovery\/index.php?rest_route=\/wp\/v2\/pages\/5533\/revisions\/5541"}],"up":[{"embeddable":true,"href":"https:\/\/sites.bc.edu\/jesuitportal-recovery\/index.php?rest_route=\/wp\/v2\/pages\/888"}],"wp:featuredmedia":[{"embeddable":true,"href":"https:\/\/sites.bc.edu\/jesuitportal-recovery\/index.php?rest_route=\/wp\/v2\/media\/5537"}],"wp:attachment":[{"href":"https:\/\/sites.bc.edu\/jesuitportal-recovery\/index.php?rest_route=%2Fwp%2Fv2%2Fmedia&parent=5533"}],"curies":[{"name":"wp","href":"https:\/\/api.w.org\/{rel}","templated":true}]}}