{"id":5399,"date":"2019-12-17T13:00:20","date_gmt":"2019-12-17T13:00:20","guid":{"rendered":"https:\/\/sites.bc.edu\/jesuitportal-recovery\/?page_id=5399"},"modified":"2020-05-28T19:41:04","modified_gmt":"2020-05-28T19:41:04","slug":"december-2019-research-seminar-and-book-presentation-on-the-jesuits-in-the-low-countries","status":"publish","type":"page","link":"https:\/\/sites.bc.edu\/jesuitportal-recovery\/?page_id=5399","title":{"rendered":"December 2019: Research seminar and book presentation on the Jesuits in the Low Countries"},"content":{"rendered":"<p>On December 18, KADOC-KU Leuven, in collaboration with the Jesuitica project of the Faculty of Theology and Religious Studies and individual researchers at KU Leuven, hosts a research seminar on\u00a0the &#8220;Jesuit in the Low Countries.&#8221; A full <a href=\"https:\/\/kadoc.kuleuven.be\/pdf\/studiedagen\/col-jezuieten-lage-landen-20191218.pdf\" target=\"_blank\" rel=\"noopener\">program for the event appears online<\/a> and below. The event will also mark the publication of <em>The Survival of the Jesuits in the Low Countries\u00a01773-1850<\/em>. The event will take place in Dutch.<\/p>\n<p>&nbsp;<\/p>\n<p>JEZU\u00cfETEN IN DE LAGE LANDEN GESCHIEDENIS EN ERFGOED LES J\u00c9SUITES DANS LE BENELUX<br \/>\nHISTOIRE ET H\u00c9RITAGE<\/p>\n<p>Woensdag 18 december 2019<br \/>\n14u &gt; 19u<br \/>\nKADOC \u2013 KU Leuven<br \/>\nVlamingenstraat 39<br \/>\n3000 Leuven<\/p>\n<p>&nbsp;<\/p>\n<p>14:00<br \/>\nKim Christiaens (KADOC \u2013 KU Leuven)<br \/>\nVerwelkoming \/ Accueil<\/p>\n<p>&nbsp;<\/p>\n<p>14:15<br \/>\nDries Vanysacker (Faculteit Theologie en Religiewetenschappen \u2013 KU Leuven)<br \/>\n\u201cUn \u00e9l\u00e9ment n\u00e9cessaire de l\u2019\u00e9ducation humaine et chr\u00e9tienne\u201d: op een drafje op zoek naar sport, spel en lichamelijke opvoeding in de SJ-archieven. Via een vlugge blik op de inventarissen van de verschillende provincie-archieven van de jezu\u00efeten die in KADOC berusten, kan men afleiden dat zowel lichamelijke opvoeding\u00a0binnen het curriculum van de colleges, als sport en spel tijdens de buitenschoolse activiteiten belangrijke aandachtspunten van de Soci\u00ebteit waren. Een meer diepgaande studie bevestigt niet alleen dit vermoeden, maar toont aan dat de jezu\u00efeten \u201cdit modeverschijnsel, overgewaaid uit Amerika en Engeland\u201d zelf wilden hanteren als \u201ceen noodzakelijk element in de opvoeding van de humane en christelijke persoon\u201d.<\/p>\n<p>&nbsp;<\/p>\n<p>14:45<br \/>\nSarah Barth\u00e9lemy (Universit\u00e9 Catholique de Louvain)<br \/>\nL\u2019appropriation du mod\u00e8le j\u00e9suite comme acte fondateur: les fid\u00e8les compagnes de J\u00e9sus (1820). Genre, saintet\u00e9 et processus de l\u00e9gitimation. Dans la France du d\u00e9but du XIXe si\u00e8cle, Marie Madeleine de Bengy de Bonnault d\u2019Hou\u00ebt (1781-1858) fonde les fid\u00e8les compagnes de J\u00e9sus, afin d\u2019\u00ab \u00eatre j\u00e9suite \u00bb. En partant d\u2019une approche au croisement entre genre et religion, bas\u00e9e sur des sources \u00e9crites produites par des femmes et des hommes, ainsi que des sources institutionnelles, il s\u2019agira de faire l\u2019histoire du rapport entre les sexes au niveau individuel, \u00e0 partir de la fondatrice et des j\u00e9suites de son entourage, et au niveau collectif, \u00e0 partir de l\u2019enjeu d\u2019institutionnalisation de la congr\u00e9gation nouvellement cr\u00e9\u00e9e, face \u00e0 la Compagnie de J\u00e9sus et aux Congr\u00e9gations de la curie romaine.<\/p>\n<p>&nbsp;<\/p>\n<p>15:15<br \/>\nLore Lievens (KADOC \u2013 KU Leuven).<br \/>\nOp ontdekkingstocht door de audiovisuele collecties van de Belgische en Nederlandse Jezu\u00efeten.<br \/>\nIn de afgelopen jaren werden niet enkel de archieven van de Belgische en Nederlandse jezu\u00efeten op KADOC in bewaring gegeven, maar ook hun rijke audiovisuele collecties. Deze presentatie geeft voor het eerst een overzicht van de verrassende diversiteit en de onderzoeksmogelijkheden die het beeldmateriaal van de jezu\u00efeten te bieden heeft.<\/p>\n<p>&nbsp;<\/p>\n<p>16:15<br \/>\nKristien Suenens (KADOC \u2013 KU Leuven).<br \/>\nIgnis \u2013 Leuven Centre for Jesuit Studies<br \/>\nHet nieuwe onderzoeksplatform \u2018Ignis \u2013 Leuven Centre for Jesuit Studies\u2019 wil internationaal en interdisciplinair onderzoek stimuleren met focus op de geschiedenis, de spiritualiteit, het onderwijs, de missieactiviteiten en het erfgoed van de jezu\u00efeten in en uit de Lage Landen. Centraal staat de valorisatie van de rijke archief- en bibliotheekcollecties van de Belgische en Nederlandse jezu\u00efeten door middel van seminaries, conferenties en masterthesissen.<\/p>\n<p>&nbsp;<\/p>\n<p>16:45<br \/>\nBarbara Baudry (Archives J\u00e9suites Europe Occidentale Francophone)<br \/>\nLes Archives j\u00e9suites des Provinces de France: pr\u00e9sentation et exploitation Les fonds conserv\u00e9s dans le service des Archives de la Compagnie de J\u00e9sus en France sont riches \u00e0 bien des \u00e9gards (volume, p\u00e9riodes couvertes, th\u00e8mes abord\u00e9s, etc.). Nous \u00e9tudierons ici le contenu et les particularit\u00e9s de ces fonds. Nous nous int\u00e9resserons ensuite aux \u00e9tudes qui en sont faites et nous ouvrirons notre propos\u00a0sur les th\u00e8mes de recherche peu ou non exploit\u00e9s.<\/p>\n<p>&nbsp;<\/p>\n<p>17:30<br \/>\nBoekvoorstelling \/ Pr\u00e9sentation de livre<\/p>\n","protected":false},"excerpt":{"rendered":"<p>On December 18, KADOC-KU Leuven, in collaboration with the Jesuitica project of the Faculty of Theology and Religious Studies and individual researchers at KU Leuven, hosts a research seminar on\u00a0the &#8220;Jesuit in the Low Countries.&#8221; A full program for the event appears online and below. The event will also mark the publication of The Survival [&hellip;]<\/p>\n","protected":false},"author":127185,"featured_media":4867,"parent":888,"menu_order":0,"comment_status":"closed","ping_status":"closed","template":"page-standard.php","meta":{"footnotes":""},"class_list":["post-5399","page","type-page","status-publish","has-post-thumbnail","hentry"],"_links":{"self":[{"href":"https:\/\/sites.bc.edu\/jesuitportal-recovery\/index.php?rest_route=\/wp\/v2\/pages\/5399","targetHints":{"allow":["GET"]}}],"collection":[{"href":"https:\/\/sites.bc.edu\/jesuitportal-recovery\/index.php?rest_route=\/wp\/v2\/pages"}],"about":[{"href":"https:\/\/sites.bc.edu\/jesuitportal-recovery\/index.php?rest_route=\/wp\/v2\/types\/page"}],"author":[{"embeddable":true,"href":"https:\/\/sites.bc.edu\/jesuitportal-recovery\/index.php?rest_route=\/wp\/v2\/users\/127185"}],"replies":[{"embeddable":true,"href":"https:\/\/sites.bc.edu\/jesuitportal-recovery\/index.php?rest_route=%2Fwp%2Fv2%2Fcomments&post=5399"}],"version-history":[{"count":2,"href":"https:\/\/sites.bc.edu\/jesuitportal-recovery\/index.php?rest_route=\/wp\/v2\/pages\/5399\/revisions"}],"predecessor-version":[{"id":5563,"href":"https:\/\/sites.bc.edu\/jesuitportal-recovery\/index.php?rest_route=\/wp\/v2\/pages\/5399\/revisions\/5563"}],"up":[{"embeddable":true,"href":"https:\/\/sites.bc.edu\/jesuitportal-recovery\/index.php?rest_route=\/wp\/v2\/pages\/888"}],"wp:featuredmedia":[{"embeddable":true,"href":"https:\/\/sites.bc.edu\/jesuitportal-recovery\/index.php?rest_route=\/wp\/v2\/media\/4867"}],"wp:attachment":[{"href":"https:\/\/sites.bc.edu\/jesuitportal-recovery\/index.php?rest_route=%2Fwp%2Fv2%2Fmedia&parent=5399"}],"curies":[{"name":"wp","href":"https:\/\/api.w.org\/{rel}","templated":true}]}}