{"id":4196,"date":"2018-11-01T03:55:02","date_gmt":"2018-11-01T03:55:02","guid":{"rendered":"https:\/\/sites.bc.edu\/jesuitportal-recovery\/?page_id=4196"},"modified":"2021-03-22T22:40:04","modified_gmt":"2021-03-22T22:40:04","slug":"november-2018-new-illustrated-history-of-jesuits-in-portugal","status":"publish","type":"page","link":"https:\/\/sites.bc.edu\/jesuitportal-recovery\/?page_id=4196","title":{"rendered":"November 2018: New Illustrated History of Jesuits in Portugal"},"content":{"rendered":"<p>Francisco Malta Romeiras has just published\u00a0<i>Jesu\u00edtas em Portugal depois de Pombal<\/i>, an illustrated history of the Jesuits in Portugal after their official return in 1858. With more than 250 original photographs of teachers, students, and alumni, this books offers a sketch of Jesuit education in nineteenth- and twentieth-century Portugal.<\/p>\n<p>&nbsp;<\/p>\n<p>The book is available through Principa: http:\/\/www.principia.pt\/Os-Jesuitas-em-Portugal-depois-de-Pombal<\/p>\n<p>&nbsp;<\/p>\n<p>Romeiras is a former <a href=\"https:\/\/www.bc.edu\/content\/bc-web\/centers\/iajs\/research-\/in-residence-fellows.html\" target=\"_blank\" rel=\"noopener\">Research Fellow<\/a> at the Institute for Advanced Jesuit Studies. He works at the Centro Interuniversit\u00e1rio de Hist\u00f3ria das Ci\u00eancias e da Tecnologia at the Universidade de Lisboa. A specialist in the history of science, Romeiras is also the author of a forthcoming book on\u00a0Jesuit science and education in the nineteenth and twentieth centuries. The book will look into the successful intertwining between theory and practice at the colleges of Campolide and S\u00e3o Fiel, where the Jesuits made significant efforts in promoting a hands-on experimental teaching of the natural sciences. The book will also analyze the role played by the Jesuit journal <em>Brot\u00e9ria<\/em> in the circulation of scientific knowledge and in the emergence of new scientific fields in twentieth century Portugal.<\/p>\n<p>&nbsp;<\/p>\n<p>Much of\u00a0<em>Brot\u00e9ria<\/em>\u00a0is freely available through the\u00a0<a href=\"https:\/\/jesuitonlinelibrary.bc.edu\/?a=p&amp;p=home&amp;e=-------en-20--1--txt-txIN-------\" target=\"_blank\" rel=\"noopener\">Jesuit Online Library<\/a>.<\/p>\n","protected":false},"excerpt":{"rendered":"<p>Francisco Malta Romeiras has just published\u00a0Jesu\u00edtas em Portugal depois de Pombal, an illustrated history of the Jesuits in Portugal after their official return in 1858. With more than 250 original photographs of teachers, students, and alumni, this books offers a sketch of Jesuit education in nineteenth- and twentieth-century Portugal. &nbsp; The book is available through [&hellip;]<\/p>\n","protected":false},"author":127185,"featured_media":4905,"parent":888,"menu_order":0,"comment_status":"closed","ping_status":"closed","template":"page-standard.php","meta":{"footnotes":""},"class_list":["post-4196","page","type-page","status-publish","has-post-thumbnail","hentry"],"_links":{"self":[{"href":"https:\/\/sites.bc.edu\/jesuitportal-recovery\/index.php?rest_route=\/wp\/v2\/pages\/4196","targetHints":{"allow":["GET"]}}],"collection":[{"href":"https:\/\/sites.bc.edu\/jesuitportal-recovery\/index.php?rest_route=\/wp\/v2\/pages"}],"about":[{"href":"https:\/\/sites.bc.edu\/jesuitportal-recovery\/index.php?rest_route=\/wp\/v2\/types\/page"}],"author":[{"embeddable":true,"href":"https:\/\/sites.bc.edu\/jesuitportal-recovery\/index.php?rest_route=\/wp\/v2\/users\/127185"}],"replies":[{"embeddable":true,"href":"https:\/\/sites.bc.edu\/jesuitportal-recovery\/index.php?rest_route=%2Fwp%2Fv2%2Fcomments&post=4196"}],"version-history":[{"count":7,"href":"https:\/\/sites.bc.edu\/jesuitportal-recovery\/index.php?rest_route=\/wp\/v2\/pages\/4196\/revisions"}],"predecessor-version":[{"id":5895,"href":"https:\/\/sites.bc.edu\/jesuitportal-recovery\/index.php?rest_route=\/wp\/v2\/pages\/4196\/revisions\/5895"}],"up":[{"embeddable":true,"href":"https:\/\/sites.bc.edu\/jesuitportal-recovery\/index.php?rest_route=\/wp\/v2\/pages\/888"}],"wp:featuredmedia":[{"embeddable":true,"href":"https:\/\/sites.bc.edu\/jesuitportal-recovery\/index.php?rest_route=\/wp\/v2\/media\/4905"}],"wp:attachment":[{"href":"https:\/\/sites.bc.edu\/jesuitportal-recovery\/index.php?rest_route=%2Fwp%2Fv2%2Fmedia&parent=4196"}],"curies":[{"name":"wp","href":"https:\/\/api.w.org\/{rel}","templated":true}]}}