{"id":4012,"date":"2018-05-14T18:26:17","date_gmt":"2018-05-14T18:26:17","guid":{"rendered":"https:\/\/sites.bc.edu\/jesuitportal-recovery\/?page_id=4012"},"modified":"2019-01-03T12:41:51","modified_gmt":"2019-01-03T12:41:51","slug":"may-2018-lyon-hosts-symposium-on-jesuits-and-protestants","status":"publish","type":"page","link":"https:\/\/sites.bc.edu\/jesuitportal-recovery\/?page_id=4012","title":{"rendered":"May 2018: Lyon Hosts Symposium on Jesuits and Protestants"},"content":{"rendered":"<p>On May 24, a two-day symposium begins at l&#8217;Universit\u00e9 Jean Moulin Lyon 3 to consider Jesuit-Protestant relationships from the Reformation to the 21st century. &#8220;<a href=\"https:\/\/www.bm-lyon.fr\/spip.php?page=agenda_date_id&amp;source=326&amp;date_id=9679\" target=\"_blank\" rel=\"noopener\"><strong>J\u00e9suites et protestants, XVIe-XXIe si\u00e8cles<\/strong><\/a>&#8221; has been organized by Yves Krumenacker (universit\u00e9 Lyon 3) and Philippe Martin (universit\u00e9 Lyon 2).<\/p>\n<p>&nbsp;<\/p>\n<p>The event features presentations by fifteen scholars on a range of topics: comparing the experiences of two reformers who studied at the Coll\u00e8ge de Montaigu&#8211;Ignatius of Loyola and John Calvin; the concepts of fasting for Bellarmine and Protestants; educational conflicts in 16th-century Strasbourg; 20th-century Jesuit and Protestant theology; and Jesuit and Protestant missions in Africa and Madagascar. A full program (also appearing below) and further details <a href=\"https:\/\/www.bm-lyon.fr\/spip.php?page=agenda_date_id&amp;source=326&amp;date_id=9679\" target=\"_blank\" rel=\"noopener\"><strong>are available online<\/strong><\/a>.<\/p>\n<p>&nbsp;<\/p>\n<p>&nbsp;<\/p>\n<p>PROGRAMME<\/p>\n<p>JEUDI 24 MAI<\/p>\n<p>La premi\u00e8re Compagnie<\/p>\n<p>\u2014\u00a0Introduction, <strong>Philippe Martin<\/strong> (Universit\u00e9 Lyon 2)<\/p>\n<p>\u2014 <strong>Patrick Hornbeck<\/strong> (Fordham University, USA) : &#8220;Deux r\u00e9formateurs, un coll\u00e8ge : Montaigu, Ignace de Loyola, et Jean Calvin&#8221;<\/p>\n<p>\u2014\u00a0<strong>Alain Culli\u00e8re<\/strong> (Universit\u00e9 de Lorraine) : &#8220;De la \u00ab secte luth\u00e9rienne \u00bb \u00e0 la \u00ab secte des j\u00e9suites \u00bb. Expression de la marginalisation religieuse dans la seconde moiti\u00e9 du XVIe si\u00e8cle&#8221;<\/p>\n<p>\u2014\u00a0<strong>Pierre-Antoine Fabre<\/strong> (EHESS) : &#8220;La conversion \u00e0 la R\u00e9forme dans la premi\u00e8re Compagnie de J\u00e9sus&#8221;<\/p>\n<p>\u2014\u00a0<strong>Sylvio de Franceschi<\/strong> (EPHE) : &#8220;Bellarmin, le je\u00fbne et les protestants&#8221;<\/p>\n<p>\u2014\u00a0<strong>Fabienne Henryot<\/strong> (ENSSIB) : &#8220;L\u2019\u00e9conomie de la controverse : l\u2019\u00e9dition des disputes 1598-1630&#8221;<\/p>\n<p>\u2014\u00a0<strong>Julien L\u00e9onard<\/strong> (Universit\u00e9 de Lorraine) : &#8220;Le faux au service de la controverse. Le pasteur Samuel Des Marets face aux j\u00e9suites de Maastricht (1632-1636)&#8221;<\/p>\n<p>\u2014\u00a0<strong>Stefano Simiz<\/strong> (Universit\u00e9 de Lorraine) : &#8220;Louis Sevestre controversiste j\u00e9suite et auteur de (fausses) lettres de Calvin. Le regard d&#8217;un Compagnon sur les pasteurs r\u00e9form\u00e9s de Metz au milieu des ann\u00e9es 1650&#8221;<\/p>\n<p>\u2014\u00a0<strong>Didier Boisson<\/strong> (Universit\u00e9 d\u2019Angers) : &#8220;Autour de l&#8217;application de la d\u00e9claration de 1645. Les arguments du j\u00e9suite Bernard Meynier et l&#8217;avocat r\u00e9form\u00e9 Pierre Loride au d\u00e9but des ann\u00e9es 1660&#8221;<\/p>\n<p>\u2014\u00a0<strong>Nicolas Guyard<\/strong> (Universit\u00e9 Lyon 3) : &#8220;Les \u00e9chos de Calvin. Les reliques, les j\u00e9suites et les protestants au XVIIe si\u00e8cle&#8221;<\/p>\n<p>\u2014\u00a0<strong>Bruno Maes<\/strong> (Universit\u00e9 de Lorraine) : &#8220;Un missionnaire j\u00e9suite en terre protestante : l\u2019exemple de Jean-Fran\u00e7ois R\u00e9gis en Velay et en Vivarais&#8221;<\/p>\n<p>\u2014\u00a0<strong>Michel F\u00e9dou<\/strong> : &#8220;J\u00e9suites et protestants dans la th\u00e9ologie du XXe si\u00e8cle&#8221;<\/p>\n<p>&nbsp;<\/p>\n<p>VENDREDI 25 MAI<\/p>\n<p>\u2014\u00a0<strong>Simona Negruzzo<\/strong> (universit\u00e9 de Bologne) : \u00ab &#8220;Les J\u00e9suites nous secondent&#8221;. La confrontation p\u00e9dagogique entre protestants et catholiques dans le Strasbourg du XVIe si\u00e8cle \u00bb<\/p>\n<p>\u2014\u00a0<strong>Yves Krumenacker<\/strong> (Universit\u00e9 Lyon 3) : &#8220;Bayle juge Loyola&#8221;<\/p>\n<p>La Nouvelle Compagnie<\/p>\n<p>\u2014\u00a0<strong>Philippe Rocher<\/strong> (IPRA \u2013 Institut du Pluralisme Religieux et de l\u2019Ath\u00e9isme, MSH Ange-Gu\u00e9pin, Nantes) : &#8220;Les j\u00e9suites et la crise du protestantisme, Du Second Empire \u00e0 l&#8217;affaire Dreyfus&#8221;<\/p>\n<p>\u2014\u00a0<strong>Dzianis Kandakou<\/strong> (Universit\u00e9 Polotsk, Bi\u00e9lorussie) : &#8220;J\u00e9suites et protestants en Russie au d\u00e9but du XIXe si\u00e8cle&#8221;<\/p>\n<p>\u2014\u00a0<strong>Christophe Chalamet<\/strong> (Universit\u00e9 de Gen\u00e8ve) : &#8220;Karl Barth, Erich Przywara, s.j. et la question de l\u2019analogie&#8221;<\/p>\n<p>\u2014\u00a0<strong>Claude Prudhomme<\/strong> (Universit\u00e9 Lyon 2) : &#8220;J\u00e9suites et protestants dans les pays de missions (Afrique et Madagascar)&#8221;<\/p>\n<p>\u2014\u00a0<strong>Olivier Chatelan<\/strong> (Universit\u00e9 Lyon 3) : &#8220;Les protestants fran\u00e7ais et le pape Fran\u00e7ois&#8221;<\/p>\n<p>\u2014\u00a0<strong>Remi de Maindreville<\/strong> (Paris) : &#8220;Des t\u00e9moignages unanimes, des confessions diff\u00e9rentes&#8221;<\/p>\n<p>\u2014\u00a0Conclusions : <strong>Yves Krumenacker<\/strong> et <strong>Philippe Martin<\/strong><\/p>\n","protected":false},"excerpt":{"rendered":"<p>On May 24, a two-day symposium begins at l&#8217;Universit\u00e9 Jean Moulin Lyon 3 to consider Jesuit-Protestant relationships from the Reformation to the 21st century. &#8220;J\u00e9suites et protestants, XVIe-XXIe si\u00e8cles&#8221; has been organized by Yves Krumenacker (universit\u00e9 Lyon 3) and Philippe Martin (universit\u00e9 Lyon 2). &nbsp; The event features presentations by fifteen scholars on a range [&hellip;]<\/p>\n","protected":false},"author":127185,"featured_media":4872,"parent":888,"menu_order":0,"comment_status":"closed","ping_status":"closed","template":"page-standard.php","meta":{"footnotes":""},"class_list":["post-4012","page","type-page","status-publish","has-post-thumbnail","hentry"],"_links":{"self":[{"href":"https:\/\/sites.bc.edu\/jesuitportal-recovery\/index.php?rest_route=\/wp\/v2\/pages\/4012","targetHints":{"allow":["GET"]}}],"collection":[{"href":"https:\/\/sites.bc.edu\/jesuitportal-recovery\/index.php?rest_route=\/wp\/v2\/pages"}],"about":[{"href":"https:\/\/sites.bc.edu\/jesuitportal-recovery\/index.php?rest_route=\/wp\/v2\/types\/page"}],"author":[{"embeddable":true,"href":"https:\/\/sites.bc.edu\/jesuitportal-recovery\/index.php?rest_route=\/wp\/v2\/users\/127185"}],"replies":[{"embeddable":true,"href":"https:\/\/sites.bc.edu\/jesuitportal-recovery\/index.php?rest_route=%2Fwp%2Fv2%2Fcomments&post=4012"}],"version-history":[{"count":4,"href":"https:\/\/sites.bc.edu\/jesuitportal-recovery\/index.php?rest_route=\/wp\/v2\/pages\/4012\/revisions"}],"predecessor-version":[{"id":4264,"href":"https:\/\/sites.bc.edu\/jesuitportal-recovery\/index.php?rest_route=\/wp\/v2\/pages\/4012\/revisions\/4264"}],"up":[{"embeddable":true,"href":"https:\/\/sites.bc.edu\/jesuitportal-recovery\/index.php?rest_route=\/wp\/v2\/pages\/888"}],"wp:featuredmedia":[{"embeddable":true,"href":"https:\/\/sites.bc.edu\/jesuitportal-recovery\/index.php?rest_route=\/wp\/v2\/media\/4872"}],"wp:attachment":[{"href":"https:\/\/sites.bc.edu\/jesuitportal-recovery\/index.php?rest_route=%2Fwp%2Fv2%2Fmedia&parent=4012"}],"curies":[{"name":"wp","href":"https:\/\/api.w.org\/{rel}","templated":true}]}}