{"id":3038,"date":"2017-12-11T16:31:24","date_gmt":"2017-12-11T16:31:24","guid":{"rendered":"https:\/\/sites.bc.edu\/jesuitportal-recovery\/?page_id=3038"},"modified":"2019-01-04T14:08:38","modified_gmt":"2019-01-04T14:08:38","slug":"december-2017-conference-on-lettere-indipetae-in-torino","status":"publish","type":"page","link":"https:\/\/sites.bc.edu\/jesuitportal-recovery\/?page_id=3038","title":{"rendered":"December 2017: Conference on lettere indipetae in Torino"},"content":{"rendered":"<p>An important conference on the <em>lettere indipetae <\/em>was\u00a0held at Torino on 5-6 December. The conference was entitled: &#8220;Le <em>lettere indipetae<\/em> come fonte per la storia della Compagnia di Ges\u00f9. Nuove prospettive di ricerca.&#8221;<\/p>\n<p>&nbsp;<\/p>\n<p>The conference centered on the petitions Jesuits submitted to request missionary assignments abroad. Presenters represented institutions in Italy, Australia, the United States, the\u00a0Netherlands, and Brazil.<\/p>\n<p>&nbsp;<\/p>\n<p>The event took place at <strong><a href=\"http:\/\/www.fondazioneeinaudi.it\/\" target=\"_blank\" rel=\"noopener\">Fondazione Luigi Einaudi<\/a><\/strong> and <strong><a href=\"http:\/\/www.fondazionemichelepellegrino.it\/\" target=\"_blank\" rel=\"noopener\">Fondazione Michele Pellegrino<\/a><\/strong>. Additional sponsors included: Dipartmento di Studi Torici, Gesuiti Educazione, and Instituto Sociale.<\/p>\n<p>&nbsp;<\/p>\n<p>A program of the panels and presentations appears below and is <strong><a href=\"http:\/\/www.fondazionemichelepellegrino.it\/fondazione\/news\/58-auguri-5.html\" target=\"_blank\" rel=\"noopener\">available online<\/a><\/strong>.<\/p>\n<p>&nbsp;<\/p>\n<p>Marted\u00ec 5 dicembre<\/p>\n<p>Fondazione Einaudi<\/p>\n<p>Saluti<\/p>\n<ul>\n<li>Bartolo Gariglio, Universit\u00e0 degli Studi di Torino, Fondazione Michele Pellegrino<\/li>\n<\/ul>\n<ul>\n<li>Vitangelo Carlo Maria Denora S.J, Presidente Fondazione Gesuiti Educazione<\/li>\n<\/ul>\n<p>Introduzione<\/p>\n<ul>\n<li>Paolo Bianchini e Marco Rochini<\/li>\n<\/ul>\n<p>&nbsp;<\/p>\n<p>Sessione<\/p>\n<ul>\n<li>Camilla Russell, Archivum Romanum Societatis Iesu, &#8220;The Litterae Indipetae in the Making of Missionaries: Tracing a Documentary Path to the Jesuit &#8216;Indies'&#8221;<\/li>\n<\/ul>\n<ul>\n<li>Eleonora Rai, Deakin University; Centre of Excellence for the History of Emotions, Melbourne, &#8220;Le emozioni del cuore. Litterae indipetae e Jesuit Emotions (XIX secolo)&#8221;<\/li>\n<\/ul>\n<ul>\n<li>Modera la sessione: Sabina Pavone<\/li>\n<\/ul>\n<p>&nbsp;<\/p>\n<p>Sessione<\/p>\n<ul>\n<li>Chiara Petrolini, Universit\u00e0 degli Studi di Parma, &#8220;Digital humanities e lettere indipetae&#8221;<\/li>\n<\/ul>\n<ul>\n<li>Emanuele Colombo,\u00a0Depaul University, and Marco Rochini, Fondazione Michele Pellegrino and Centro di studi di storia e letteratura religiosa<br \/>\nUniversit\u00e0 Cattolica del Sacro Cuore, Milano, &#8220;Un progetto internazionale: la digitalizzazione delle indipetae del XIX e XX secolo&#8221;<\/li>\n<\/ul>\n<ul>\n<li>Modera la sessione: Mart\u00edn Mar\u00eda Morales<\/li>\n<\/ul>\n<p>&nbsp;<\/p>\n<p>Mercoled\u00ec 6 dicembre<br \/>\nFondazione Pellegrino<\/p>\n<p>Sessione<\/p>\n<ul>\n<li>Elisa Frei, Institute for Advanced Jesuit Studies,\u00a0&#8220;Consigli agli indipeti: il manuale di Pallas e le risposte dei Generali&#8221;<\/li>\n<\/ul>\n<ul>\n<li>Th\u00e9r\u00e8se Peeters, Leiden University, &#8220;Trust in the mission: Jesuit indipetae from Genoa, 1590-1680&#8221;<\/li>\n<\/ul>\n<ul>\n<li>Modera la sessione: Girolamo Imbruglia<\/li>\n<\/ul>\n<p>&nbsp;<\/p>\n<p>Sessione<\/p>\n<ul>\n<li>Marina Massimi, Universit\u00e0 di San Paolo del Brasile, &#8220;Indipetae e conoscenze psicologiche&#8221;<\/li>\n<\/ul>\n<ul>\n<li>Marco Rochini, Fondazione Michele Pellegrino and\u00a0Centro di studi di storia e letteratura religiosa,\u00a0Universit\u00e0 Cattolica del Sacro Cuore, Milano, &#8220;&#8216;Il nostro stato ci fa missionari, ovunque ci troviamo, ed in qualunque offizio&#8217;: le lettere indipetae italiane del XIX secolo&#8221;<\/li>\n<\/ul>\n<ul>\n<li>Modera la sessione: Guido Mongini<\/li>\n<\/ul>\n<p>&nbsp;<\/p>\n<p>Introducono il dibattito<\/p>\n<ul>\n<li>Paolo Bianchini, Emanuele Colombo, Niccol\u00f2 Guasti, Girolamo Imbruglia, Guido Mongini, Mart\u00edn Mar\u00eda Morales, Franco Motta, Sabina Pavone<\/li>\n<\/ul>\n","protected":false},"excerpt":{"rendered":"<p>An important conference on the lettere indipetae was\u00a0held at Torino on 5-6 December. The conference was entitled: &#8220;Le lettere indipetae come fonte per la storia della Compagnia di Ges\u00f9. Nuove prospettive di ricerca.&#8221; &nbsp; The conference centered on the petitions Jesuits submitted to request missionary assignments abroad. Presenters represented institutions in Italy, Australia, the United [&hellip;]<\/p>\n","protected":false},"author":127185,"featured_media":4706,"parent":888,"menu_order":0,"comment_status":"closed","ping_status":"closed","template":"page-standard.php","meta":{"footnotes":""},"class_list":["post-3038","page","type-page","status-publish","has-post-thumbnail","hentry"],"_links":{"self":[{"href":"https:\/\/sites.bc.edu\/jesuitportal-recovery\/index.php?rest_route=\/wp\/v2\/pages\/3038","targetHints":{"allow":["GET"]}}],"collection":[{"href":"https:\/\/sites.bc.edu\/jesuitportal-recovery\/index.php?rest_route=\/wp\/v2\/pages"}],"about":[{"href":"https:\/\/sites.bc.edu\/jesuitportal-recovery\/index.php?rest_route=\/wp\/v2\/types\/page"}],"author":[{"embeddable":true,"href":"https:\/\/sites.bc.edu\/jesuitportal-recovery\/index.php?rest_route=\/wp\/v2\/users\/127185"}],"replies":[{"embeddable":true,"href":"https:\/\/sites.bc.edu\/jesuitportal-recovery\/index.php?rest_route=%2Fwp%2Fv2%2Fcomments&post=3038"}],"version-history":[{"count":4,"href":"https:\/\/sites.bc.edu\/jesuitportal-recovery\/index.php?rest_route=\/wp\/v2\/pages\/3038\/revisions"}],"predecessor-version":[{"id":3043,"href":"https:\/\/sites.bc.edu\/jesuitportal-recovery\/index.php?rest_route=\/wp\/v2\/pages\/3038\/revisions\/3043"}],"up":[{"embeddable":true,"href":"https:\/\/sites.bc.edu\/jesuitportal-recovery\/index.php?rest_route=\/wp\/v2\/pages\/888"}],"wp:featuredmedia":[{"embeddable":true,"href":"https:\/\/sites.bc.edu\/jesuitportal-recovery\/index.php?rest_route=\/wp\/v2\/media\/4706"}],"wp:attachment":[{"href":"https:\/\/sites.bc.edu\/jesuitportal-recovery\/index.php?rest_route=%2Fwp%2Fv2%2Fmedia&parent=3038"}],"curies":[{"name":"wp","href":"https:\/\/api.w.org\/{rel}","templated":true}]}}