{"id":3007,"date":"2017-12-06T14:38:39","date_gmt":"2017-12-06T14:38:39","guid":{"rendered":"https:\/\/sites.bc.edu\/jesuitportal-recovery\/?page_id=3007"},"modified":"2021-03-22T22:36:30","modified_gmt":"2021-03-22T22:36:30","slug":"december-2017-conference-on-juan-andres-in-mantua","status":"publish","type":"page","link":"https:\/\/sites.bc.edu\/jesuitportal-recovery\/?page_id=3007","title":{"rendered":"December 2017: Conference on Juan Andr\u00e9s in Mantua"},"content":{"rendered":"<p>On December 6, 2017, the Accademia Nazionale Virgiliana di Scienze Lettere e Arti hosts a conference to mark the bicentennial of the death of Jesuit scholar Juan Andr\u00e9s (1740-1817). Andr\u00e9s, born in Spain, was a prominent Christian humanist and literary critic.<\/p>\n<p>The conference in\u00a0Mantua, Italy features nine presentations over two sessions. A program, appearing below, is <strong>available online<\/strong>.<\/p>\n<p>&nbsp;<\/p>\n<p>&nbsp;<\/p>\n<p>Juan Andr\u00e9s (1740-1817) nel bicentenario dalla morte<\/p>\n<p>Accademia Nazionale Virgiliana di Scienze Lettere e Arti<\/p>\n<p>&nbsp;<\/p>\n<p>Program<\/p>\n<p>Introduzione di Piero Gualtierotti, Presidente dell\u2019Accademia Nazionale Virgiliana<\/p>\n<p>&nbsp;<\/p>\n<p>Session 1<\/p>\n<ul>\n<li>Coordina: Roberto Navarrini, Accademia Nazionale Virgiliana<\/li>\n<\/ul>\n<ul>\n<li><em>L\u2019opera enciclopedica di Juan Andr\u00e9s e l\u2019Illuminismo ispano-italiano<\/em>, Pedro Aull\u00f3n de Haro e Davide Mombelli, Universit\u00e0 di Alicante-Instituto Juan Andr\u00e9s de Comparat\u00edstica y Globalizaci\u00f3n<\/li>\n<\/ul>\n<ul>\n<li><em>Un pubblico per Juan Andr\u00e9s: dissertazioni di filosofia ed educazione all\u2019accademia (1768-1774)<\/em>, Cristiano Casalini, Boston College e Laura Madella, Universit\u00e0 di Roma Tre<\/li>\n<\/ul>\n<ul>\n<li><em>Lettere Familiari. I viaggi di Juan Andr\u00e9s in Italia<\/em>, Maurizio Fabbri, Universit\u00e0 di Bologna, Centro di Studi sul Settecento Spagnolo<\/li>\n<\/ul>\n<ul>\n<li><em>Epistolario di Juan Andr\u00e9s<\/em>, Livia Brunori, Universit\u00e0 di Bologna, Centro di Studi sul Settecento Spagnolo<\/li>\n<\/ul>\n<p>&nbsp;<\/p>\n<p>Session 2<\/p>\n<ul>\n<li>Coordina: Eugenio Camerlenghi, Accademia Nazionale Virgiliana<\/li>\n<\/ul>\n<ul>\n<li><em>Juan Andr\u00e9s e la caduta dei gravi in Galileo<\/em>, Ledo Stefanini, Universit\u00e0 di Pavia, Accademia Nazionale Virgiliana<\/li>\n<\/ul>\n<ul>\n<li><em>Le osservazioni geologico-naturalistiche di Juan Andr\u00e9s nei suoi viaggi in Italia<\/em>, Fulvio Baraldi, Accademia Nazionale Virgiliana<\/li>\n<\/ul>\n<ul>\n<li><em>L\u2019idea di progresso delle scienze in Juan Andr\u00e9s<\/em>, Renato Marocchi, Accademia Nazionale Virgiliana<\/li>\n<\/ul>\n<ul>\n<li><em>Juan Andr\u00e9s. Catalogo dei codici manoscritti della famiglia Capilupi di Mantova<\/em>, Raffaele Tamalio, Accademia Nazionale Virgiliana<\/li>\n<\/ul>\n<ul>\n<li><em>Juan Andr\u00e9s e la tradizione razionalistica nella cultura mantovana<\/em>, Maurizio Bertolotti, Accademia Nazionale Virgiliana<\/li>\n<\/ul>\n","protected":false},"excerpt":{"rendered":"<p>On December 6, 2017, the Accademia Nazionale Virgiliana di Scienze Lettere e Arti hosts a conference to mark the bicentennial of the death of Jesuit scholar Juan Andr\u00e9s (1740-1817). Andr\u00e9s, born in Spain, was a prominent Christian humanist and literary critic. The conference in\u00a0Mantua, Italy features nine presentations over two sessions. A program, appearing below, [&hellip;]<\/p>\n","protected":false},"author":127185,"featured_media":4725,"parent":888,"menu_order":0,"comment_status":"closed","ping_status":"closed","template":"page-standard.php","meta":{"footnotes":""},"class_list":["post-3007","page","type-page","status-publish","has-post-thumbnail","hentry"],"_links":{"self":[{"href":"https:\/\/sites.bc.edu\/jesuitportal-recovery\/index.php?rest_route=\/wp\/v2\/pages\/3007","targetHints":{"allow":["GET"]}}],"collection":[{"href":"https:\/\/sites.bc.edu\/jesuitportal-recovery\/index.php?rest_route=\/wp\/v2\/pages"}],"about":[{"href":"https:\/\/sites.bc.edu\/jesuitportal-recovery\/index.php?rest_route=\/wp\/v2\/types\/page"}],"author":[{"embeddable":true,"href":"https:\/\/sites.bc.edu\/jesuitportal-recovery\/index.php?rest_route=\/wp\/v2\/users\/127185"}],"replies":[{"embeddable":true,"href":"https:\/\/sites.bc.edu\/jesuitportal-recovery\/index.php?rest_route=%2Fwp%2Fv2%2Fcomments&post=3007"}],"version-history":[{"count":6,"href":"https:\/\/sites.bc.edu\/jesuitportal-recovery\/index.php?rest_route=\/wp\/v2\/pages\/3007\/revisions"}],"predecessor-version":[{"id":5875,"href":"https:\/\/sites.bc.edu\/jesuitportal-recovery\/index.php?rest_route=\/wp\/v2\/pages\/3007\/revisions\/5875"}],"up":[{"embeddable":true,"href":"https:\/\/sites.bc.edu\/jesuitportal-recovery\/index.php?rest_route=\/wp\/v2\/pages\/888"}],"wp:featuredmedia":[{"embeddable":true,"href":"https:\/\/sites.bc.edu\/jesuitportal-recovery\/index.php?rest_route=\/wp\/v2\/media\/4725"}],"wp:attachment":[{"href":"https:\/\/sites.bc.edu\/jesuitportal-recovery\/index.php?rest_route=%2Fwp%2Fv2%2Fmedia&parent=3007"}],"curies":[{"name":"wp","href":"https:\/\/api.w.org\/{rel}","templated":true}]}}