{"id":2306,"date":"2017-03-09T18:05:20","date_gmt":"2017-03-09T18:05:20","guid":{"rendered":"https:\/\/sites.bc.edu\/jesuitportal-recovery\/?page_id=2306"},"modified":"2021-03-23T00:27:07","modified_gmt":"2021-03-23T00:27:07","slug":"march-2017-new-companion-to-jesuit-mysticism","status":"publish","type":"page","link":"https:\/\/sites.bc.edu\/jesuitportal-recovery\/?page_id=2306","title":{"rendered":"March 2017: New Companion to Jesuit Mysticism"},"content":{"rendered":"<p>Brill has published <a href=\"https:\/\/brill.com\/view\/title\/32704\" target=\"_blank\" rel=\"noopener noreferrer\"><strong><em>A Companion to Jesuit Mysticism<\/em><\/strong><\/a>, edited by Robert Maryks, a collection of thirteen essays on the mystical tradition of the Society of Jesus. According to Brill, this tradition is a &#8220;somewhat neglected aspect of Jesuit historiography.&#8221; Several key figures in the Jesuit mystical tradition are examined, from\u00a0Baltasar \u00c1lvarez to Louis Lallemant to Hugo Makibi Enomiya-Lassalle.<\/p>\n<p>&nbsp;<\/p>\n<p>In addition to an introduction by Maryks, the volume contains the following chapters:<\/p>\n<ul>\n<li>The Mysticism of Saint Ignatius of Loyola, by\u00a0Darcy Donahue<\/li>\n<\/ul>\n<ul>\n<li>A Controversial Mystic: Father Baltasar \u00c1lvarez, by Manuel Ruiz Jurado, S.J.<\/li>\n<\/ul>\n<ul>\n<li>The Mystical Theology of Luis de la Puente, by Rady Rold\u00e1n-Figueroa<\/li>\n<\/ul>\n<ul>\n<li>Achille Gagliardi and the Northern Mystics, by Rob Faesen, translated by John Arblaster and edited by Timothy Page<\/li>\n<\/ul>\n<ul>\n<li>Louis Lallemant and his Doctrine spirituelle: Myths and Facts, by Tibor Bart\u00f3k, S.J.<\/li>\n<\/ul>\n<ul>\n<li>Mysticism as an Existential Crisis: Jean-Joseph Surin, by Moshe Sluhovsky<\/li>\n<\/ul>\n<ul>\n<li>Claude La Colombi\u00e8re (1641\u201382), Marguerite-Marie Alacoque (1647\u201390), and Devotion to the Sacred Heart, by William P. O\u2019Brien, S.J.<\/li>\n<\/ul>\n<ul>\n<li>Jean-Pierre de Caussade and the Caussadian Corpus, by Wendy M. Wright<\/li>\n<\/ul>\n<ul>\n<li>Science as a Mystical Quest: Pierre Teilhard de Chardin, by Fran\u00e7ois Euv\u00e9, S.J.<\/li>\n<\/ul>\n<ul>\n<li>\u201cThe Witness to These Witnesses\u201d: Henri Bremond, by Fran\u00e7ois Tr\u00e9moli\u00e8res<\/li>\n<\/ul>\n<ul>\n<li>Henri de Lubac (1896\u20131991) and Contemporary Mystical Theology, by Andrew Prevot<\/li>\n<\/ul>\n<ul>\n<li>Karl Rahner (1904\u201384) and His Mystical Theology, by Harvey D. Egan, S.J.<\/li>\n<\/ul>\n<ul>\n<li>Hugo M. Enomiya-Lassalle: Zen-Enlightenment and Christianity, by Ursula Baatz<\/li>\n<\/ul>\n<p>&nbsp;<\/p>\n","protected":false},"excerpt":{"rendered":"<p>Brill has published A Companion to Jesuit Mysticism, edited by Robert Maryks, a collection of thirteen essays on the mystical tradition of the Society of Jesus. According to Brill, this tradition is a &#8220;somewhat neglected aspect of Jesuit historiography.&#8221; Several key figures in the Jesuit mystical tradition are examined, from\u00a0Baltasar \u00c1lvarez to Louis Lallemant to [&hellip;]<\/p>\n","protected":false},"author":127185,"featured_media":4881,"parent":888,"menu_order":0,"comment_status":"closed","ping_status":"closed","template":"page-standard.php","meta":{"footnotes":""},"class_list":["post-2306","page","type-page","status-publish","has-post-thumbnail","hentry"],"_links":{"self":[{"href":"https:\/\/sites.bc.edu\/jesuitportal-recovery\/index.php?rest_route=\/wp\/v2\/pages\/2306","targetHints":{"allow":["GET"]}}],"collection":[{"href":"https:\/\/sites.bc.edu\/jesuitportal-recovery\/index.php?rest_route=\/wp\/v2\/pages"}],"about":[{"href":"https:\/\/sites.bc.edu\/jesuitportal-recovery\/index.php?rest_route=\/wp\/v2\/types\/page"}],"author":[{"embeddable":true,"href":"https:\/\/sites.bc.edu\/jesuitportal-recovery\/index.php?rest_route=\/wp\/v2\/users\/127185"}],"replies":[{"embeddable":true,"href":"https:\/\/sites.bc.edu\/jesuitportal-recovery\/index.php?rest_route=%2Fwp%2Fv2%2Fcomments&post=2306"}],"version-history":[{"count":3,"href":"https:\/\/sites.bc.edu\/jesuitportal-recovery\/index.php?rest_route=\/wp\/v2\/pages\/2306\/revisions"}],"predecessor-version":[{"id":5923,"href":"https:\/\/sites.bc.edu\/jesuitportal-recovery\/index.php?rest_route=\/wp\/v2\/pages\/2306\/revisions\/5923"}],"up":[{"embeddable":true,"href":"https:\/\/sites.bc.edu\/jesuitportal-recovery\/index.php?rest_route=\/wp\/v2\/pages\/888"}],"wp:featuredmedia":[{"embeddable":true,"href":"https:\/\/sites.bc.edu\/jesuitportal-recovery\/index.php?rest_route=\/wp\/v2\/media\/4881"}],"wp:attachment":[{"href":"https:\/\/sites.bc.edu\/jesuitportal-recovery\/index.php?rest_route=%2Fwp%2Fv2%2Fmedia&parent=2306"}],"curies":[{"name":"wp","href":"https:\/\/api.w.org\/{rel}","templated":true}]}}