{"id":1277,"date":"2014-11-15T14:41:00","date_gmt":"2014-11-15T14:41:00","guid":{"rendered":"https:\/\/sites.bc.edu\/jesuitportal-recovery\/?page_id=1277"},"modified":"2021-03-22T23:50:54","modified_gmt":"2021-03-22T23:50:54","slug":"november-2014-suarez-companion-available","status":"publish","type":"page","link":"https:\/\/sites.bc.edu\/jesuitportal-recovery\/?page_id=1277","title":{"rendered":"November 2014: Suarez Companion Available"},"content":{"rendered":"<p><span style=\"font-weight: 400;\">Victor Salas and Robert Fastiggi have edited\u00a0<\/span><strong><a href=\"https:\/\/doi.org\/10.1163\/9789004283930\" target=\"_blank\" rel=\"noopener noreferrer\"><i>A Companion to Francisco Suarez<\/i><\/a><\/strong><span style=\"font-weight: 400;\">, a detailed examination of the Jesuit\u2019s philosophical and theological scholasticism. Published through Brill, the volume fourteen essays:<\/span><\/p>\n<ul>\n<li style=\"font-weight: 400;\"><span style=\"font-weight: 400;\">Introduction: Francisco Su\u00e1rez, the Man and His Work, by Victor Salas and Robert Fastigg; <\/span><\/li>\n<\/ul>\n<ul>\n<li style=\"font-weight: 400;\"><span style=\"font-weight: 400;\">Political Thought and Legal Theory in Su\u00e1rez, by Jean-Paul Coujou; <\/span><\/li>\n<\/ul>\n<ul>\n<li style=\"font-weight: 400;\"><span style=\"font-weight: 400;\">Su\u00e1rez, Heidegger, and Contemporary Metaphysics, by Jean-Fran\u00e7ois Courtine; <\/span><\/li>\n<\/ul>\n<ul>\n<li style=\"font-weight: 400;\"><span style=\"font-weight: 400;\">Su\u00e1rez on the Subject of Metaphysics, by Rolf Darge; <\/span><\/li>\n<\/ul>\n<ul>\n<li style=\"font-weight: 400;\"><span style=\"font-weight: 400;\">Su\u00e1rez and the Baroque Matrix of Modern Thought, by Costantino Esposito; <\/span><\/li>\n<\/ul>\n<ul>\n<li style=\"font-weight: 400;\"><span style=\"font-weight: 400;\">Francisco Su\u00e1rez as Dogmatic Theologian, by Robert Fastiggi; <\/span><\/li>\n<\/ul>\n<ul>\n<li style=\"font-weight: 400;\"><span style=\"font-weight: 400;\">Su\u00e1rez on the Metaphysics and Epistemology of Universals, by Daniel Heider; <\/span><\/li>\n<\/ul>\n<ul>\n<li style=\"font-weight: 400;\"><span style=\"font-weight: 400;\">Su\u00e1rez\u2019s Psychology, by Simo Knuuttila; <\/span><\/li>\n<\/ul>\n<ul>\n<li style=\"font-weight: 400;\"><span style=\"font-weight: 400;\">Su\u00e1rez\u2019s Influence on Protestant Scholasticism: The Cases of Hollaz and Turret\u00edn, by John Kronen; <\/span><\/li>\n<\/ul>\n<ul>\n<li style=\"font-weight: 400;\"><span style=\"font-weight: 400;\">Su\u00e1rez on Beings of Reason, by Daniel Novotn\u00fd; <\/span><\/li>\n<\/ul>\n<ul>\n<li style=\"font-weight: 400;\"><span style=\"font-weight: 400;\">Su\u00e1rez and the Natural Law, by Paul Pace; <\/span><\/li>\n<\/ul>\n<ul>\n<li style=\"font-weight: 400;\"><span style=\"font-weight: 400;\">Original Features of Su\u00e1rez\u2019s Thought, by Jos\u00e9 Pereira; <\/span><\/li>\n<\/ul>\n<ul>\n<li style=\"font-weight: 400;\"><span style=\"font-weight: 400;\">Su\u00e1rez\u2019s Doctrine of Concepts: How Divine and Human Intellection are Intertwined, by Michael Renemann; <\/span><\/li>\n<\/ul>\n<ul>\n<li style=\"font-weight: 400;\"><span style=\"font-weight: 400;\">Between Thomism and Scotism: Francisco Su\u00e1rez on the Analogy of Being, by Victor Salas. <\/span><\/li>\n<\/ul>\n<p>&nbsp;<\/p>\n","protected":false},"excerpt":{"rendered":"<p>Victor Salas and Robert Fastiggi have edited\u00a0A Companion to Francisco Suarez, a detailed examination of the Jesuit\u2019s philosophical and theological scholasticism. Published through Brill, the volume fourteen essays: Introduction: Francisco Su\u00e1rez, the Man and His Work, by Victor Salas and Robert Fastigg; Political Thought and Legal Theory in Su\u00e1rez, by Jean-Paul Coujou; Su\u00e1rez, Heidegger, and [&hellip;]<\/p>\n","protected":false},"author":127185,"featured_media":4927,"parent":888,"menu_order":0,"comment_status":"closed","ping_status":"closed","template":"page-standard.php","meta":{"footnotes":""},"class_list":["post-1277","page","type-page","status-publish","has-post-thumbnail","hentry"],"_links":{"self":[{"href":"https:\/\/sites.bc.edu\/jesuitportal-recovery\/index.php?rest_route=\/wp\/v2\/pages\/1277","targetHints":{"allow":["GET"]}}],"collection":[{"href":"https:\/\/sites.bc.edu\/jesuitportal-recovery\/index.php?rest_route=\/wp\/v2\/pages"}],"about":[{"href":"https:\/\/sites.bc.edu\/jesuitportal-recovery\/index.php?rest_route=\/wp\/v2\/types\/page"}],"author":[{"embeddable":true,"href":"https:\/\/sites.bc.edu\/jesuitportal-recovery\/index.php?rest_route=\/wp\/v2\/users\/127185"}],"replies":[{"embeddable":true,"href":"https:\/\/sites.bc.edu\/jesuitportal-recovery\/index.php?rest_route=%2Fwp%2Fv2%2Fcomments&post=1277"}],"version-history":[{"count":5,"href":"https:\/\/sites.bc.edu\/jesuitportal-recovery\/index.php?rest_route=\/wp\/v2\/pages\/1277\/revisions"}],"predecessor-version":[{"id":5914,"href":"https:\/\/sites.bc.edu\/jesuitportal-recovery\/index.php?rest_route=\/wp\/v2\/pages\/1277\/revisions\/5914"}],"up":[{"embeddable":true,"href":"https:\/\/sites.bc.edu\/jesuitportal-recovery\/index.php?rest_route=\/wp\/v2\/pages\/888"}],"wp:featuredmedia":[{"embeddable":true,"href":"https:\/\/sites.bc.edu\/jesuitportal-recovery\/index.php?rest_route=\/wp\/v2\/media\/4927"}],"wp:attachment":[{"href":"https:\/\/sites.bc.edu\/jesuitportal-recovery\/index.php?rest_route=%2Fwp%2Fv2%2Fmedia&parent=1277"}],"curies":[{"name":"wp","href":"https:\/\/api.w.org\/{rel}","templated":true}]}}